{"id":38,"date":"2014-05-14T08:15:59","date_gmt":"2014-05-14T08:15:59","guid":{"rendered":"http:\/\/institucional.us.es\/orquesta\/?page_id=38"},"modified":"2023-03-20T16:50:03","modified_gmt":"2023-03-20T16:50:03","slug":"los-musicos","status":"publish","type":"page","link":"https:\/\/institucional.us.es\/orquesta\/los-musicos\/","title":{"rendered":"Los m\u00fasicos"},"content":{"rendered":"\t\t<div data-elementor-type=\"wp-page\" data-elementor-id=\"38\" class=\"elementor elementor-38\">\n\t\t\t\t\t\t<section class=\"elementor-section elementor-top-section elementor-element elementor-element-3ce1d3f7 elementor-section-boxed elementor-section-height-default elementor-section-height-default\" data-id=\"3ce1d3f7\" data-element_type=\"section\" data-e-type=\"section\">\n\t\t\t\t\t\t<div class=\"elementor-container elementor-column-gap-default\">\n\t\t\t\t\t<div class=\"elementor-column elementor-col-100 elementor-top-column elementor-element elementor-element-3d4934e5\" data-id=\"3d4934e5\" data-element_type=\"column\" data-e-type=\"column\">\n\t\t\t<div class=\"elementor-widget-wrap elementor-element-populated\">\n\t\t\t\t\t\t<div class=\"elementor-element elementor-element-1c1de09 elementor-widget elementor-widget-heading\" data-id=\"1c1de09\" data-element_type=\"widget\" data-e-type=\"widget\" data-widget_type=\"heading.default\">\n\t\t\t\t<div class=\"elementor-widget-container\">\n\t\t\t\t\t<h1 class=\"elementor-heading-title elementor-size-default\">LOS M\u00daSICOS<\/h1>\t\t\t\t<\/div>\n\t\t\t\t<\/div>\n\t\t\t\t<div class=\"elementor-element elementor-element-3effbea elementor-widget elementor-widget-text-editor\" data-id=\"3effbea\" data-element_type=\"widget\" data-e-type=\"widget\" data-widget_type=\"text-editor.default\">\n\t\t\t\t<div class=\"elementor-widget-container\">\n\t\t\t\t\t\t\t\t\t<p>Los m\u00fasicos integrantes de la orquesta son\u00a0seleccionados de entre los:<\/p><p>-Alumnos de grado del Conservatorio Superior de M\u00fasica Manuel Castillo<\/p><p>-Alumnos eventualmente de cualquier estudio de grado o postgrado de car\u00e1cter musical que pueda impartir la Universidad de Sevilla<\/p><p>-Alumnos de otros centros que cursen sus estudios en el Conservatorio Superior de M\u00fasica Manuel Castillo<\/p><p>-Alumnos de la Universidad de Sevilla que superen las correspondientes pruebas de nivel<\/p><p>-Refuerzos en funci\u00f3n de las necesidades de cada programa. (exentos de la realizaci\u00f3n de la prueba de nivel)<\/p><p>Dado el car\u00e1cter acad\u00e9mico de la orquesta, la selecci\u00f3n como m\u00fasico de la misma no conlleva\u00a0relaci\u00f3n contractual o funcionarial, ni remuneraci\u00f3n alguna por parte de la Universidad de Sevilla o el Conservatorio Superior de M\u00fasica Manuel Castillo, excepto los refuerzos profesionales contratados puntualmente al efecto.<\/p><p>Las convocatorias de pruebas de nivel son\u00a0publicadas con suficiente antelaci\u00f3n en el tabl\u00f3n de anuncios y en la p\u00e1gina web de ambas instituciones, y deber\u00e1n estar abiertas a todos los candidatos que cumplan los requisitos de admisi\u00f3n.<\/p><p>Ambas instituciones certifican\u00a0conjuntamente y de forma anual la colaboraci\u00f3n de los m\u00fasicos participantes, de entre los que el director titular selecciona\u00a0la plantilla necesaria para cada encuentro o concierto.<\/p>\t\t\t\t\t\t\t\t<\/div>\n\t\t\t\t<\/div>\n\t\t\t\t<div class=\"elementor-element elementor-element-239491e elementor-widget elementor-widget-image\" data-id=\"239491e\" data-element_type=\"widget\" data-e-type=\"widget\" data-widget_type=\"image.default\">\n\t\t\t\t<div class=\"elementor-widget-container\">\n\t\t\t\t\t\t\t\t\t\t\t\t\t\t\t<img fetchpriority=\"high\" decoding=\"async\" width=\"1024\" height=\"484\" src=\"https:\/\/institucional.us.es\/orquesta\/wp-content\/uploads\/2014\/05\/IMG_20230119_111205-1024x484.jpg\" class=\"attachment-large size-large wp-image-3041\" alt=\"\" srcset=\"https:\/\/institucional.us.es\/orquesta\/wp-content\/uploads\/2014\/05\/IMG_20230119_111205-1024x484.jpg 1024w, https:\/\/institucional.us.es\/orquesta\/wp-content\/uploads\/2014\/05\/IMG_20230119_111205-300x142.jpg 300w\" sizes=\"(max-width: 1024px) 100vw, 1024px\" \/>\t\t\t\t\t\t\t\t\t\t\t\t\t\t\t<\/div>\n\t\t\t\t<\/div>\n\t\t\t\t\t<\/div>\n\t\t<\/div>\n\t\t\t\t\t<\/div>\n\t\t<\/section>\n\t\t\t\t<\/div>\n\t\t","protected":false},"excerpt":{"rendered":"<p>LOS M\u00daSICOS Los m\u00fasicos integrantes de la orquesta son\u00a0seleccionados de entre los: -Alumnos de grado del Conservatorio Superior de M\u00fasica Manuel Castillo -Alumnos eventualmente de cualquier estudio de grado o postgrado de car\u00e1cter musical que pueda impartir la Universidad de Sevilla -Alumnos de otros centros que cursen sus estudios en el Conservatorio Superior de M\u00fasica [&hellip;]<\/p>\n","protected":false},"author":3,"featured_media":0,"parent":0,"menu_order":0,"comment_status":"closed","ping_status":"open","template":"","meta":{"site-sidebar-layout":"default","site-content-layout":"default","ast-site-content-layout":"default","site-content-style":"default","site-sidebar-style":"default","ast-global-header-display":"","ast-banner-title-visibility":"","ast-main-header-display":"","ast-hfb-above-header-display":"","ast-hfb-below-header-display":"","ast-hfb-mobile-header-display":"","site-post-title":"","ast-breadcrumbs-content":"","ast-featured-img":"","footer-sml-layout":"","ast-disable-related-posts":"","theme-transparent-header-meta":"default","adv-header-id-meta":"","stick-header-meta":"","header-above-stick-meta":"","header-main-stick-meta":"","header-below-stick-meta":"","astra-migrate-meta-layouts":"default","ast-page-background-enabled":"default","ast-page-background-meta":{"desktop":{"background-color":"","background-image":"","background-repeat":"repeat","background-position":"center center","background-size":"auto","background-attachment":"scroll","background-type":"","background-media":"","overlay-type":"","overlay-color":"","overlay-opacity":"","overlay-gradient":""},"tablet":{"background-color":"","background-image":"","background-repeat":"repeat","background-position":"center center","background-size":"auto","background-attachment":"scroll","background-type":"","background-media":"","overlay-type":"","overlay-color":"","overlay-opacity":"","overlay-gradient":""},"mobile":{"background-color":"","background-image":"","background-repeat":"repeat","background-position":"center center","background-size":"auto","background-attachment":"scroll","background-type":"","background-media":"","overlay-type":"","overlay-color":"","overlay-opacity":"","overlay-gradient":""}},"ast-content-background-meta":{"desktop":{"background-color":"var(--ast-global-color-5)","background-image":"","background-repeat":"repeat","background-position":"center center","background-size":"auto","background-attachment":"scroll","background-type":"","background-media":"","overlay-type":"","overlay-color":"","overlay-opacity":"","overlay-gradient":""},"tablet":{"background-color":"var(--ast-global-color-5)","background-image":"","background-repeat":"repeat","background-position":"center center","background-size":"auto","background-attachment":"scroll","background-type":"","background-media":"","overlay-type":"","overlay-color":"","overlay-opacity":"","overlay-gradient":""},"mobile":{"background-color":"var(--ast-global-color-5)","background-image":"","background-repeat":"repeat","background-position":"center center","background-size":"auto","background-attachment":"scroll","background-type":"","background-media":"","overlay-type":"","overlay-color":"","overlay-opacity":"","overlay-gradient":""}},"footnotes":""},"class_list":["post-38","page","type-page","status-publish","hentry"],"_links":{"self":[{"href":"https:\/\/institucional.us.es\/orquesta\/wp-json\/wp\/v2\/pages\/38","targetHints":{"allow":["GET"]}}],"collection":[{"href":"https:\/\/institucional.us.es\/orquesta\/wp-json\/wp\/v2\/pages"}],"about":[{"href":"https:\/\/institucional.us.es\/orquesta\/wp-json\/wp\/v2\/types\/page"}],"author":[{"embeddable":true,"href":"https:\/\/institucional.us.es\/orquesta\/wp-json\/wp\/v2\/users\/3"}],"replies":[{"embeddable":true,"href":"https:\/\/institucional.us.es\/orquesta\/wp-json\/wp\/v2\/comments?post=38"}],"version-history":[{"count":19,"href":"https:\/\/institucional.us.es\/orquesta\/wp-json\/wp\/v2\/pages\/38\/revisions"}],"predecessor-version":[{"id":3757,"href":"https:\/\/institucional.us.es\/orquesta\/wp-json\/wp\/v2\/pages\/38\/revisions\/3757"}],"wp:attachment":[{"href":"https:\/\/institucional.us.es\/orquesta\/wp-json\/wp\/v2\/media?parent=38"}],"curies":[{"name":"wp","href":"https:\/\/api.w.org\/{rel}","templated":true}]}}