{"id":3902,"date":"2023-05-23T09:08:41","date_gmt":"2023-05-23T09:08:41","guid":{"rendered":"https:\/\/institucional.us.es\/orquesta\/?page_id=3902"},"modified":"2023-05-23T09:09:00","modified_gmt":"2023-05-23T09:09:00","slug":"plantilla-concierto5-osc-temporada-xii","status":"publish","type":"page","link":"https:\/\/institucional.us.es\/orquesta\/plantilla-concierto5-osc-temporada-xii\/","title":{"rendered":"Plantilla Concierto#5 OSC &#8211; Temporada XII"},"content":{"rendered":"<p><strong>CONCIERTO <\/strong><strong>#5 OSC. Teatro Los Remedios<\/strong><\/p>\n<p><strong>INTEGRANTES DE LA OSC EN ESTE CONCIERTO<\/strong><\/p>\n<p><strong>\u00a0<\/strong><\/p>\n<p><strong>PICCOLO<\/strong><\/p>\n<p>M\u00aa \u00c1ngeles Cabrera<\/p>\n<p>Alba P\u00e9rez<\/p>\n<p>\u00c1ngela Torres<\/p>\n<p><strong>\u00a0<\/strong><\/p>\n<p><strong>FLAUTA<\/strong><\/p>\n<p>Silvia S\u00e1nchez<\/p>\n<p>M\u00aa \u00c1ngeles Cabrera<\/p>\n<p>Susana Mart\u00edn<\/p>\n<p>Marina Cejudo<\/p>\n<p>Adrian J\u00f3dar<\/p>\n<p><strong>\u00a0<\/strong><\/p>\n<p><strong>OBOE<\/strong><\/p>\n<p>Victoria Munuera<\/p>\n<p>Nuria P\u00edriz<\/p>\n<p>M\u00aa \u00c1ngeles Molina<\/p>\n<p>\u00c1ngel D\u00edaz<\/p>\n<p>Ana M\u00aa Bravo<\/p>\n<p>Jos\u00e9 Luis Gonz\u00e1lez<\/p>\n<p><strong>\u00a0<\/strong><\/p>\n<p><strong>CORNO INGL\u00c9S<\/strong><\/p>\n<p>Victoria Montes<\/p>\n<p><strong>\u00a0<\/strong><\/p>\n<p><strong>REQUINTO<\/strong><\/p>\n<p>Miguel \u00c1ngel Contreras<\/p>\n<p><strong>\u00a0<\/strong><\/p>\n<p><strong>CLARINETE<\/strong><\/p>\n<p>Pablo Forte<\/p>\n<p>Javier Albarr\u00e1n<\/p>\n<p>Cristina Laseca<\/p>\n<p>Juana Gonz\u00e1lez<\/p>\n<p>Pedro Juan Mart\u00edn<\/p>\n<p>Marco Garrido<\/p>\n<p>Gloria Cruzado<\/p>\n<p>Jos\u00e9 \u00c1ngel Tirado<\/p>\n<p>\u00c1lvaro Barriga<\/p>\n<p>Gonzalo Camacho<\/p>\n<p>Marta L\u00f3pez<\/p>\n<p>Joaqu\u00edn Vera<\/p>\n<p>Alfonso Romero<\/p>\n<p>Mar\u00eda Gonz\u00e1lez<\/p>\n<p>Mar\u00eda P\u00e9rez<\/p>\n<p>Ignacio Caicedo<\/p>\n<p>Carolina Leal<\/p>\n<p>Pablo Olvera<\/p>\n<p>Francisco Javier Alonso<\/p>\n<p>M\u00aa Luisa Rodr\u00edguez<\/p>\n<p>David P\u00e9rez<\/p>\n<p><strong>\u00a0<\/strong><\/p>\n<p><strong>SAXOF\u00d3N<\/strong><\/p>\n<p>M\u00aa Mercedes Castro<\/p>\n<p>Eva Carmona<\/p>\n<p>M\u00aa de las Nieves Garc\u00eda<\/p>\n<p>Diego Tacoronte<\/p>\n<p>Luc\u00eda Mart\u00edn<\/p>\n<p>Alejandro P\u00e9rez<\/p>\n<p>Inocente G\u00f3mez<\/p>\n<p>Marina Barbosa<\/p>\n<p>Jos\u00e9 G\u00f3mez<\/p>\n<p><strong>\u00a0<\/strong><\/p>\n<p><strong>FAGOT<\/strong><\/p>\n<p>V\u00edctor Manuel Fern\u00e1ndez<\/p>\n<p>Juan Cordero<\/p>\n<p>Pablo Vel\u00e1zquez<\/p>\n<p>Manuel Mart\u00edn<\/p>\n<p><strong>\u00a0<\/strong><\/p>\n<p><strong>TROMPA<\/strong><\/p>\n<p>Laura Ruiz<\/p>\n<p>Aurora Mar\u00eda Moreno<\/p>\n<p>Ana Laura Falc\u00f3n<\/p>\n<p>Mario Pi\u00f1ero<\/p>\n<p>Miguel Ortega<\/p>\n<p>Mar\u00eda Hoya<\/p>\n<p>Marcos Mart\u00edn<\/p>\n<p>A\u00edda Tejada<\/p>\n<p>Alejandro Barba<\/p>\n<p>Magdalena Rold\u00e1n<\/p>\n<p><strong>\u00a0<\/strong><\/p>\n<p><strong>TROMPETA<\/strong><\/p>\n<p>Juan Miguel Chamizo<\/p>\n<p>Nuria Cantero<\/p>\n<p>Ferm\u00edn Vicente Moya<\/p>\n<p>Magdalena Barranco<\/p>\n<p>Alejandro Carrasco<\/p>\n<p>Sebasti\u00e1n Aguilar<\/p>\n<p>Rafael de Tovar<\/p>\n<p>Alberto Francisco Garc\u00eda<\/p>\n<p><strong>\u00a0<\/strong><\/p>\n<p><strong>BOMBARDINO<\/strong><\/p>\n<p>Marco Rodr\u00edguez Pires<\/p>\n<p>Rafael Array\u00e1s<\/p>\n<p>Claudia Santana<\/p>\n<p><strong>\u00a0<\/strong><\/p>\n<p><strong>TROMB\u00d3N<\/strong><\/p>\n<p>Manuel Romero<\/p>\n<p>\u00c1ngel Le\u00f3n<\/p>\n<p>Alejandro Luque<\/p>\n<p>Rafael Carballar<\/p>\n<p>Juan Ramos<\/p>\n<p>Jared Galante<\/p>\n<p>Gonzalo Luque<\/p>\n<p>David Daza<\/p>\n<p>Juan Carlos Ruiz<\/p>\n<p><strong>\u00a0<\/strong><\/p>\n<p><strong>TUBA<\/strong><\/p>\n<p>Jos\u00e9 Manuel L\u00f3pez<\/p>\n<p><strong>\u00a0<\/strong><\/p>\n<p><strong>CONTRABAJO<\/strong><\/p>\n<p>Luc\u00eda Rom\u00e1n<\/p>\n<p>Isabel Mart\u00ednez<\/p>\n<p><strong>\u00a0<\/strong><\/p>\n<p><strong>PERCUSI\u00d3N<\/strong><\/p>\n<p>Manuel P\u00e9rez<\/p>\n<p>Pablo Escudero<\/p>\n<p>Francisco Cort\u00e9s<\/p>\n<p>Jos\u00e9 Carlos Romero<\/p>\n<p>V\u00edctor Manzana<\/p>\n<p>Jordi Tur<\/p>\n","protected":false},"excerpt":{"rendered":"<p>CONCIERTO #5 OSC. Teatro Los Remedios INTEGRANTES DE LA OSC EN ESTE CONCIERTO \u00a0 PICCOLO M\u00aa \u00c1ngeles Cabrera Alba P\u00e9rez \u00c1ngela Torres \u00a0 FLAUTA Silvia S\u00e1nchez M\u00aa \u00c1ngeles Cabrera Susana Mart\u00edn Marina Cejudo Adrian J\u00f3dar \u00a0 OBOE Victoria Munuera Nuria P\u00edriz M\u00aa \u00c1ngeles Molina \u00c1ngel D\u00edaz Ana M\u00aa Bravo Jos\u00e9 Luis Gonz\u00e1lez \u00a0 CORNO INGL\u00c9S [&hellip;]<\/p>\n","protected":false},"author":3,"featured_media":0,"parent":0,"menu_order":0,"comment_status":"closed","ping_status":"closed","template":"","meta":{"site-sidebar-layout":"default","site-content-layout":"default","ast-site-content-layout":"default","site-content-style":"default","site-sidebar-style":"default","ast-global-header-display":"","ast-banner-title-visibility":"","ast-main-header-display":"","ast-hfb-above-header-display":"","ast-hfb-below-header-display":"","ast-hfb-mobile-header-display":"","site-post-title":"","ast-breadcrumbs-content":"","ast-featured-img":"","footer-sml-layout":"","ast-disable-related-posts":"","theme-transparent-header-meta":"default","adv-header-id-meta":"","stick-header-meta":"","header-above-stick-meta":"","header-main-stick-meta":"","header-below-stick-meta":"","astra-migrate-meta-layouts":"default","ast-page-background-enabled":"default","ast-page-background-meta":{"desktop":{"background-color":"","background-image":"","background-repeat":"repeat","background-position":"center center","background-size":"auto","background-attachment":"scroll","background-type":"","background-media":"","overlay-type":"","overlay-color":"","overlay-opacity":"","overlay-gradient":""},"tablet":{"background-color":"","background-image":"","background-repeat":"repeat","background-position":"center center","background-size":"auto","background-attachment":"scroll","background-type":"","background-media":"","overlay-type":"","overlay-color":"","overlay-opacity":"","overlay-gradient":""},"mobile":{"background-color":"","background-image":"","background-repeat":"repeat","background-position":"center center","background-size":"auto","background-attachment":"scroll","background-type":"","background-media":"","overlay-type":"","overlay-color":"","overlay-opacity":"","overlay-gradient":""}},"ast-content-background-meta":{"desktop":{"background-color":"var(--ast-global-color-5)","background-image":"","background-repeat":"repeat","background-position":"center center","background-size":"auto","background-attachment":"scroll","background-type":"","background-media":"","overlay-type":"","overlay-color":"","overlay-opacity":"","overlay-gradient":""},"tablet":{"background-color":"var(--ast-global-color-5)","background-image":"","background-repeat":"repeat","background-position":"center center","background-size":"auto","background-attachment":"scroll","background-type":"","background-media":"","overlay-type":"","overlay-color":"","overlay-opacity":"","overlay-gradient":""},"mobile":{"background-color":"var(--ast-global-color-5)","background-image":"","background-repeat":"repeat","background-position":"center center","background-size":"auto","background-attachment":"scroll","background-type":"","background-media":"","overlay-type":"","overlay-color":"","overlay-opacity":"","overlay-gradient":""}},"footnotes":""},"class_list":["post-3902","page","type-page","status-publish","hentry"],"_links":{"self":[{"href":"https:\/\/institucional.us.es\/orquesta\/wp-json\/wp\/v2\/pages\/3902","targetHints":{"allow":["GET"]}}],"collection":[{"href":"https:\/\/institucional.us.es\/orquesta\/wp-json\/wp\/v2\/pages"}],"about":[{"href":"https:\/\/institucional.us.es\/orquesta\/wp-json\/wp\/v2\/types\/page"}],"author":[{"embeddable":true,"href":"https:\/\/institucional.us.es\/orquesta\/wp-json\/wp\/v2\/users\/3"}],"replies":[{"embeddable":true,"href":"https:\/\/institucional.us.es\/orquesta\/wp-json\/wp\/v2\/comments?post=3902"}],"version-history":[{"count":2,"href":"https:\/\/institucional.us.es\/orquesta\/wp-json\/wp\/v2\/pages\/3902\/revisions"}],"predecessor-version":[{"id":3907,"href":"https:\/\/institucional.us.es\/orquesta\/wp-json\/wp\/v2\/pages\/3902\/revisions\/3907"}],"wp:attachment":[{"href":"https:\/\/institucional.us.es\/orquesta\/wp-json\/wp\/v2\/media?parent=3902"}],"curies":[{"name":"wp","href":"https:\/\/api.w.org\/{rel}","templated":true}]}}