{"id":3908,"date":"2023-05-23T09:11:11","date_gmt":"2023-05-23T09:11:11","guid":{"rendered":"https:\/\/institucional.us.es\/orquesta\/?page_id=3908"},"modified":"2023-05-23T09:11:11","modified_gmt":"2023-05-23T09:11:11","slug":"plantilla-concierto6-osc-temporada-xii","status":"publish","type":"page","link":"https:\/\/institucional.us.es\/orquesta\/plantilla-concierto6-osc-temporada-xii\/","title":{"rendered":"Plantilla Concierto#6 OSC &#8211; Temporada XII"},"content":{"rendered":"<p><strong>CONCIERTO#6 OSC &#8211; Temporada XII<\/strong><\/p>\n<p>EN ESTE CONCIERTO<\/p>\n<p>&nbsp;<\/p>\n<p><strong>FLAUTAS<\/strong><br \/>\nClaudia Yepes<br \/>\nManuel Jes\u00fas Castro<\/p>\n<p><strong>OBOES<\/strong><br \/>\nMar\u00eda Victoria Munuera<br \/>\nMar\u00eda \u00c1ngeles Molina<\/p>\n<p><strong>CLARINETES<\/strong><br \/>\nMarco Garrido<br \/>\nMiguel \u00c1ngel Contreras<\/p>\n<p><strong>FAGOTES<\/strong><br \/>\nMar\u00eda Guti\u00e9rrez<br \/>\nV\u00edctor Manuel Fern\u00e1ndez<\/p>\n<p><strong>TROMPAS<\/strong><br \/>\nMar\u00eda Hoya<br \/>\nAntonia G\u00f3mez<br \/>\nPablo Moreno<br \/>\nAurora Moreno<\/p>\n<p><strong>TROMPETAS<\/strong><br \/>\nAlejandro Carrasco<br \/>\nBeatriz Gonz\u00e1lez<\/p>\n<p><strong>TIMBALES<\/strong><br \/>\nPablo Berm\u00fadez<\/p>\n<p><strong>VIOLINES I<\/strong><br \/>\nNelly Romero<br \/>\nAna Crenes<br \/>\nAlejandro Gonz\u00e1lez<br \/>\nAna Ruda<br \/>\n\u00c1ngela Luis<br \/>\nMar\u00eda Barriga<br \/>\nCarmen Garc\u00eda<br \/>\nLennart Beck<br \/>\nMar\u00eda Merello<br \/>\nRafael D\u00edaz<br \/>\nMiguel Garc\u00eda<br \/>\nAlejandro Ruiz<br \/>\nBlanca Garc\u00eda<br \/>\nLuc\u00eda L\u00f3pez<br \/>\nMiguel Dom\u00ednguez<br \/>\nEloy P\u00e9rez<br \/>\nPedro Bravo<\/p>\n<p><strong>VIOLINES II<\/strong><br \/>\nAdriana Puentes<br \/>\nMar\u00eda Manzano<br \/>\nCarmen Montes<br \/>\nFrancisco M\u00e1rquez<br \/>\n\u00c1ngela Sojo<br \/>\nAnnika Helms<br \/>\nShaoke Zhou<br \/>\nBlanca Molina<br \/>\nFrancisco V\u00e1zquez<br \/>\nJonnathan Gonz\u00e1lez<br \/>\nJos\u00e9 Antonio Buz\u00f3n<br \/>\nNuria Chac\u00f3n<br \/>\nAna Albero<br \/>\nFrancisco Jos\u00e9 Campos<br \/>\nEsther L\u00f3pez<br \/>\n\u00c1ngela Calero<\/p>\n<p><strong>VIOLAS<\/strong><br \/>\nDiego Zagalaz<br \/>\nJuli\u00e1n Huete<br \/>\nDaniel Ortiz<br \/>\nAlejandro Mill\u00e1n<br \/>\nRa\u00fal Quesada<br \/>\nDesir\u00e9e Mart\u00ednez<br \/>\nFlorentina P\u00e9rez<br \/>\nJos\u00e9 Lastre<br \/>\n\u00c1lvaro Ramos<br \/>\nMichelangelo Giornetti<br \/>\nMarta Alfaro<br \/>\nMar\u00eda Mart\u00ednez<\/p>\n<p><strong>VIOLONCHELOS<\/strong><br \/>\nMario Camargo<br \/>\nInmaculada Olmo<br \/>\nAuxiliadora Bozada<br \/>\nMarina Guti\u00e9rrez<br \/>\nJaime Martos<br \/>\nPedro Samuel Montaner<br \/>\nMarina Garc\u00eda<br \/>\nLeonel Contreras<br \/>\nPilar Sheng Mart\u00edn<br \/>\nAdriana C\u00e9saro<br \/>\nJes\u00fas Garc\u00eda<br \/>\nRuben Honkanen<br \/>\nMarcos Villalba<\/p>\n<p><strong>CONTRABAJOS<\/strong><br \/>\nJuan Antonio Carmona<br \/>\nGuillermo Arrojo<br \/>\nIsabel Mart\u00ednez<br \/>\nLorenzo Salas<br \/>\nMarta Flores<br \/>\nVentura Rico<br \/>\nIv\u00e1n D\u00edaz<br \/>\nMar\u00eda Morales<\/p>\n","protected":false},"excerpt":{"rendered":"<p>CONCIERTO#6 OSC &#8211; Temporada XII EN ESTE CONCIERTO &nbsp; FLAUTAS Claudia Yepes Manuel Jes\u00fas Castro OBOES Mar\u00eda Victoria Munuera Mar\u00eda \u00c1ngeles Molina CLARINETES Marco Garrido Miguel \u00c1ngel Contreras FAGOTES Mar\u00eda Guti\u00e9rrez V\u00edctor Manuel Fern\u00e1ndez TROMPAS Mar\u00eda Hoya Antonia G\u00f3mez Pablo Moreno Aurora Moreno TROMPETAS Alejandro Carrasco Beatriz Gonz\u00e1lez TIMBALES Pablo Berm\u00fadez VIOLINES I Nelly Romero [&hellip;]<\/p>\n","protected":false},"author":3,"featured_media":0,"parent":0,"menu_order":0,"comment_status":"closed","ping_status":"closed","template":"","meta":{"site-sidebar-layout":"default","site-content-layout":"default","ast-site-content-layout":"default","site-content-style":"default","site-sidebar-style":"default","ast-global-header-display":"","ast-banner-title-visibility":"","ast-main-header-display":"","ast-hfb-above-header-display":"","ast-hfb-below-header-display":"","ast-hfb-mobile-header-display":"","site-post-title":"","ast-breadcrumbs-content":"","ast-featured-img":"","footer-sml-layout":"","ast-disable-related-posts":"","theme-transparent-header-meta":"default","adv-header-id-meta":"","stick-header-meta":"","header-above-stick-meta":"","header-main-stick-meta":"","header-below-stick-meta":"","astra-migrate-meta-layouts":"default","ast-page-background-enabled":"default","ast-page-background-meta":{"desktop":{"background-color":"","background-image":"","background-repeat":"repeat","background-position":"center center","background-size":"auto","background-attachment":"scroll","background-type":"","background-media":"","overlay-type":"","overlay-color":"","overlay-opacity":"","overlay-gradient":""},"tablet":{"background-color":"","background-image":"","background-repeat":"repeat","background-position":"center center","background-size":"auto","background-attachment":"scroll","background-type":"","background-media":"","overlay-type":"","overlay-color":"","overlay-opacity":"","overlay-gradient":""},"mobile":{"background-color":"","background-image":"","background-repeat":"repeat","background-position":"center center","background-size":"auto","background-attachment":"scroll","background-type":"","background-media":"","overlay-type":"","overlay-color":"","overlay-opacity":"","overlay-gradient":""}},"ast-content-background-meta":{"desktop":{"background-color":"var(--ast-global-color-5)","background-image":"","background-repeat":"repeat","background-position":"center center","background-size":"auto","background-attachment":"scroll","background-type":"","background-media":"","overlay-type":"","overlay-color":"","overlay-opacity":"","overlay-gradient":""},"tablet":{"background-color":"var(--ast-global-color-5)","background-image":"","background-repeat":"repeat","background-position":"center center","background-size":"auto","background-attachment":"scroll","background-type":"","background-media":"","overlay-type":"","overlay-color":"","overlay-opacity":"","overlay-gradient":""},"mobile":{"background-color":"var(--ast-global-color-5)","background-image":"","background-repeat":"repeat","background-position":"center center","background-size":"auto","background-attachment":"scroll","background-type":"","background-media":"","overlay-type":"","overlay-color":"","overlay-opacity":"","overlay-gradient":""}},"footnotes":""},"class_list":["post-3908","page","type-page","status-publish","hentry"],"_links":{"self":[{"href":"https:\/\/institucional.us.es\/orquesta\/wp-json\/wp\/v2\/pages\/3908","targetHints":{"allow":["GET"]}}],"collection":[{"href":"https:\/\/institucional.us.es\/orquesta\/wp-json\/wp\/v2\/pages"}],"about":[{"href":"https:\/\/institucional.us.es\/orquesta\/wp-json\/wp\/v2\/types\/page"}],"author":[{"embeddable":true,"href":"https:\/\/institucional.us.es\/orquesta\/wp-json\/wp\/v2\/users\/3"}],"replies":[{"embeddable":true,"href":"https:\/\/institucional.us.es\/orquesta\/wp-json\/wp\/v2\/comments?post=3908"}],"version-history":[{"count":1,"href":"https:\/\/institucional.us.es\/orquesta\/wp-json\/wp\/v2\/pages\/3908\/revisions"}],"predecessor-version":[{"id":3912,"href":"https:\/\/institucional.us.es\/orquesta\/wp-json\/wp\/v2\/pages\/3908\/revisions\/3912"}],"wp:attachment":[{"href":"https:\/\/institucional.us.es\/orquesta\/wp-json\/wp\/v2\/media?parent=3908"}],"curies":[{"name":"wp","href":"https:\/\/api.w.org\/{rel}","templated":true}]}}