{"id":4991,"date":"2024-05-10T12:23:16","date_gmt":"2024-05-10T12:23:16","guid":{"rendered":"https:\/\/institucional.us.es\/orquesta\/?page_id=4991"},"modified":"2024-05-10T12:28:20","modified_gmt":"2024-05-10T12:28:20","slug":"plantilla-concierto-6-temporada-xiii","status":"publish","type":"page","link":"https:\/\/institucional.us.es\/orquesta\/plantilla-concierto-6-temporada-xiii\/","title":{"rendered":"plantilla-concierto-6-temporada-xiii"},"content":{"rendered":"\t\t<div data-elementor-type=\"wp-page\" data-elementor-id=\"4991\" class=\"elementor elementor-4991\">\n\t\t\t\t\t\t<section class=\"elementor-section elementor-top-section elementor-element elementor-element-460041bd elementor-section-boxed elementor-section-height-default elementor-section-height-default\" data-id=\"460041bd\" data-element_type=\"section\" data-e-type=\"section\">\n\t\t\t\t\t\t<div class=\"elementor-container elementor-column-gap-default\">\n\t\t\t\t\t<div class=\"elementor-column elementor-col-100 elementor-top-column elementor-element elementor-element-2f78ab1f\" data-id=\"2f78ab1f\" data-element_type=\"column\" data-e-type=\"column\">\n\t\t\t<div class=\"elementor-widget-wrap elementor-element-populated\">\n\t\t\t\t\t\t<div class=\"elementor-element elementor-element-7a70ac7e elementor-widget elementor-widget-text-editor\" data-id=\"7a70ac7e\" data-element_type=\"widget\" data-e-type=\"widget\" data-widget_type=\"text-editor.default\">\n\t\t\t\t<div class=\"elementor-widget-container\">\n\t\t\t\t\t\t\t\t\t<p><strong>Concierto#6 OSC \u00b7 Temporada XIII<br><\/strong><\/p>\n<p><strong>10.05.2024. Auditorio ETS de Ingenier\u00eda <\/strong><\/p>\n<p>&nbsp;<\/p>\n<p><strong>OSC<\/strong><\/p>\n<p>Mario Camargo \u00b7 violonchelo<\/p>\n<p>Juan Garc\u00eda Rodr\u00edguez \u00b7 director<\/p>\n<p>&nbsp;<\/p>\n<p><strong>PLANTILLA<\/strong><\/p><p><strong>Flautas<\/strong><\/p>\n<p>Aurora Reguera Rivero<\/p>\n<p>Adri\u00e1n J\u00f3dar Berm\u00fadez<\/p>\n<p><strong>&nbsp;<\/strong><\/p>\n<p><strong>Oboes<\/strong><\/p>\n<p>Victoria Montes Mu\u00f1oz<\/p>\n<p>Nuria P\u00edriz Fern\u00e1ndez<\/p>\n<p>Bernab\u00e9 Arias Delgado<\/p>\n<p>Agust\u00edn Heredia Jurado<\/p>\n<p><strong>&nbsp;<\/strong><\/p>\n<p><strong>Clarinetes<\/strong><\/p>\n<p>Pablo Olvera Salvad\u00f3<\/p>\n<p>Lucas Bernal Sandoval<\/p>\n<p><strong>&nbsp;<\/strong><\/p>\n<p><strong>Fagotes<\/strong><\/p>\n<p>Carlos Gonz\u00e1lez Odriozola<\/p>\n<p>V\u00edctor Manuel Fern\u00e1ndez Montes<\/p>\n<p><strong>&nbsp;<\/strong><\/p>\n<p><strong>Trompas<\/strong><\/p>\n<p>Mar\u00eda Hoya<\/p>\n<p>Antonia G\u00f3mez Rodr\u00edguez<\/p>\n<p>David Berenjeno<\/p>\n<p>Luc\u00eda Gonz\u00e1lez<\/p>\n<p><strong>&nbsp;<\/strong><\/p>\n<p><strong>Trompetas<\/strong><\/p>\n<p>Jaime Gonz\u00e1lez Gonz\u00e1lez<\/p>\n<p>Alberto Francisco Garc\u00eda Villacillos<\/p>\n<p><strong>&nbsp;<\/strong><\/p>\n<p><strong>Trombones<\/strong><\/p>\n<p>Rafael Carballar Olmedo<\/p>\n<p>David Daza Reinoso<\/p>\n<p>Jared Galante Rodr\u00edguez<\/p>\n<p><strong>&nbsp;<\/strong><\/p>\n<p><strong>Timbales y Glockenspiel<\/strong><\/p>\n<p>Francisco Javier Cort\u00e9s Caro<\/p>\n<p>Alejandro Vallecillos Pradillo<\/p>\n<p><strong>&nbsp;<\/strong><\/p>\n<p><strong>Celesta<\/strong><\/p>\n<p>In\u00e9s Garz\u00f3n Laguillo<\/p>\n<p><strong>&nbsp;<\/strong><\/p>\n<p><strong>Violines I<\/strong><\/p>\n<p>Nelly Romero Aravena<\/p>\n<p>Ana Mar\u00eda Crenes Carrera<\/p>\n<p>Alejandro Ruiz Alex<\/p>\n<p>Alejandro Gonz\u00e1lvez Rodr\u00edguez<\/p>\n<p>Mar\u00eda Merello Clavijo<\/p>\n<p>Mar\u00eda Manzano Mart\u00ednez<\/p>\n<p>Natalija Ljubotina<\/p>\n<p>Pablo Biruk Abad<\/p>\n<p>Mar\u00eda Barriga P\u00e9rez<\/p>\n<p>Miguel Dom\u00ednguez P\u00e9rez<\/p>\n<p>Carmen Garc\u00eda Ruiz<\/p>\n<p>Eloy P\u00e9rez Fern\u00e1ndez<\/p>\n<p>Julia Rodr\u00edguez Algar\u00edn<\/p>\n<p>Rafael D\u00edaz Cod\u00f3n<\/p>\n<p>Pedro Bravo Aguilar<\/p>\n<p>\u00c1ngela Luis Rodr\u00edguez<\/p>\n<p><strong>&nbsp;<\/strong><\/p>\n<p><strong>Violines II<\/strong><\/p>\n<p>Miguel Garc\u00eda Aguilar<\/p>\n<p>Francisco Jos\u00e9 M\u00e1rquez L\u00f3pez<\/p>\n<p>Blanca Garc\u00eda Contreras<\/p>\n<p>Laura Mor\u00e1n Jarana<\/p>\n<p>Luc\u00eda Lorente Checa<\/p>\n<p>Olga Chernysheva<\/p>\n<p>Pedro Garc\u00eda Vargas<\/p>\n<p>Pablo S\u00e1nchez Valle<\/p>\n<p>Esther L\u00f3pez Vera<\/p>\n<p>Mar\u00eda Germ\u00e1n Rojas<\/p>\n<p>Francisco Jos\u00e9 Campos Fern\u00e1ndez<\/p>\n<p>Nuria Chac\u00f3n Dorante<\/p>\n<p>Denise Valmaseda de la Rosa<\/p>\n<p>Luc\u00eda L\u00f3pez Orta<\/p>\n<p>Shaoke Zhou<\/p>\n<p>Mar\u00eda del Mar Valenciano<\/p>\n<p><strong>&nbsp;<\/strong><\/p>\n<p><strong>Violas<\/strong><\/p>\n<p>Juli\u00e1n Huete Mart\u00ednez<\/p>\n<p>Daniel Ortiz Seco<\/p>\n<p>\u00c1lvaro Ramos Blanco<\/p>\n<p>\u00c1lvaro Ruiz Llopis<\/p>\n<p>F\u00e1tima Moga Garc\u00eda<\/p>\n<p>Desir\u00e9e Mart\u00ednez Clemente<\/p>\n<p>Jos\u00e9 Rodr\u00edguez Fuentes<\/p>\n<p>Mar\u00eda Mart\u00ednez \u00c1lvarez<\/p>\n<p>Ra\u00fal Quesada Gonz\u00e1lez<\/p>\n<p>Gloria Espada Carvallar<\/p>\n<p>Michelangelo Giornetti Medina<\/p>\n<p>Andr\u00e9s G\u00f3mez G\u00f3mez<\/p>\n<p>\u00c1ngela Calero<\/p>\n<p>Rosa Mar\u00eda Manzano Plaza<\/p>\n<p>Ariadna Carball\u00e1 S\u00e1nchez<\/p>\n<p><strong>&nbsp;<\/strong><\/p>\n<p><strong>Violonchelos<\/strong><\/p>\n<p>Marina Garc\u00eda<\/p>\n<p>Rafael Guti\u00e9rrez<\/p>\n<p>Marina Guti\u00e9rrez<\/p>\n<p>Jaime Garc\u00eda Cant\u00f3<\/p>\n<p>Inmaculada Olmo<\/p>\n<p>Elena Rodr\u00edguez<\/p>\n<p>Jes\u00fas Garc\u00eda<\/p>\n<p>Jaime Martos<\/p>\n<p>Adriana C\u00e9saro<\/p>\n<p>Leonel Contreras<\/p>\n<p>Irene Hern\u00e1ndez Sanz<\/p>\n<p>Miguel Romero Mateos<\/p>\n<p><strong>&nbsp;<\/strong><\/p>\n<p><strong>Contrabajos<\/strong><\/p>\n<p>Jos\u00e9 Lorenzo Salas<\/p>\n<p>Isabel Mart\u00ednez<\/p>\n<p>Juan Antonio Carmona<\/p>\n<p>Marta Flores<\/p>\n<p>Jorge Clares<\/p>\n<p>Luis Miguel Carrasco<\/p>\n<p>Luc\u00eda L\u00f3pez<\/p>\n<p>Lauren Nielsen<\/p>\t\t\t\t\t\t\t\t<\/div>\n\t\t\t\t<\/div>\n\t\t\t\t\t<\/div>\n\t\t<\/div>\n\t\t\t\t\t<\/div>\n\t\t<\/section>\n\t\t\t\t<\/div>\n\t\t","protected":false},"excerpt":{"rendered":"<p>Concierto#6 OSC \u00b7 Temporada XIII 10.05.2024. Auditorio ETS de Ingenier\u00eda &nbsp; OSC Mario Camargo \u00b7 violonchelo Juan Garc\u00eda Rodr\u00edguez \u00b7 director &nbsp; PLANTILLA Flautas Aurora Reguera Rivero Adri\u00e1n J\u00f3dar Berm\u00fadez &nbsp; Oboes Victoria Montes Mu\u00f1oz Nuria P\u00edriz Fern\u00e1ndez Bernab\u00e9 Arias Delgado Agust\u00edn Heredia Jurado &nbsp; Clarinetes Pablo Olvera Salvad\u00f3 Lucas Bernal Sandoval &nbsp; Fagotes Carlos [&hellip;]<\/p>\n","protected":false},"author":3,"featured_media":0,"parent":0,"menu_order":0,"comment_status":"closed","ping_status":"closed","template":"","meta":{"site-sidebar-layout":"default","site-content-layout":"","ast-site-content-layout":"default","site-content-style":"default","site-sidebar-style":"default","ast-global-header-display":"","ast-banner-title-visibility":"","ast-main-header-display":"","ast-hfb-above-header-display":"","ast-hfb-below-header-display":"","ast-hfb-mobile-header-display":"","site-post-title":"","ast-breadcrumbs-content":"","ast-featured-img":"","footer-sml-layout":"","ast-disable-related-posts":"","theme-transparent-header-meta":"default","adv-header-id-meta":"","stick-header-meta":"","header-above-stick-meta":"","header-main-stick-meta":"","header-below-stick-meta":"","astra-migrate-meta-layouts":"set","ast-page-background-enabled":"default","ast-page-background-meta":{"desktop":{"background-color":"","background-image":"","background-repeat":"repeat","background-position":"center center","background-size":"auto","background-attachment":"scroll","background-type":"","background-media":"","overlay-type":"","overlay-color":"","overlay-opacity":"","overlay-gradient":""},"tablet":{"background-color":"","background-image":"","background-repeat":"repeat","background-position":"center center","background-size":"auto","background-attachment":"scroll","background-type":"","background-media":"","overlay-type":"","overlay-color":"","overlay-opacity":"","overlay-gradient":""},"mobile":{"background-color":"","background-image":"","background-repeat":"repeat","background-position":"center center","background-size":"auto","background-attachment":"scroll","background-type":"","background-media":"","overlay-type":"","overlay-color":"","overlay-opacity":"","overlay-gradient":""}},"ast-content-background-meta":{"desktop":{"background-color":"var(--ast-global-color-5)","background-image":"","background-repeat":"repeat","background-position":"center center","background-size":"auto","background-attachment":"scroll","background-type":"","background-media":"","overlay-type":"","overlay-color":"","overlay-opacity":"","overlay-gradient":""},"tablet":{"background-color":"var(--ast-global-color-5)","background-image":"","background-repeat":"repeat","background-position":"center center","background-size":"auto","background-attachment":"scroll","background-type":"","background-media":"","overlay-type":"","overlay-color":"","overlay-opacity":"","overlay-gradient":""},"mobile":{"background-color":"var(--ast-global-color-5)","background-image":"","background-repeat":"repeat","background-position":"center center","background-size":"auto","background-attachment":"scroll","background-type":"","background-media":"","overlay-type":"","overlay-color":"","overlay-opacity":"","overlay-gradient":""}},"footnotes":""},"class_list":["post-4991","page","type-page","status-publish","hentry"],"_links":{"self":[{"href":"https:\/\/institucional.us.es\/orquesta\/wp-json\/wp\/v2\/pages\/4991","targetHints":{"allow":["GET"]}}],"collection":[{"href":"https:\/\/institucional.us.es\/orquesta\/wp-json\/wp\/v2\/pages"}],"about":[{"href":"https:\/\/institucional.us.es\/orquesta\/wp-json\/wp\/v2\/types\/page"}],"author":[{"embeddable":true,"href":"https:\/\/institucional.us.es\/orquesta\/wp-json\/wp\/v2\/users\/3"}],"replies":[{"embeddable":true,"href":"https:\/\/institucional.us.es\/orquesta\/wp-json\/wp\/v2\/comments?post=4991"}],"version-history":[{"count":7,"href":"https:\/\/institucional.us.es\/orquesta\/wp-json\/wp\/v2\/pages\/4991\/revisions"}],"predecessor-version":[{"id":5004,"href":"https:\/\/institucional.us.es\/orquesta\/wp-json\/wp\/v2\/pages\/4991\/revisions\/5004"}],"wp:attachment":[{"href":"https:\/\/institucional.us.es\/orquesta\/wp-json\/wp\/v2\/media?parent=4991"}],"curies":[{"name":"wp","href":"https:\/\/api.w.org\/{rel}","templated":true}]}}