{"id":5006,"date":"2024-05-10T12:57:11","date_gmt":"2024-05-10T12:57:11","guid":{"rendered":"https:\/\/institucional.us.es\/orquesta\/?page_id=5006"},"modified":"2024-05-10T12:57:11","modified_gmt":"2024-05-10T12:57:11","slug":"plantilla-concierto-5-temporada-xiii","status":"publish","type":"page","link":"https:\/\/institucional.us.es\/orquesta\/plantilla-concierto-5-temporada-xiii\/","title":{"rendered":"Plantilla Concierto-5-Temporada-XIII"},"content":{"rendered":"<p><strong>CONCIERTO#5 OSC. Temporada XIII <\/strong><\/p>\n<p><strong>30.04.2024. \u00b7 Sala Manuel Garc\u00eda del Teatro de la Maestranza<\/strong><\/p>\n<p><strong>\u00a0<\/strong><\/p>\n<p><strong>ENSEMBLE DE PERCUSI\u00d3N<\/strong><\/p>\n<p>Juan Garc\u00eda Rodr\u00edguez \u00b7 director<\/p>\n<p>Antonio Moreno \u00b7 vibr\u00e1fono<\/p>\n<p>Miguela Goncet \u00b7 declamaci\u00f3n<\/p>\n<p><strong>\u00a0<\/strong><\/p>\n<p><strong>PLANTILLA<\/strong><\/p>\n<p>Lester Rodr\u00edguez<\/p>\n<p>V\u00edctor Manzana<\/p>\n<p>Manuel P\u00e9rez<\/p>\n<p>Jes\u00fas Merino<\/p>\n<p>Alejandro Vallecillo<\/p>\n<p>Jos\u00e9 C. Romero<\/p>\n<p>Pablo Berm\u00fadez<\/p>\n<p>Juan A. Garc\u00eda<\/p>\n<p>Abel Guzm\u00e1n<\/p>\n<p>Josu\u00e9 Cepero<\/p>\n<p>Jordi Tur<\/p>\n<p>Francisco Cort\u00e9s<\/p>\n","protected":false},"excerpt":{"rendered":"<p>CONCIERTO#5 OSC. Temporada XIII 30.04.2024. \u00b7 Sala Manuel Garc\u00eda del Teatro de la Maestranza \u00a0 ENSEMBLE DE PERCUSI\u00d3N Juan Garc\u00eda Rodr\u00edguez \u00b7 director Antonio Moreno \u00b7 vibr\u00e1fono Miguela Goncet \u00b7 declamaci\u00f3n \u00a0 PLANTILLA Lester Rodr\u00edguez V\u00edctor Manzana Manuel P\u00e9rez Jes\u00fas Merino Alejandro Vallecillo Jos\u00e9 C. Romero Pablo Berm\u00fadez Juan A. Garc\u00eda Abel Guzm\u00e1n Josu\u00e9 Cepero [&hellip;]<\/p>\n","protected":false},"author":3,"featured_media":0,"parent":0,"menu_order":0,"comment_status":"closed","ping_status":"closed","template":"","meta":{"site-sidebar-layout":"default","site-content-layout":"","ast-site-content-layout":"default","site-content-style":"default","site-sidebar-style":"default","ast-global-header-display":"","ast-banner-title-visibility":"","ast-main-header-display":"","ast-hfb-above-header-display":"","ast-hfb-below-header-display":"","ast-hfb-mobile-header-display":"","site-post-title":"","ast-breadcrumbs-content":"","ast-featured-img":"","footer-sml-layout":"","ast-disable-related-posts":"","theme-transparent-header-meta":"default","adv-header-id-meta":"","stick-header-meta":"","header-above-stick-meta":"","header-main-stick-meta":"","header-below-stick-meta":"","astra-migrate-meta-layouts":"set","ast-page-background-enabled":"default","ast-page-background-meta":{"desktop":{"background-color":"","background-image":"","background-repeat":"repeat","background-position":"center center","background-size":"auto","background-attachment":"scroll","background-type":"","background-media":"","overlay-type":"","overlay-color":"","overlay-opacity":"","overlay-gradient":""},"tablet":{"background-color":"","background-image":"","background-repeat":"repeat","background-position":"center center","background-size":"auto","background-attachment":"scroll","background-type":"","background-media":"","overlay-type":"","overlay-color":"","overlay-opacity":"","overlay-gradient":""},"mobile":{"background-color":"","background-image":"","background-repeat":"repeat","background-position":"center center","background-size":"auto","background-attachment":"scroll","background-type":"","background-media":"","overlay-type":"","overlay-color":"","overlay-opacity":"","overlay-gradient":""}},"ast-content-background-meta":{"desktop":{"background-color":"var(--ast-global-color-5)","background-image":"","background-repeat":"repeat","background-position":"center center","background-size":"auto","background-attachment":"scroll","background-type":"","background-media":"","overlay-type":"","overlay-color":"","overlay-opacity":"","overlay-gradient":""},"tablet":{"background-color":"var(--ast-global-color-5)","background-image":"","background-repeat":"repeat","background-position":"center center","background-size":"auto","background-attachment":"scroll","background-type":"","background-media":"","overlay-type":"","overlay-color":"","overlay-opacity":"","overlay-gradient":""},"mobile":{"background-color":"var(--ast-global-color-5)","background-image":"","background-repeat":"repeat","background-position":"center center","background-size":"auto","background-attachment":"scroll","background-type":"","background-media":"","overlay-type":"","overlay-color":"","overlay-opacity":"","overlay-gradient":""}},"footnotes":""},"class_list":["post-5006","page","type-page","status-publish","hentry"],"_links":{"self":[{"href":"https:\/\/institucional.us.es\/orquesta\/wp-json\/wp\/v2\/pages\/5006","targetHints":{"allow":["GET"]}}],"collection":[{"href":"https:\/\/institucional.us.es\/orquesta\/wp-json\/wp\/v2\/pages"}],"about":[{"href":"https:\/\/institucional.us.es\/orquesta\/wp-json\/wp\/v2\/types\/page"}],"author":[{"embeddable":true,"href":"https:\/\/institucional.us.es\/orquesta\/wp-json\/wp\/v2\/users\/3"}],"replies":[{"embeddable":true,"href":"https:\/\/institucional.us.es\/orquesta\/wp-json\/wp\/v2\/comments?post=5006"}],"version-history":[{"count":1,"href":"https:\/\/institucional.us.es\/orquesta\/wp-json\/wp\/v2\/pages\/5006\/revisions"}],"predecessor-version":[{"id":5010,"href":"https:\/\/institucional.us.es\/orquesta\/wp-json\/wp\/v2\/pages\/5006\/revisions\/5010"}],"wp:attachment":[{"href":"https:\/\/institucional.us.es\/orquesta\/wp-json\/wp\/v2\/media?parent=5006"}],"curies":[{"name":"wp","href":"https:\/\/api.w.org\/{rel}","templated":true}]}}