{"id":528,"date":"2014-12-05T14:59:43","date_gmt":"2014-12-05T14:59:43","guid":{"rendered":"http:\/\/institucional.us.es\/orquesta\/?page_id=528"},"modified":"2016-05-11T15:44:03","modified_gmt":"2016-05-11T15:44:03","slug":"ensayos-y-plantillas","status":"publish","type":"page","link":"https:\/\/institucional.us.es\/orquesta\/ensayos-y-plantillas\/","title":{"rendered":"PROGRAMA Y PLANTILLA IV ENCUENTRO"},"content":{"rendered":"<p><strong><span style=\"color: #ff6600;\">PROGRAMA<\/span><\/strong><\/p>\n<p>-I-<\/p>\n<p><span style=\"color: #808080;\"><strong><em>Syrinx<\/em> <\/strong><\/span>(1913) &#8211; Claude Debussy<br \/>\nPaula Garc\u00eda-Arcic\u00f3llar, flauta<\/p>\n<p><span style=\"color: #808080;\"><strong><em>Prelude \u00e0 l&#8217;apres midi d&#8217;un faune<\/em><\/strong> <\/span>(1894) &#8211; Claude Debussy<br \/>\n<em>Tres piezas para clarinete solo<\/em> (1920) &#8211; Igor Stravinsky<br \/>\nJuan Jos\u00e9 Cabrera, clarinete<\/p>\n<p>-II-<br \/>\n<span style=\"color: #808080;\"><strong><em>Spiegel im Spiegel<\/em> <\/strong><\/span>(1978) &#8211; Arvo P\u00e4rt<br \/>\nJos\u00e9 Antonio M\u00e1rquez, piano<br \/>\nIsrael Sobrino, violonchelo<\/p>\n<p><span style=\"color: #808080;\"><strong><em>Fratres<\/em> <\/strong><\/span>(1977) &#8211; Arvo P\u00e4rt<\/p>\n<p>&nbsp;<\/p>\n<p><span style=\"color: #ff6600;\"><strong>INT\u00c9RPRETES<\/strong><\/span><\/p>\n<p><strong>ORQUESTA SINF\u00d3NICA CONJUNTA <\/strong>(ORQUESTA DE C\u00c1MARA)<\/p>\n<p>Paula Garc\u00eda-Arcic\u00f3llar, flauta<\/p>\n<p>Mar\u00eda Jos\u00e9 Meniz, oboe<\/p>\n<p>Juan Jos\u00e9 Cabrera, clarinete<\/p>\n<p>Beatriz Bueno, fagot<\/p>\n<p>Alejandro Mart\u00edn, trompa<\/p>\n<p>Juan Muela, percusi\u00f3n<\/p>\n<p>Roberto L\u00f3pez, percusi\u00f3n<\/p>\n<p>Jos\u00e9 Antonio M\u00e1rquez, piano<\/p>\n<p>Miren Jasone Ram\u00edrez, \u00f3rgano<\/p>\n<p>Andrea Marquina, viol\u00edn<\/p>\n<p>Claudia Gallardo, viol\u00edn<\/p>\n<p>Javier Rodas, viola<\/p>\n<p>Rebeca Barea, viola<\/p>\n<p>Israel Sobrino, violonchelo<\/p>\n<p>Rafael Baena, contrabajo<\/p>\n<p>&nbsp;<\/p>\n<p><strong>CONSERVATORIO PROFESIONAL DE DANZA \u00abANTONIO RUIZ SOLER\u00bb <\/strong><\/p>\n<p>Andrea Aranda<\/p>\n<p>M\u00f3nica Fern\u00e1ndez<\/p>\n<p>Anastasiya Kempa<\/p>\n<p>Juan Emilio P\u00e1ez<\/p>\n<p>Paula Alexandra Pedro<\/p>\n<p>Ana P\u00e9rez<\/p>\n<p>Julia P\u00e9rez<\/p>\n","protected":false},"excerpt":{"rendered":"<p>PROGRAMA -I- Syrinx (1913) &#8211; Claude Debussy Paula Garc\u00eda-Arcic\u00f3llar, flauta Prelude \u00e0 l&#8217;apres midi d&#8217;un faune (1894) &#8211; Claude Debussy Tres piezas para clarinete solo (1920) &#8211; Igor Stravinsky Juan Jos\u00e9 Cabrera, clarinete -II- Spiegel im Spiegel (1978) &#8211; Arvo P\u00e4rt Jos\u00e9 Antonio M\u00e1rquez, piano Israel Sobrino, violonchelo Fratres (1977) &#8211; Arvo P\u00e4rt &nbsp; INT\u00c9RPRETES [&hellip;]<\/p>\n","protected":false},"author":3,"featured_media":0,"parent":0,"menu_order":0,"comment_status":"closed","ping_status":"open","template":"","meta":{"site-sidebar-layout":"default","site-content-layout":"","ast-site-content-layout":"default","site-content-style":"default","site-sidebar-style":"default","ast-global-header-display":"","ast-banner-title-visibility":"","ast-main-header-display":"","ast-hfb-above-header-display":"","ast-hfb-below-header-display":"","ast-hfb-mobile-header-display":"","site-post-title":"","ast-breadcrumbs-content":"","ast-featured-img":"","footer-sml-layout":"","ast-disable-related-posts":"","theme-transparent-header-meta":"","adv-header-id-meta":"","stick-header-meta":"","header-above-stick-meta":"","header-main-stick-meta":"","header-below-stick-meta":"","astra-migrate-meta-layouts":"default","ast-page-background-enabled":"default","ast-page-background-meta":{"desktop":{"background-color":"","background-image":"","background-repeat":"repeat","background-position":"center center","background-size":"auto","background-attachment":"scroll","background-type":"","background-media":"","overlay-type":"","overlay-color":"","overlay-opacity":"","overlay-gradient":""},"tablet":{"background-color":"","background-image":"","background-repeat":"repeat","background-position":"center center","background-size":"auto","background-attachment":"scroll","background-type":"","background-media":"","overlay-type":"","overlay-color":"","overlay-opacity":"","overlay-gradient":""},"mobile":{"background-color":"","background-image":"","background-repeat":"repeat","background-position":"center center","background-size":"auto","background-attachment":"scroll","background-type":"","background-media":"","overlay-type":"","overlay-color":"","overlay-opacity":"","overlay-gradient":""}},"ast-content-background-meta":{"desktop":{"background-color":"var(--ast-global-color-5)","background-image":"","background-repeat":"repeat","background-position":"center center","background-size":"auto","background-attachment":"scroll","background-type":"","background-media":"","overlay-type":"","overlay-color":"","overlay-opacity":"","overlay-gradient":""},"tablet":{"background-color":"var(--ast-global-color-5)","background-image":"","background-repeat":"repeat","background-position":"center center","background-size":"auto","background-attachment":"scroll","background-type":"","background-media":"","overlay-type":"","overlay-color":"","overlay-opacity":"","overlay-gradient":""},"mobile":{"background-color":"var(--ast-global-color-5)","background-image":"","background-repeat":"repeat","background-position":"center center","background-size":"auto","background-attachment":"scroll","background-type":"","background-media":"","overlay-type":"","overlay-color":"","overlay-opacity":"","overlay-gradient":""}},"footnotes":""},"class_list":["post-528","page","type-page","status-publish","hentry"],"_links":{"self":[{"href":"https:\/\/institucional.us.es\/orquesta\/wp-json\/wp\/v2\/pages\/528","targetHints":{"allow":["GET"]}}],"collection":[{"href":"https:\/\/institucional.us.es\/orquesta\/wp-json\/wp\/v2\/pages"}],"about":[{"href":"https:\/\/institucional.us.es\/orquesta\/wp-json\/wp\/v2\/types\/page"}],"author":[{"embeddable":true,"href":"https:\/\/institucional.us.es\/orquesta\/wp-json\/wp\/v2\/users\/3"}],"replies":[{"embeddable":true,"href":"https:\/\/institucional.us.es\/orquesta\/wp-json\/wp\/v2\/comments?post=528"}],"version-history":[{"count":18,"href":"https:\/\/institucional.us.es\/orquesta\/wp-json\/wp\/v2\/pages\/528\/revisions"}],"predecessor-version":[{"id":614,"href":"https:\/\/institucional.us.es\/orquesta\/wp-json\/wp\/v2\/pages\/528\/revisions\/614"}],"wp:attachment":[{"href":"https:\/\/institucional.us.es\/orquesta\/wp-json\/wp\/v2\/media?parent=528"}],"curies":[{"name":"wp","href":"https:\/\/api.w.org\/{rel}","templated":true}]}}