{"id":616,"date":"2015-05-14T14:17:20","date_gmt":"2015-05-14T14:17:20","guid":{"rendered":"http:\/\/institucional.us.es\/orquesta\/?page_id=616"},"modified":"2015-06-08T14:31:10","modified_gmt":"2015-06-08T14:31:10","slug":"616-2","status":"publish","type":"page","link":"https:\/\/institucional.us.es\/orquesta\/616-2\/","title":{"rendered":"Plantilla Concierto III"},"content":{"rendered":"<p><strong>PLANTILLA<\/strong><br \/>\n<strong>FLAUTAS<\/strong> \u00b7 Ester Esteban | Ismael Escalante | Gonzalo<br \/>\nSol\u00eds | Pablo Romero | Manuel Fern\u00e1ndez | A\u00edda Marchal<br \/>\n| Consuelo Rivera | Rosario Fern\u00e1ndez | Roc\u00edo de la Salud<br \/>\nGonz\u00e1lez <strong>OBOES<\/strong> Mar\u00eda Jos\u00e9 M\u00e9niz | Francisco Onieva<br \/>\n| Juan Carlos \u00c1lvarez | Jos\u00e9 Manuel Cuadrado | Carmen<br \/>\nG\u00f3mez <strong>CLARINETES<\/strong> \u00b7 Jaime Jim\u00e9nez | David Calvo | Antonio<br \/>\nV\u00e9lez FAGOTES \u00b7 Beatriz Bueno | Mar\u00eda Y\u00e1\u00f1ez | Mois\u00e9s<br \/>\nLorenzo | Mar\u00eda Garc\u00eda <strong>TROMPAS<\/strong> \u00b7 Jos\u00e9 Manuel Santos |<br \/>\nLorena Mart\u00edn | Alejandro Lagares | Carlos Clemente Lama |<br \/>\nMarcos P\u00e9rez | Alejandro Huete <strong>TROMPETAS<\/strong> \u00b7 Antonio Jos\u00e9<br \/>\nMateos | Manuel Ruano | Antonio Gamero | Juan Manuel<br \/>\nGallego | Jos\u00e9 Mar\u00eda Camacho <strong>TROMBONES<\/strong> \u00b7 Jos\u00e9 Ignacio<br \/>\nDom\u00ednguez | Leonardo Garc\u00eda Chaparro | Jos\u00e9 Manuel<br \/>\nBarquero <strong>TIMBALES<\/strong> \u00b7 Jos\u00e9 Luis Sagrado <strong>VIOLINES I<\/strong> \u00b7 Andrea<br \/>\nMarquina | Alicia L\u00f3pez | Claudia Gallardo | Elena Vallecillo<br \/>\n| Fernando Jos\u00e9 Pina | Nerea Su\u00e1rez | \u00c1ngela Rodr\u00edguez<br \/>\nGema | Cristina Dom\u00ednguez | Jos\u00e9 Ignacio L\u00f3pez | Lucia<br \/>\nFabiola Bernal | Sergio Fern\u00e1ndez | Ruth Mart\u00edn | Alba<br \/>\nCatal\u00e1n | Daniel Fern\u00e1ndez | Teresa Bartolom\u00e9 <strong>VIOLINES II<\/strong><br \/>\n\u00b7 Alejandro Vega | Teresa Vizca\u00edno | Abigail Barrero | Jos\u00e9<br \/>\nAlfonso Cuevas | Livia Camprub\u00ed | Alejandro Segura | Irene<br \/>\nMorales | M\u00edriam Fern\u00e1ndez | Ana Mu\u00f1oz | Irene Cabanillas<br \/>\n| Pablo Ram\u00edrez | Raquel Garc\u00eda Galera | Cristina Cordero<br \/>\n| Ana Crenes <strong>VIOLAS<\/strong> \u00b7 Jos\u00e9 \u00c1ngel Esteban | Ana Moreno<br \/>\n| Isabel Romero | Francisco Javier Rodas | \u00c1ngela Jim\u00e9nez |<br \/>\nAlejandro Parra | Ainhoa Franco | Bel\u00e9n S\u00e1nchez Tortosa |<br \/>\nM\u00edriam Gallardo | Rebeca Barea | Carmen Mar\u00eda Rodr\u00edguez<br \/>\n<strong>VIOLONCHELOS<\/strong> \u00b7 Enrique Garc\u00eda Galera | Elisa Abril | Israel<br \/>\nSobrino | Jos\u00e9 Mar\u00eda Rodr\u00edguez Palacios | Ana Dom\u00ednguez |<br \/>\nPedro \u00c1ngel Aliaga | Andrea Villalba | Elena Rodr\u00edguez Ad\u00e1n |<br \/>\nIrene Fontana | Araceli Carmona | Francisco Rosado | Luc\u00eda<br \/>\nRosco | Jos\u00e9 Miguel Romero | Francisco Daniel Espa\u00f1a |<br \/>\nBel\u00e9n Gonz\u00e1lez Mellado | Rosa de Valme Garc\u00eda Valera<br \/>\n| Marta \u00c1lvarez | Juan Lim\u00f3n | Margarita L\u00f3pez | Sonia<br \/>\nGarc\u00eda G\u00f3mez <strong>CONTRABAJOS<\/strong> \u00b7 Rafael Baena | Elena<br \/>\nFarratell | Rom\u00e1n Fern\u00e1ndez Baca | Bel\u00e9n Ferrer<\/p>\n","protected":false},"excerpt":{"rendered":"<p>PLANTILLA FLAUTAS \u00b7 Ester Esteban | Ismael Escalante | Gonzalo Sol\u00eds | Pablo Romero | Manuel Fern\u00e1ndez | A\u00edda Marchal | Consuelo Rivera | Rosario Fern\u00e1ndez | Roc\u00edo de la Salud Gonz\u00e1lez OBOES Mar\u00eda Jos\u00e9 M\u00e9niz | Francisco Onieva | Juan Carlos \u00c1lvarez | Jos\u00e9 Manuel Cuadrado | Carmen G\u00f3mez CLARINETES \u00b7 Jaime Jim\u00e9nez | [&hellip;]<\/p>\n","protected":false},"author":3,"featured_media":0,"parent":0,"menu_order":0,"comment_status":"closed","ping_status":"open","template":"","meta":{"site-sidebar-layout":"default","site-content-layout":"","ast-site-content-layout":"default","site-content-style":"default","site-sidebar-style":"default","ast-global-header-display":"","ast-banner-title-visibility":"","ast-main-header-display":"","ast-hfb-above-header-display":"","ast-hfb-below-header-display":"","ast-hfb-mobile-header-display":"","site-post-title":"","ast-breadcrumbs-content":"","ast-featured-img":"","footer-sml-layout":"","ast-disable-related-posts":"","theme-transparent-header-meta":"","adv-header-id-meta":"","stick-header-meta":"","header-above-stick-meta":"","header-main-stick-meta":"","header-below-stick-meta":"","astra-migrate-meta-layouts":"default","ast-page-background-enabled":"default","ast-page-background-meta":{"desktop":{"background-color":"","background-image":"","background-repeat":"repeat","background-position":"center center","background-size":"auto","background-attachment":"scroll","background-type":"","background-media":"","overlay-type":"","overlay-color":"","overlay-opacity":"","overlay-gradient":""},"tablet":{"background-color":"","background-image":"","background-repeat":"repeat","background-position":"center center","background-size":"auto","background-attachment":"scroll","background-type":"","background-media":"","overlay-type":"","overlay-color":"","overlay-opacity":"","overlay-gradient":""},"mobile":{"background-color":"","background-image":"","background-repeat":"repeat","background-position":"center center","background-size":"auto","background-attachment":"scroll","background-type":"","background-media":"","overlay-type":"","overlay-color":"","overlay-opacity":"","overlay-gradient":""}},"ast-content-background-meta":{"desktop":{"background-color":"var(--ast-global-color-5)","background-image":"","background-repeat":"repeat","background-position":"center center","background-size":"auto","background-attachment":"scroll","background-type":"","background-media":"","overlay-type":"","overlay-color":"","overlay-opacity":"","overlay-gradient":""},"tablet":{"background-color":"var(--ast-global-color-5)","background-image":"","background-repeat":"repeat","background-position":"center center","background-size":"auto","background-attachment":"scroll","background-type":"","background-media":"","overlay-type":"","overlay-color":"","overlay-opacity":"","overlay-gradient":""},"mobile":{"background-color":"var(--ast-global-color-5)","background-image":"","background-repeat":"repeat","background-position":"center center","background-size":"auto","background-attachment":"scroll","background-type":"","background-media":"","overlay-type":"","overlay-color":"","overlay-opacity":"","overlay-gradient":""}},"footnotes":""},"class_list":["post-616","page","type-page","status-publish","hentry"],"_links":{"self":[{"href":"https:\/\/institucional.us.es\/orquesta\/wp-json\/wp\/v2\/pages\/616","targetHints":{"allow":["GET"]}}],"collection":[{"href":"https:\/\/institucional.us.es\/orquesta\/wp-json\/wp\/v2\/pages"}],"about":[{"href":"https:\/\/institucional.us.es\/orquesta\/wp-json\/wp\/v2\/types\/page"}],"author":[{"embeddable":true,"href":"https:\/\/institucional.us.es\/orquesta\/wp-json\/wp\/v2\/users\/3"}],"replies":[{"embeddable":true,"href":"https:\/\/institucional.us.es\/orquesta\/wp-json\/wp\/v2\/comments?post=616"}],"version-history":[{"count":3,"href":"https:\/\/institucional.us.es\/orquesta\/wp-json\/wp\/v2\/pages\/616\/revisions"}],"predecessor-version":[{"id":650,"href":"https:\/\/institucional.us.es\/orquesta\/wp-json\/wp\/v2\/pages\/616\/revisions\/650"}],"wp:attachment":[{"href":"https:\/\/institucional.us.es\/orquesta\/wp-json\/wp\/v2\/media?parent=616"}],"curies":[{"name":"wp","href":"https:\/\/api.w.org\/{rel}","templated":true}]}}