{"id":624,"date":"2015-05-14T14:26:27","date_gmt":"2015-05-14T14:26:27","guid":{"rendered":"http:\/\/institucional.us.es\/orquesta\/?page_id=624"},"modified":"2015-05-14T14:36:51","modified_gmt":"2015-05-14T14:36:51","slug":"plantilla-concierto-i","status":"publish","type":"page","link":"https:\/\/institucional.us.es\/orquesta\/plantilla-concierto-i\/","title":{"rendered":"Plantilla Concierto I"},"content":{"rendered":"<p>PLANTILLA<br \/>\n<strong>FLAUTAS\u00a0<\/strong>Ester Esteban \u00b7 Ismael Escalante \u00b7 Gonzalo\u00a0Sol\u00eds \u00b7 Pablo Romero \u00b7 Rodrigo Pacheco \u00b7 Consuelo Rivera<\/p>\n<p><strong>OBOES\u00a0<\/strong>Mar\u00eda Jos\u00e9 M\u00e9niz \u00b7 Francisco Onieva \u00b7 Juan Carlos\u00a0\u00c1lvarez \u00b7 Jos\u00e9 Manuel Cuadrado \u00b7 Carmen G\u00f3mez Veloso<\/p>\n<p><strong>CLARINETES\u00a0<\/strong>Alfonso Manzanera \u00b7 Claudio Tirado \u00b7 Iv\u00e1n\u00a0Villar \u00b7 Ana Garc\u00eda Bustos<\/p>\n<p><strong>SAXOF\u00d3N J<\/strong>uan Manuel Gonz\u00e1lez D\u00edaz<\/p>\n<p><strong>FAGOTES<\/strong> Mar\u00eda Y\u00e1\u00f1ez \u00b7 Mar\u00eda Garc\u00eda Bustos \u00b7\u00a0Alejandro \u00c1lvarez Asencio \u00b7 Alfonso Silva \u00b7 Antonio Mois\u00e9s\u00a0Lorenzo<\/p>\n<p><strong>TROMPAS<\/strong> Jos\u00e9 Manuel Santos \u00b7 Lorena Mart\u00edn \u00b7\u00a0Alejandro Lagares \u00b7 Carlos Clemente Lama \u00b7 Marcos P\u00e9rez\u00a0\u00b7 Alejandro Huete<\/p>\n<p><strong>TROMPETAS<\/strong> Javier Jim\u00e9nez \u00b7 Octavio\u00a0Montero \u00b7 Antonio Jos\u00e9 Mateos \u00b7 David Segado \u00b7 Manuel\u00a0Ruano \u00b7 Antonio Gamero \u00b7 Juan Manuel Gallego \u00b7 Jos\u00e9 Mar\u00eda\u00a0Camacho \u00b7 Jos\u00e9 Ram\u00f3n S\u00e1nchez Campos<\/p>\n<p><strong>TROMBONES\u00a0<\/strong>Jos\u00e9 Ignacio Dom\u00ednguez \u00b7 Leonardo Garc\u00eda Chaparro \u00b7 Jos\u00e9\u00a0Manuel Barquero<\/p>\n<p><strong>TUBA<\/strong> Miguel Sagrist\u00e1<\/p>\n<p><strong>PERCUSI\u00d3N\u00a0<\/strong>Alejandro Tur \u00b7 Armando Capilla \u00b7 Jos\u00e9 Luis Sagrado \u00b7 Juan\u00a0Muela \u00b7 Roberto L\u00f3pez \u00b7 Ana Mar\u00eda Illesca<\/p>\n<p><strong>ARPA\u00a0<\/strong>Mar\u00eda\u00a0Vicenta Diego<\/p>\n<p><strong>PIANO<\/strong> Marina P\u00e9rez \u00b7 Irene Garc\u00eda Vivero<br \/>\n<strong>VIOLINES I\u00a0<\/strong>Andrea Marquina \u00b7 Teresa Vizca\u00edno \u00b7 Fernando\u00a0Jos\u00e9 Pina \u00b7 Elena Vallecillo \u00b7 Claudia Gallardo \u00b7 \u00c1ngela\u00a0Rodr\u00edguez Gema \u00b7 Abigail Barrero \u00b7 Pascale Jonczyk \u00b7 Sergio\u00a0Fern\u00e1ndez \u00b7 Cristina Dom\u00ednguez \u00b7 Alba Catal\u00e1n \u00b7 Ana Crenes\u00a0\u00b7 Lucia Fabiola \u00b7 Irene Cabanillas \u00b7 Cristina Cordero \u00b7 Raquel\u00a0Garc\u00eda Galera<\/p>\n<p><strong>VIOLINES II<\/strong> Alicia L\u00f3pez \u00b7 Alejandro Vega \u00b7\u00a0Daniel Le\u00f3n \u00b7 Livia Camprub\u00ed \u00b7 M\u00edriam Fern\u00e1ndez \u00b7 Ana Mu\u00f1oz\u00a0\u00b7 Jos\u00e9 Ignacio L\u00f3pez \u00b7 Nerea Su\u00e1rez \u00b7 Sara Vega \u00b7 Daniel\u00a0Fern\u00e1ndez \u00b7 Irene Morales Fern\u00e1ndez \u00b7 F\u00e1tima Caballero \u00b7\u00a0Ruth Mart\u00edn \u00b7 Jos\u00e9 Alfonso Cuevas \u00b7 Pablo Ram\u00edrez \u00b7 Mar\u00eda\u00a0Hu\u00e9lamo \u00b7 Mar\u00eda Salas \u00b7 Alejandro Segura \u00b7 Teresa Bartolom\u00e9<\/p>\n<p><strong>VIOLAS\u00a0<\/strong>Jos\u00e9 \u00c1ngel Esteban \u00b7 Paula Cepeda \u00b7 Francisco\u00a0Javier Rodas \u00b7 Salvador Daza \u00b7 Ana Moreno \u00b7 \u00c1ngela Jim\u00e9nez\u00a0\u00b7 Bel\u00e9n S\u00e1nchez \u00b7 Alejandro Parra \u00b7 Ainhoa Franco \u00b7 Jes\u00fas\u00a0Alfonso Vela \u00b7 M\u00edriam Gallardo \u00b7 Isabel Romero \u00b7 Antonio\u00a0V\u00e1zquez<\/p>\n<p><strong>VIOLONCHELOS\u00a0<\/strong>Enrique Garc\u00eda Galera \u00b7 Elisa\u00a0Abril \u00b7 Israel Sobrino \u00b7 Jos\u00e9 Mar\u00eda Rodr\u00edguez Palacios \u00b7 Ana\u00a0Dom\u00ednguez \u00b7 Pedro \u00c1ngel Aliaga \u00b7 Andrea Villalba \u00b7 Elena\u00a0Rodr\u00edguez Ad\u00e1n \u00b7 Irene Fontana \u00b7 Araceli Camera \u00b7 Francisco\u00a0Rosado \u00b7 Luc\u00eda Rosco \u00b7 Marta \u00c1lvarez \u00b7 Jos\u00e9 Miguel Romero \u00b7\u00a0Francisco Daniel Espa\u00f1a \u00b7 Juan Lim\u00f3n \u00b7 Sonia Garc\u00eda G\u00f3mez\u00a0\u00b7 Margarita L\u00f3pez \u00b7 Jos\u00e9 Mar\u00eda Rodr\u00edguez Palacios \u00b7 Bel\u00e9n\u00a0Gonz\u00e1lez<\/p>\n<p><strong>CONTRABAJOS<\/strong> Rafael Baena \u00b7 Elena Farratell\u00a0\u00b7 Rom\u00e1n Fern\u00e1ndez Baca \u00b7 Marcelo Gonz\u00e1lez Vel\u00e1zquez \u00b7\u00a0Enrique Cuevas \u00b7 Bel\u00e9n Ferrer \u00b7 Abel Ivars<\/p>\n","protected":false},"excerpt":{"rendered":"<p>PLANTILLA FLAUTAS\u00a0Ester Esteban \u00b7 Ismael Escalante \u00b7 Gonzalo\u00a0Sol\u00eds \u00b7 Pablo Romero \u00b7 Rodrigo Pacheco \u00b7 Consuelo Rivera OBOES\u00a0Mar\u00eda Jos\u00e9 M\u00e9niz \u00b7 Francisco Onieva \u00b7 Juan Carlos\u00a0\u00c1lvarez \u00b7 Jos\u00e9 Manuel Cuadrado \u00b7 Carmen G\u00f3mez Veloso CLARINETES\u00a0Alfonso Manzanera \u00b7 Claudio Tirado \u00b7 Iv\u00e1n\u00a0Villar \u00b7 Ana Garc\u00eda Bustos SAXOF\u00d3N Juan Manuel Gonz\u00e1lez D\u00edaz FAGOTES Mar\u00eda Y\u00e1\u00f1ez \u00b7 Mar\u00eda [&hellip;]<\/p>\n","protected":false},"author":3,"featured_media":0,"parent":0,"menu_order":0,"comment_status":"closed","ping_status":"open","template":"","meta":{"site-sidebar-layout":"default","site-content-layout":"","ast-site-content-layout":"default","site-content-style":"default","site-sidebar-style":"default","ast-global-header-display":"","ast-banner-title-visibility":"","ast-main-header-display":"","ast-hfb-above-header-display":"","ast-hfb-below-header-display":"","ast-hfb-mobile-header-display":"","site-post-title":"","ast-breadcrumbs-content":"","ast-featured-img":"","footer-sml-layout":"","ast-disable-related-posts":"","theme-transparent-header-meta":"","adv-header-id-meta":"","stick-header-meta":"","header-above-stick-meta":"","header-main-stick-meta":"","header-below-stick-meta":"","astra-migrate-meta-layouts":"default","ast-page-background-enabled":"default","ast-page-background-meta":{"desktop":{"background-color":"","background-image":"","background-repeat":"repeat","background-position":"center center","background-size":"auto","background-attachment":"scroll","background-type":"","background-media":"","overlay-type":"","overlay-color":"","overlay-opacity":"","overlay-gradient":""},"tablet":{"background-color":"","background-image":"","background-repeat":"repeat","background-position":"center center","background-size":"auto","background-attachment":"scroll","background-type":"","background-media":"","overlay-type":"","overlay-color":"","overlay-opacity":"","overlay-gradient":""},"mobile":{"background-color":"","background-image":"","background-repeat":"repeat","background-position":"center center","background-size":"auto","background-attachment":"scroll","background-type":"","background-media":"","overlay-type":"","overlay-color":"","overlay-opacity":"","overlay-gradient":""}},"ast-content-background-meta":{"desktop":{"background-color":"var(--ast-global-color-5)","background-image":"","background-repeat":"repeat","background-position":"center center","background-size":"auto","background-attachment":"scroll","background-type":"","background-media":"","overlay-type":"","overlay-color":"","overlay-opacity":"","overlay-gradient":""},"tablet":{"background-color":"var(--ast-global-color-5)","background-image":"","background-repeat":"repeat","background-position":"center center","background-size":"auto","background-attachment":"scroll","background-type":"","background-media":"","overlay-type":"","overlay-color":"","overlay-opacity":"","overlay-gradient":""},"mobile":{"background-color":"var(--ast-global-color-5)","background-image":"","background-repeat":"repeat","background-position":"center center","background-size":"auto","background-attachment":"scroll","background-type":"","background-media":"","overlay-type":"","overlay-color":"","overlay-opacity":"","overlay-gradient":""}},"footnotes":""},"class_list":["post-624","page","type-page","status-publish","hentry"],"_links":{"self":[{"href":"https:\/\/institucional.us.es\/orquesta\/wp-json\/wp\/v2\/pages\/624","targetHints":{"allow":["GET"]}}],"collection":[{"href":"https:\/\/institucional.us.es\/orquesta\/wp-json\/wp\/v2\/pages"}],"about":[{"href":"https:\/\/institucional.us.es\/orquesta\/wp-json\/wp\/v2\/types\/page"}],"author":[{"embeddable":true,"href":"https:\/\/institucional.us.es\/orquesta\/wp-json\/wp\/v2\/users\/3"}],"replies":[{"embeddable":true,"href":"https:\/\/institucional.us.es\/orquesta\/wp-json\/wp\/v2\/comments?post=624"}],"version-history":[{"count":6,"href":"https:\/\/institucional.us.es\/orquesta\/wp-json\/wp\/v2\/pages\/624\/revisions"}],"predecessor-version":[{"id":631,"href":"https:\/\/institucional.us.es\/orquesta\/wp-json\/wp\/v2\/pages\/624\/revisions\/631"}],"wp:attachment":[{"href":"https:\/\/institucional.us.es\/orquesta\/wp-json\/wp\/v2\/media?parent=624"}],"curies":[{"name":"wp","href":"https:\/\/api.w.org\/{rel}","templated":true}]}}