{"id":636,"date":"2015-06-08T14:03:58","date_gmt":"2015-06-08T14:03:58","guid":{"rendered":"http:\/\/institucional.us.es\/orquesta\/?page_id=636"},"modified":"2015-06-24T09:21:40","modified_gmt":"2015-06-24T09:21:40","slug":"plantilla-iv","status":"publish","type":"page","link":"https:\/\/institucional.us.es\/orquesta\/plantilla-iv\/","title":{"rendered":"Plantilla Concierto IV"},"content":{"rendered":"<p><strong>Plantilla IV Encuentro 12.06.15<\/strong><\/p>\n<p>&nbsp;<\/p>\n<p><strong>FLAUTAS<\/strong><\/p>\n<p>A\u00edda Marchal Garc\u00eda<\/p>\n<p>Manuel Fern\u00e1ndez Rubio<\/p>\n<p>&nbsp;<\/p>\n<p><strong>OBOES<\/strong><\/p>\n<p>Francisco Onieva Luque<\/p>\n<p>Juan Carlos \u00c1lvarez<\/p>\n<p>&nbsp;<\/p>\n<p><strong>CLARINETES<\/strong><\/p>\n<p>Antonio P\u00e9rez Barrera<\/p>\n<p>Pablo Rodr\u00edguez Cotorruelo<\/p>\n<p>Juan Jos\u00e9 Cabrera Mu\u00f1oz<\/p>\n<p>Teodoro Dorante Pontes<\/p>\n<p>&nbsp;<\/p>\n<p><strong>FAGOTES<\/strong><\/p>\n<p>Beatriz Bueno<\/p>\n<p>Mar\u00eda Garc\u00eda<\/p>\n<p>&nbsp;<\/p>\n<p><strong>TROMPAS<\/strong><\/p>\n<p>Alejandro Huete<\/p>\n<p>Alba Torres<\/p>\n<p>Roc\u00edo Moreno<\/p>\n<p>Erik Ant\u00fanez<\/p>\n<p>&nbsp;<\/p>\n<p><strong>PERCUSI\u00d3N<\/strong><\/p>\n<p>Roberto L\u00f3pez<\/p>\n<p>&nbsp;<\/p>\n<p><strong>PIANO<\/strong><\/p>\n<p>Elena Castilla<\/p>\n<p>Marina P\u00e9rez<\/p>\n<p>&nbsp;<\/p>\n<p><strong>ARMONIO<\/strong><\/p>\n<p>Rub\u00e9n Acosta<\/p>\n<p>&nbsp;<\/p>\n<p><strong>VIOLINES I<\/strong><\/p>\n<p>Mar\u00eda Vizca\u00edno<\/p>\n<p>Irene Cabanillas<\/p>\n<p>Sergio Fern\u00e1ndez<\/p>\n<p>Mar\u00eda Hu\u00e9lamo Romero<\/p>\n<p>&nbsp;<\/p>\n<p><strong>VIOLINES II<\/strong><\/p>\n<p>Alicia L\u00f3pez<\/p>\n<p>Ana Crenes<\/p>\n<p>Pablo Ram\u00edrez<\/p>\n<p>&nbsp;<\/p>\n<p><strong>VIOLAS<\/strong><\/p>\n<p>Francisco Javier Rodas S\u00e1nchez<\/p>\n<p>Alejandro Parra<\/p>\n<p>Rebeca Barea<\/p>\n<p>&nbsp;<\/p>\n<p><strong>VIOLONCHELOS <\/strong><\/p>\n<p>Bel\u00e9n Gonz\u00e1lez Mellado<\/p>\n<p>Marta \u00c1lvarez Alonso<\/p>\n<p>Pedro \u00c1ngel Aliaga Bernal<\/p>\n<p>&nbsp;<\/p>\n<p><strong>CONTRABAJO<\/strong><\/p>\n<p>Marcelo Gonz\u00e1lez<\/p>\n<p>&nbsp;<\/p>\n","protected":false},"excerpt":{"rendered":"<p>Plantilla IV Encuentro 12.06.15 &nbsp; FLAUTAS A\u00edda Marchal Garc\u00eda Manuel Fern\u00e1ndez Rubio &nbsp; OBOES Francisco Onieva Luque Juan Carlos \u00c1lvarez &nbsp; CLARINETES Antonio P\u00e9rez Barrera Pablo Rodr\u00edguez Cotorruelo Juan Jos\u00e9 Cabrera Mu\u00f1oz Teodoro Dorante Pontes &nbsp; FAGOTES Beatriz Bueno Mar\u00eda Garc\u00eda &nbsp; TROMPAS Alejandro Huete Alba Torres Roc\u00edo Moreno Erik Ant\u00fanez &nbsp; PERCUSI\u00d3N Roberto L\u00f3pez [&hellip;]<\/p>\n","protected":false},"author":3,"featured_media":0,"parent":0,"menu_order":0,"comment_status":"closed","ping_status":"open","template":"","meta":{"site-sidebar-layout":"default","site-content-layout":"","ast-site-content-layout":"default","site-content-style":"default","site-sidebar-style":"default","ast-global-header-display":"","ast-banner-title-visibility":"","ast-main-header-display":"","ast-hfb-above-header-display":"","ast-hfb-below-header-display":"","ast-hfb-mobile-header-display":"","site-post-title":"","ast-breadcrumbs-content":"","ast-featured-img":"","footer-sml-layout":"","ast-disable-related-posts":"","theme-transparent-header-meta":"","adv-header-id-meta":"","stick-header-meta":"","header-above-stick-meta":"","header-main-stick-meta":"","header-below-stick-meta":"","astra-migrate-meta-layouts":"default","ast-page-background-enabled":"default","ast-page-background-meta":{"desktop":{"background-color":"","background-image":"","background-repeat":"repeat","background-position":"center center","background-size":"auto","background-attachment":"scroll","background-type":"","background-media":"","overlay-type":"","overlay-color":"","overlay-opacity":"","overlay-gradient":""},"tablet":{"background-color":"","background-image":"","background-repeat":"repeat","background-position":"center center","background-size":"auto","background-attachment":"scroll","background-type":"","background-media":"","overlay-type":"","overlay-color":"","overlay-opacity":"","overlay-gradient":""},"mobile":{"background-color":"","background-image":"","background-repeat":"repeat","background-position":"center center","background-size":"auto","background-attachment":"scroll","background-type":"","background-media":"","overlay-type":"","overlay-color":"","overlay-opacity":"","overlay-gradient":""}},"ast-content-background-meta":{"desktop":{"background-color":"var(--ast-global-color-5)","background-image":"","background-repeat":"repeat","background-position":"center center","background-size":"auto","background-attachment":"scroll","background-type":"","background-media":"","overlay-type":"","overlay-color":"","overlay-opacity":"","overlay-gradient":""},"tablet":{"background-color":"var(--ast-global-color-5)","background-image":"","background-repeat":"repeat","background-position":"center center","background-size":"auto","background-attachment":"scroll","background-type":"","background-media":"","overlay-type":"","overlay-color":"","overlay-opacity":"","overlay-gradient":""},"mobile":{"background-color":"var(--ast-global-color-5)","background-image":"","background-repeat":"repeat","background-position":"center center","background-size":"auto","background-attachment":"scroll","background-type":"","background-media":"","overlay-type":"","overlay-color":"","overlay-opacity":"","overlay-gradient":""}},"footnotes":""},"class_list":["post-636","page","type-page","status-publish","hentry"],"_links":{"self":[{"href":"https:\/\/institucional.us.es\/orquesta\/wp-json\/wp\/v2\/pages\/636","targetHints":{"allow":["GET"]}}],"collection":[{"href":"https:\/\/institucional.us.es\/orquesta\/wp-json\/wp\/v2\/pages"}],"about":[{"href":"https:\/\/institucional.us.es\/orquesta\/wp-json\/wp\/v2\/types\/page"}],"author":[{"embeddable":true,"href":"https:\/\/institucional.us.es\/orquesta\/wp-json\/wp\/v2\/users\/3"}],"replies":[{"embeddable":true,"href":"https:\/\/institucional.us.es\/orquesta\/wp-json\/wp\/v2\/comments?post=636"}],"version-history":[{"count":4,"href":"https:\/\/institucional.us.es\/orquesta\/wp-json\/wp\/v2\/pages\/636\/revisions"}],"predecessor-version":[{"id":656,"href":"https:\/\/institucional.us.es\/orquesta\/wp-json\/wp\/v2\/pages\/636\/revisions\/656"}],"wp:attachment":[{"href":"https:\/\/institucional.us.es\/orquesta\/wp-json\/wp\/v2\/media?parent=636"}],"curies":[{"name":"wp","href":"https:\/\/api.w.org\/{rel}","templated":true}]}}