{"id":71,"date":"2014-05-14T09:23:10","date_gmt":"2014-05-14T09:23:10","guid":{"rendered":"http:\/\/institucional.us.es\/orquesta\/?page_id=71"},"modified":"2024-07-01T11:38:13","modified_gmt":"2024-07-01T11:38:13","slug":"temporada-20112012","status":"publish","type":"page","link":"https:\/\/institucional.us.es\/orquesta\/programa-de-conciertos\/temporada-20112012\/","title":{"rendered":"Temporada 2011\/2012"},"content":{"rendered":"\t\t<div data-elementor-type=\"wp-page\" data-elementor-id=\"71\" class=\"elementor elementor-71\">\n\t\t\t\t\t\t<section class=\"elementor-section elementor-top-section elementor-element elementor-element-565143ca elementor-section-boxed elementor-section-height-default elementor-section-height-default\" data-id=\"565143ca\" data-element_type=\"section\" data-e-type=\"section\">\n\t\t\t\t\t\t<div class=\"elementor-container elementor-column-gap-default\">\n\t\t\t\t\t<div class=\"elementor-column elementor-col-100 elementor-top-column elementor-element elementor-element-227fc9f7\" data-id=\"227fc9f7\" data-element_type=\"column\" data-e-type=\"column\">\n\t\t\t<div class=\"elementor-widget-wrap elementor-element-populated\">\n\t\t\t\t\t\t<div class=\"elementor-element elementor-element-7887914c elementor-widget elementor-widget-text-editor\" data-id=\"7887914c\" data-element_type=\"widget\" data-e-type=\"widget\" data-widget_type=\"text-editor.default\">\n\t\t\t\t<div class=\"elementor-widget-container\">\n\t\t\t\t\t\t\t\t\t<h2 style=\"text-align: left;\">\u00a0<\/h2><h2 style=\"text-align: left;\"><span style=\"color: #ff6600;\"><strong><strong>OSC<\/strong><\/strong>. I Temporada 2011-2012<\/span><\/h2><p>Se funda la Orquesta Sinf\u00f3nica Conjunta de la Universidad de Sevilla y el Conservatorio Superior de M\u00fasica Manuel Castillo de Sevilla, un ambicioso proyecto cuyo recorrido est\u00e1 a\u00fan por desvelar, pero que ya solo en su primera temporada de conciertos pretende abordar repertorios sinf\u00f3nicos de gran complejidad en la que participar\u00e1n plantillas amplias de j\u00f3venes m\u00fasicos. El concierto inaugural adem\u00e1s tendr\u00e1 un fuerte componente internacional, ya que la cantante solista invitada ser\u00e1 alumna de la Universidad Fryderyk Chopin de Varsovia, instituci\u00f3n con la que se espera poder desarrollar futuros proyectos de orden acad\u00e9mico con la orquesta.<\/p><p>Todos los conciertos se desarrollar\u00e1n en el sal\u00f3n de actos de la ETS de Ingenier\u00eda, espacio se\u00f1ero de la Universidad de Sevilla donde se celebran todo tipo de actos institucionales y que alberga uno de los mejores espacios esc\u00e9nicos de la ciudad. Ser\u00e1n de car\u00e1cter gratuito, invitando a los interesados a que sigan los diferentes encuentros de la orquesta en la p\u00e1gina web de <a href=\"https:\/\/cicus.us.es\/\" target=\"_blank\" rel=\"noopener\"><span style=\"color: #ff6600;\">CICUS<\/span><\/a><\/p><p>&#8212;<\/p><p><span style=\"color: #ff9900;\"><strong>TEMPORADA I. OSC. <\/strong><strong>CURSO 2011-2012<\/strong><\/span><br \/>ORQUESTA SINF\u00d3NICA CONJUNTA US-CSMS<\/p><p>\u00a0<\/p><h3><strong><a href=\"https:\/\/cicus.us.es\/15-diciembre-2011-orquesta-sinfonica-de-la-universidad-de-sevilla-conservatorio-superior-de-musica-manuel-castillo\/\" target=\"_blank\" rel=\"noopener\"><span style=\"color: #ff6600;\">CONCIERTO #<\/span><\/a><span style=\"color: #ff6600;\">1 <\/span><\/strong><span style=\"color: #808080;\"><a href=\"https:\/\/cicus.us.es\/15-diciembre-2011-orquesta-sinfonica-de-la-universidad-de-sevilla-conservatorio-superior-de-musica-manuel-castillo\/\"><span style=\"color: #808080;\">CONCIERTO DE PRESENTACI\u00d3N<\/span><\/a><\/span><\/h3><p><strong><a href=\"http:\/\/institucional.us.es\/orquesta\/wp-content\/uploads\/2014\/05\/cartel-osc_page-0001.jpg\"><img fetchpriority=\"high\" decoding=\"async\" class=\"alignleft wp-image-1663 \" src=\"http:\/\/institucional.us.es\/orquesta\/wp-content\/uploads\/2014\/05\/cartel-osc_page-0001-215x300.jpg\" alt=\"cartel osc_page-0001\" width=\"226\" height=\"332\" \/><\/a>Jueves 15 de diciembre 2011 \u00b7 20h \u00b7 Auditorio ETS Ingenier\u00eda<\/strong><\/p><p>ORQUESTA SINF\u00d3NICA CONJUNTA US-CSMS<br \/>Joanna Krasuska-Motulewicz\u00b7 mezzosoprano<br \/>Juan Garc\u00eda Rodr\u00edguez \u00b7 director<\/p><p>\u00a0<\/p><p><strong>&#8211; PROGRAMA &#8211;<\/strong><\/p><p><strong>B. Britten<\/strong><br \/><em>Passacaglia de \u201cPeter Grimes\u201d<\/em><\/p><p><strong>G. Mahler<\/strong><br \/><em>Kindertotenlieder<\/em><\/p><p><strong>L.v. Beethoven<\/strong><br \/><em>Sinfon\u00eda n\u00ba 5 en do menor Op. 67<\/em><\/p><p><a href=\"http:\/\/institucional.us.es\/orquesta\/plantilla-t1-1\/\"><span style=\"color: #ff6600;\">PLANTILLA<\/span><\/a><\/p><p>\u00a0<\/p><h3><strong><a href=\"https:\/\/cicus.us.es\/24-enero-2012-ii-concierto-orquesta-sinfonica-us\/\" target=\"_blank\" rel=\"noopener\"><span style=\"color: #ff6600;\">CONCIERTO #2<\/span><\/a><\/strong><\/h3><p><strong>Lunes 24 de enero 2012 \u00b7 20:30h \u00b7 Auditorio ETS Ingenier\u00eda<\/strong><\/p><p>ORQUESTA SINF\u00d3NICA CONJUNTA US-CSMS<br \/>Miguel Aguilar, Iv\u00e1n Rodr\u00edguez, Antonio Redondo, V\u00edctor Lozano \u00b7 trompas<br \/>Sherezade Jurado \u00b7 flauta<br \/>Francisco Javier Mart\u00edn \u00b7 clarinete<br \/>Juan Garc\u00eda Rodr\u00edguez \u00b7 director<\/p><p>\u00a0<\/p><p><strong>&#8211; PROGRAMA &#8211;<\/strong><\/p><p><strong>Steve Reich<\/strong><br \/><em>Vermont Counterpoint<br \/><em>New York Counterpoint<\/em><\/em><\/p><p><strong>R. Schumann<\/strong><br \/><em>Konzertst\u00fcck Op. 86<\/em>, para cuatro trompas y orquesta<\/p><p><strong>F. Mendelssohn<\/strong><br \/><em>Sinfon\u00eda para cuerdas n\u00ba 8 en Re mayor<\/em><\/p><p><a href=\"http:\/\/institucional.us.es\/orquesta\/plantilla-t1-2\/\"><span style=\"color: #ff6600;\">PLANTILLA<\/span><\/a><\/p><p>\u00a0<\/p><h3><strong><a href=\"https:\/\/cicus.us.es\/15-febrero-2012-orquesta-sinfonica-universitaria\/\" target=\"_blank\" rel=\"noopener\"><span style=\"color: #ff6600;\">CONCIERTO #3<\/span><\/a><\/strong><\/h3><p><strong>Mi\u00e9rcoles 15 de febrero 2012 \u00b7 20:30h \u00b7 Auditorio ETS Ingenier\u00eda<\/strong><\/p><p>ORQUESTA SINF\u00d3NICA CONJUNTA US-CSMS<br \/>\u00d3scar Mart\u00edn \u00b7 piano<br \/>Juan Garc\u00eda Rodr\u00edguez \u00b7 director<\/p><p>\u00a0<\/p><p><strong>&#8211; PROGRAMA &#8211;<\/strong><\/p><p><strong>Crist\u00f3bal Halffter<\/strong><br \/><em>Eleg\u00edas a la muerte de tres poetas espa\u00f1oles<\/em><\/p><p><strong>Sergei Rachmaninov<\/strong><br \/><em>Concierto para piano y orquesta n\u00ba 3 en re menor Op. 30<\/em><\/p><p><a href=\"http:\/\/institucional.us.es\/orquesta\/plantilla-t1-3\/\"><span style=\"color: #ff6600;\">PLANTILLA<\/span><\/a><\/p><p>\u00a0<\/p><h3><strong><a href=\"https:\/\/cicus.us.es\/27-marzo-2012-orquesta-sinfonica-universitaria\/\" target=\"_blank\" rel=\"noopener\"><span style=\"color: #ff6600;\">CONCIERTO #4<\/span><\/a><\/strong><\/h3><p><strong><a href=\"http:\/\/institucional.us.es\/orquesta\/wp-content\/uploads\/2014\/06\/23-marzo-2012.jpg\"><img decoding=\"async\" class=\"alignleft wp-image-157 size-medium\" src=\"http:\/\/institucional.us.es\/orquesta\/wp-content\/uploads\/2014\/06\/23-marzo-2012-208x300.jpg\" alt=\"23 marzo 2012\" width=\"208\" height=\"300\" srcset=\"https:\/\/institucional.us.es\/orquesta\/wp-content\/uploads\/2014\/06\/23-marzo-2012-208x300.jpg 208w, https:\/\/institucional.us.es\/orquesta\/wp-content\/uploads\/2014\/06\/23-marzo-2012-712x1024.jpg 712w, https:\/\/institucional.us.es\/orquesta\/wp-content\/uploads\/2014\/06\/23-marzo-2012.jpg 954w\" sizes=\"(max-width: 208px) 100vw, 208px\" \/><\/a>Martes 27 de marzo 2012 \u00b7 20:30h \u00b7 Auditorio ETS Ingenier\u00eda<\/strong><\/p><p>ORQUESTA SINF\u00d3NICA CONJUNTA US-CSMS<br \/>Juan Garc\u00eda Rodr\u00edguez \u00b7 director<\/p><p>\u00a0<\/p><p><strong>&#8211; PROGRAMA &#8211;<\/strong><\/p><p><strong>A. Bruckner<\/strong><br \/><em>Sinfon\u00eda n\u00fam. 8 en do menor<\/em> (versi\u00f3n 1890)<\/p><p><a href=\"http:\/\/institucional.us.es\/orquesta\/plantilla-t14\/\"><span style=\"color: #ff6600;\">PLANTILLA<\/span><\/a><\/p><p>\u00a0<\/p><h2>\u00a0<\/h2><h2>\u00a0<\/h2><h3><strong><a href=\"https:\/\/cicus.us.es\/25-mayo-2012-orquesta-sinfonica-universitaria\/\" target=\"_blank\" rel=\"noopener\"><span style=\"color: #ff6600;\">CONCIERTO #5<\/span><\/a><\/strong><\/h3><p><strong><a href=\"http:\/\/institucional.us.es\/orquesta\/wp-content\/uploads\/2014\/06\/25-mayo-2012.jpg\"><img decoding=\"async\" class=\"alignleft wp-image-148 size-medium\" src=\"http:\/\/institucional.us.es\/orquesta\/wp-content\/uploads\/2014\/06\/25-mayo-2012-208x300.jpg\" alt=\"25 mayo 2012\" width=\"208\" height=\"300\" srcset=\"https:\/\/institucional.us.es\/orquesta\/wp-content\/uploads\/2014\/06\/25-mayo-2012-208x300.jpg 208w, https:\/\/institucional.us.es\/orquesta\/wp-content\/uploads\/2014\/06\/25-mayo-2012.jpg 654w\" sizes=\"(max-width: 208px) 100vw, 208px\" \/><\/a>Viernes 25 de mayo 2012 \u00b7 20:30h \u00b7 Auditorio ETS Ingenier\u00eda<\/strong><\/p><p>ORQUESTA SINF\u00d3NICA CONJUNTA US-CSMS<br \/>Francisco Javier Mart\u00edn \u00b7 clarinete<br \/>Jan Mi\u0142osz Zarzycki \u00b7 director invitado<\/p><p>\u00a0<\/p><p><strong>&#8211; PROGRAMA &#8211;<\/strong><\/p><p><strong>Stanis\u0142aw Moryto<\/strong><br \/><em>Obertura Rok 1410<\/em><\/p><p><strong>Carl Maria von Weber<\/strong><br \/><em>Concierto para clarinete y orquesta n\u00ba 2 en Mi bemol mayor Op. 74<\/em><\/p><p><strong>Joseph Haydn<\/strong><br \/><em>Sinfon\u00eda Hob. I. 104 en Re mayo \u00abLondres\u00bb<\/em><\/p><p><a href=\"http:\/\/institucional.us.es\/orquesta\/plantilla-ti5\/ \"><span style=\"color: #ff6600;\">PLANTILLA<\/span><\/a><\/p>\t\t\t\t\t\t\t\t<\/div>\n\t\t\t\t<\/div>\n\t\t\t\t\t<\/div>\n\t\t<\/div>\n\t\t\t\t\t<\/div>\n\t\t<\/section>\n\t\t\t\t<\/div>\n\t\t","protected":false},"excerpt":{"rendered":"<p>\u00a0 OSC. I Temporada 2011-2012 Se funda la Orquesta Sinf\u00f3nica Conjunta de la Universidad de Sevilla y el Conservatorio Superior de M\u00fasica Manuel Castillo de Sevilla, un ambicioso proyecto cuyo recorrido est\u00e1 a\u00fan por desvelar, pero que ya solo en su primera temporada de conciertos pretende abordar repertorios sinf\u00f3nicos de gran complejidad en la que [&hellip;]<\/p>\n","protected":false},"author":3,"featured_media":0,"parent":43,"menu_order":0,"comment_status":"closed","ping_status":"closed","template":"","meta":{"site-sidebar-layout":"default","site-content-layout":"","ast-site-content-layout":"default","site-content-style":"default","site-sidebar-style":"default","ast-global-header-display":"","ast-banner-title-visibility":"","ast-main-header-display":"","ast-hfb-above-header-display":"","ast-hfb-below-header-display":"","ast-hfb-mobile-header-display":"","site-post-title":"","ast-breadcrumbs-content":"","ast-featured-img":"","footer-sml-layout":"","ast-disable-related-posts":"","theme-transparent-header-meta":"","adv-header-id-meta":"","stick-header-meta":"","header-above-stick-meta":"","header-main-stick-meta":"","header-below-stick-meta":"","astra-migrate-meta-layouts":"default","ast-page-background-enabled":"default","ast-page-background-meta":{"desktop":{"background-color":"","background-image":"","background-repeat":"repeat","background-position":"center center","background-size":"auto","background-attachment":"scroll","background-type":"","background-media":"","overlay-type":"","overlay-color":"","overlay-opacity":"","overlay-gradient":""},"tablet":{"background-color":"","background-image":"","background-repeat":"repeat","background-position":"center center","background-size":"auto","background-attachment":"scroll","background-type":"","background-media":"","overlay-type":"","overlay-color":"","overlay-opacity":"","overlay-gradient":""},"mobile":{"background-color":"","background-image":"","background-repeat":"repeat","background-position":"center center","background-size":"auto","background-attachment":"scroll","background-type":"","background-media":"","overlay-type":"","overlay-color":"","overlay-opacity":"","overlay-gradient":""}},"ast-content-background-meta":{"desktop":{"background-color":"var(--ast-global-color-5)","background-image":"","background-repeat":"repeat","background-position":"center center","background-size":"auto","background-attachment":"scroll","background-type":"","background-media":"","overlay-type":"","overlay-color":"","overlay-opacity":"","overlay-gradient":""},"tablet":{"background-color":"var(--ast-global-color-5)","background-image":"","background-repeat":"repeat","background-position":"center center","background-size":"auto","background-attachment":"scroll","background-type":"","background-media":"","overlay-type":"","overlay-color":"","overlay-opacity":"","overlay-gradient":""},"mobile":{"background-color":"var(--ast-global-color-5)","background-image":"","background-repeat":"repeat","background-position":"center center","background-size":"auto","background-attachment":"scroll","background-type":"","background-media":"","overlay-type":"","overlay-color":"","overlay-opacity":"","overlay-gradient":""}},"footnotes":""},"class_list":["post-71","page","type-page","status-publish","hentry"],"_links":{"self":[{"href":"https:\/\/institucional.us.es\/orquesta\/wp-json\/wp\/v2\/pages\/71","targetHints":{"allow":["GET"]}}],"collection":[{"href":"https:\/\/institucional.us.es\/orquesta\/wp-json\/wp\/v2\/pages"}],"about":[{"href":"https:\/\/institucional.us.es\/orquesta\/wp-json\/wp\/v2\/types\/page"}],"author":[{"embeddable":true,"href":"https:\/\/institucional.us.es\/orquesta\/wp-json\/wp\/v2\/users\/3"}],"replies":[{"embeddable":true,"href":"https:\/\/institucional.us.es\/orquesta\/wp-json\/wp\/v2\/comments?post=71"}],"version-history":[{"count":64,"href":"https:\/\/institucional.us.es\/orquesta\/wp-json\/wp\/v2\/pages\/71\/revisions"}],"predecessor-version":[{"id":5180,"href":"https:\/\/institucional.us.es\/orquesta\/wp-json\/wp\/v2\/pages\/71\/revisions\/5180"}],"up":[{"embeddable":true,"href":"https:\/\/institucional.us.es\/orquesta\/wp-json\/wp\/v2\/pages\/43"}],"wp:attachment":[{"href":"https:\/\/institucional.us.es\/orquesta\/wp-json\/wp\/v2\/media?parent=71"}],"curies":[{"name":"wp","href":"https:\/\/api.w.org\/{rel}","templated":true}]}}