{"id":756,"date":"2016-02-08T07:37:18","date_gmt":"2016-02-08T07:37:18","guid":{"rendered":"http:\/\/institucional.us.es\/orquesta\/?page_id=756"},"modified":"2016-02-18T09:53:56","modified_gmt":"2016-02-18T09:53:56","slug":"756-2","status":"publish","type":"page","link":"https:\/\/institucional.us.es\/orquesta\/756-2\/","title":{"rendered":"Plan ensayos segundo encuentro 2016"},"content":{"rendered":"<p>&nbsp;<\/p>\n<p><span style=\"color: #ff0000;\"><strong>PLAN DE TRABAJO<\/strong><\/span><\/p>\n<p><strong>VIERNES 05-02-2016 AULA 14<\/strong><\/p>\n<p>8:30-12:30 Seccional Violas\/Cellos\/Contrabajos Honegger, Mozart<\/p>\n<p><strong>VIERNES 12-02-2016 AULA 14\u00a0\u00a0\u00a0 <\/strong><\/p>\n<p>8:30-12:30 Seccional Violines I\/II Honegger, Mozart<\/p>\n<p><strong>VIERNES 19-02-2016 AULA 14<\/strong><\/p>\n<p>8:30-12:30 Seccional Violas\/Cellos\/Contrabajos Schumann<\/p>\n<p><strong>VIERNES 26-02-2016 AULA 14<\/strong><\/p>\n<p>8:30-12:30 Seccional Violines I\/II Schumann<\/p>\n<p><strong>VIERNES 04-03-2016 AULA 14<\/strong><\/p>\n<p>8:30-12:30 Parcial cuerdas Schumann<\/p>\n<p><strong>MARTES 08-03-2016 AULA 14<\/strong><\/p>\n<p>8:30-11:30 Parcial cuerdas Honegger<\/p>\n<p><strong>MI\u00c9RCOLES 09-03-2016 AULA 14<\/strong><\/p>\n<p>8:30-12:30 Parcial vientos Schumann<\/p>\n<p><strong>JUEVES 10-03-2016 AULA 14<\/strong><\/p>\n<p>8:30-11:30 Parcial vientos Honegger<\/p>\n<p>16:00-20:00 Tutti Schumann<\/p>\n<p><strong>VIERNES 11-03-2016 AULA 14<\/strong><\/p>\n<p>8:30-10:30 Tutti Honegger<\/p>\n<p>10:30-14:30 Tutti Mozart<\/p>\n<p><strong>LUNES 14-03-2016 AUDITORIO ETS INGENIER\u00cdA<br \/>\n<\/strong><\/p>\n<p>9:00- 13:00 Tutti Schumann<\/p>\n<p>17:00-19:00 Tutti Honegger<\/p>\n<p>19:00-21:00 Tutti Mozart<\/p>\n<p><strong>MARTES 15-03-2016 AUDITORIO ETS INGENIER\u00cdA<br \/>\n<\/strong><\/p>\n<p>10:00-13:00 Tutti Schumann<\/p>\n<p>18:00-19:30 Tutti Honegger<\/p>\n<p>19:30-21:00 Tutti Mozart<\/p>\n<p><strong>MI\u00c9RCOLES 16-03-2016 AUDITORIO ETS INGENIER\u00cdA<br \/>\n<\/strong><\/p>\n<p>11:00 Ensayo general HONEGGER-MOZART-SCHUMANN<\/p>\n<p>20:00 Concierto<\/p>\n<p>&nbsp;<\/p>\n<p><strong><span style=\"color: #ff0000;\">PLANTILLA<\/span> <\/strong>&#8211; SEGUNDO ENCUENTRO<\/p>\n<p>&nbsp;<\/p>\n<p><strong>FLAUTAS<\/strong><\/p>\n<p>Paula Garc\u00eda-Arcic\u00f3llar Merino<\/p>\n<p>Alba Mar\u00eda Jim\u00e9nez Carrasco<\/p>\n<p>A\u00edda Marchal Garcia<\/p>\n<p>Mar\u00eda Fern\u00e1ndez \u00c1lvarez<\/p>\n<p>Manuel Fern\u00e1ndez Rubio<\/p>\n<p>&nbsp;<\/p>\n<p><strong>OBOES<\/strong><\/p>\n<p>Francisco Onieva Luque<\/p>\n<p>Juan Carlos \u00c1lvarez Castillo<\/p>\n<p>Leticia L\u00f3pez Fern\u00e1ndez<\/p>\n<p>Mar\u00eda del Carmen Dom\u00ednguez Rueda<\/p>\n<p>Marta Mart\u00edn Moreno<\/p>\n<p>&nbsp;<\/p>\n<p><strong>CLARINETES<\/strong><\/p>\n<p>Carlos Guill\u00e9n Gonz\u00e1lez<\/p>\n<p>Jes\u00fas Joaqu\u00edn Espinosa de los Monteros<\/p>\n<p>Pablo Rodr\u00edguez Cotorruelo<\/p>\n<p>Catalina P\u00e9rez Mu\u00f1oz<\/p>\n<p>Juan Jos\u00e9 Cabrera Mu\u00f1oz<\/p>\n<p>&nbsp;<\/p>\n<p><strong>FAGOTES<\/strong><\/p>\n<p>Mar\u00eda Beatriz Bueno Fern\u00e1ndez<\/p>\n<p>Carmen Cabello Anguita<\/p>\n<p>Raquel M\u00e1rquez Varela<\/p>\n<p>Jes\u00fas Manuel Moreno Gonz\u00e1lez<\/p>\n<p>&nbsp;<\/p>\n<p><strong>TROMPAS<\/strong><\/p>\n<p>M\u00edriam Rodr\u00edguez Alc\u00e1ntara<\/p>\n<p>Alba Mar\u00eda Torres L\u00f3pez<\/p>\n<p>Erik Ant\u00fanez<\/p>\n<p>Francisco Joaqu\u00edn Monge<\/p>\n<p>Roc\u00edo Moreno Monta\u00f1o<\/p>\n<p>&nbsp;<\/p>\n<p><strong>TROMPETAS<\/strong><\/p>\n<p>Francisco Javier Jim\u00e9nez Villar\u00e1n<\/p>\n<p>David Segado Ram\u00edrez<\/p>\n<p>Manuel Ruano<\/p>\n<p>Daniel Camacho D\u00edaz<\/p>\n<p>Jos\u00e9 Ram\u00f3n S\u00e1nchez<\/p>\n<p>&nbsp;<\/p>\n<p><strong>TROMBONES<\/strong><\/p>\n<p>Miguel \u00c1ngel Navarro<\/p>\n<p>Antonio Garc\u00eda Rodr\u00edguez<\/p>\n<p>Ignacio Navarro Valero<\/p>\n<p>Alejandro L\u00f3pez Mill\u00e1n<\/p>\n<p>Andr\u00e9s Jes\u00fas Ferreiro<\/p>\n<p>&nbsp;<\/p>\n<p><strong>TUBA<\/strong><\/p>\n<p>Jes\u00fas Di\u00e9guez<\/p>\n<p>&nbsp;<\/p>\n<p><strong>TIMBALES<\/strong><\/p>\n<p>Armando Capilla Delgado<\/p>\n<p>&nbsp;<\/p>\n<p><strong>PERCUSI\u00d3N<\/strong><\/p>\n<p>Roberto Lopez Dominguez<\/p>\n<p>Juan Muela Jimenez<\/p>\n<p>Alejandro Tur de Carlos<\/p>\n<p>&nbsp;<\/p>\n<p><strong>VIOLINES I SCHUMANN, HONEGGER<\/strong><\/p>\n<p>Claudia Gallardo Uriarte<\/p>\n<p>Mar\u00eda Cristina Dom\u00ednguez Asperilla<\/p>\n<p>Irene Morales Fern\u00e1ndez<\/p>\n<p>Rut Mart\u00ednez Rodr\u00edguez<\/p>\n<p>Sergio Fern\u00e1ndez Vega<\/p>\n<p>Laura Ortega Valenzuela<\/p>\n<p>Daniel Fern\u00e1ndez Mendo<\/p>\n<p>Irene Cabanillas Garc\u00e9s<\/p>\n<p>Nerea Garc\u00eda Su\u00e1rez<\/p>\n<p>Pablo Ram\u00edrez Almagro<\/p>\n<p>Alba Catal\u00e1n Manzano<\/p>\n<p>Sandra Bravo Correa<\/p>\n<p>Sara Vega Moreno<\/p>\n<p>Mar\u00eda Salas Raposo<\/p>\n<p>&nbsp;<\/p>\n<p>Alicia Rodr\u00edguez<\/p>\n<p>Teresa Bartolom\u00e9 L\u00f3pez<\/p>\n<p>Alfonso Cuevas<\/p>\n<p>&nbsp;<\/p>\n<p><strong>VIOLINES II SCHUMANN, HONEGGER<\/strong><\/p>\n<p>Andrea Marquina P\u00e9rez<\/p>\n<p>Elena Vallecillo Postigo<\/p>\n<p>\u00c1ngela Rodr\u00edguez Gema<\/p>\n<p>Marta Jim\u00e9nez Aguilera<\/p>\n<p>Sophia Quarenghi<\/p>\n<p>\u00c1lvaro Rodr\u00edguez G\u00f3mez<\/p>\n<p>Laura L\u00f3pez Paz<\/p>\n<p>Antonio V\u00e1zquez P\u00e9rez<\/p>\n<p>Mar\u00eda Hu\u00e9lamo<\/p>\n<p>Fernando Jos\u00e9 Pina Mu\u00f1oz<\/p>\n<p>Alejandro Fernando Manch\u00f3n Gordon<\/p>\n<p>Sergio Vall\u00e9s Fern\u00e1ndez<\/p>\n<p>Raquel Garc\u00eda Galera<\/p>\n<p>Luc\u00eda Fabiola Bernal M\u00e1rquez<\/p>\n<p>\u00c1ngel Garc\u00eda-Pelayo Guerrero<\/p>\n<p>Laura Mar\u00eda Raya Le\u00f3n<\/p>\n<p>&nbsp;<\/p>\n<p><strong>VIOLAS SCHUMANN<\/strong><\/p>\n<p>Jos\u00e9 \u00c1ngel Esteban<\/p>\n<p>Francisco Javier Rodas S\u00e1nchez<\/p>\n<p>Ana Moreno Rosales<\/p>\n<p>Mar\u00eda del Roc\u00edo Lauri\u00f1o Ruiz<\/p>\n<p>Mar\u00eda Garc\u00eda S\u00e1nchez<\/p>\n<p>\u00c1ngela Mar\u00eda Jim\u00e9nez Acevedo<\/p>\n<p>Alejandro Parra Gonz\u00e1lez<\/p>\n<p>Bel\u00e9n S\u00e1nchez Tortosa<\/p>\n<p>Alberto Garc\u00eda P\u00e9rez<\/p>\n<p>Mar\u00eda Dolores Rom\u00e1n Romero<\/p>\n<p>Isabel Romero Cuevas<\/p>\n<p>Mar\u00eda \u00c1ngeles Alcal\u00e1<\/p>\n<p>Gloria Fern\u00e1ndez Dorado<\/p>\n<p>Jes\u00fas Alfonso Vela Gonz\u00e1lez<\/p>\n<p>Ainhoa Franco Olmo<\/p>\n<p>Mar\u00eda Esperanza Gonz\u00e1lez Navarro<\/p>\n<p>M\u00edriam Gallardo<\/p>\n<p>&nbsp;<\/p>\n<p><strong>VIOLONCHELOS SCHUMANN<\/strong><\/p>\n<p>Enrique Garc\u00eda Galera<\/p>\n<p>Israel Sobrino Mu\u00f1oz<\/p>\n<p>Bel\u00e9n Gonz\u00e1lez<\/p>\n<p>Juan Lim\u00f3n Romero<\/p>\n<p>Fabio Rafael Arias Garc\u00eda<\/p>\n<p>Sergio Garrido Mariotto<\/p>\n<p>Ana Dom\u00ednguez Medina<\/p>\n<p>Sonia Garc\u00eda G\u00f3mez<\/p>\n<p>Elena Rodr\u00edguez Ad\u00e1n<\/p>\n<p>Araceli Carmona Nieto<\/p>\n<p>Generoso Juan Arcos Viveros<\/p>\n<p>Francisco Daniel Espa\u00f1a Arjona<\/p>\n<p>Marta \u00c1lvarez Alonso<\/p>\n<p>Pedro \u00c1ngel Aliaga Bernal<\/p>\n<p>Jos\u00e9 Luis Tar\u00edn de la Rosa<\/p>\n<p>Jos\u00e9 Mar\u00eda Rodr\u00edguez Palacios<\/p>\n<p>Rosa de Valme Garc\u00eda Varela<\/p>\n<p>&nbsp;<\/p>\n<p><strong>CONTRABAJOS<\/strong><\/p>\n<p>Rafael Baena Nieto<\/p>\n<p>Elena Farratell Ruiz<\/p>\n<p>Rom\u00e1n Fern\u00e1ndez Vaca<\/p>\n<p>Eduardo Rodr\u00edguez Sp\u00ednola<\/p>\n<p>Jos\u00e9 Manuel Fern\u00e1ndez<\/p>\n","protected":false},"excerpt":{"rendered":"<p>&nbsp; PLAN DE TRABAJO VIERNES 05-02-2016 AULA 14 8:30-12:30 Seccional Violas\/Cellos\/Contrabajos Honegger, Mozart VIERNES 12-02-2016 AULA 14\u00a0\u00a0\u00a0 8:30-12:30 Seccional Violines I\/II Honegger, Mozart VIERNES 19-02-2016 AULA 14 8:30-12:30 Seccional Violas\/Cellos\/Contrabajos Schumann VIERNES 26-02-2016 AULA 14 8:30-12:30 Seccional Violines I\/II Schumann VIERNES 04-03-2016 AULA 14 8:30-12:30 Parcial cuerdas Schumann MARTES 08-03-2016 AULA 14 8:30-11:30 Parcial cuerdas [&hellip;]<\/p>\n","protected":false},"author":3,"featured_media":0,"parent":0,"menu_order":0,"comment_status":"closed","ping_status":"open","template":"","meta":{"site-sidebar-layout":"default","site-content-layout":"","ast-site-content-layout":"default","site-content-style":"default","site-sidebar-style":"default","ast-global-header-display":"","ast-banner-title-visibility":"","ast-main-header-display":"","ast-hfb-above-header-display":"","ast-hfb-below-header-display":"","ast-hfb-mobile-header-display":"","site-post-title":"","ast-breadcrumbs-content":"","ast-featured-img":"","footer-sml-layout":"","ast-disable-related-posts":"","theme-transparent-header-meta":"","adv-header-id-meta":"","stick-header-meta":"","header-above-stick-meta":"","header-main-stick-meta":"","header-below-stick-meta":"","astra-migrate-meta-layouts":"default","ast-page-background-enabled":"default","ast-page-background-meta":{"desktop":{"background-color":"","background-image":"","background-repeat":"repeat","background-position":"center center","background-size":"auto","background-attachment":"scroll","background-type":"","background-media":"","overlay-type":"","overlay-color":"","overlay-opacity":"","overlay-gradient":""},"tablet":{"background-color":"","background-image":"","background-repeat":"repeat","background-position":"center center","background-size":"auto","background-attachment":"scroll","background-type":"","background-media":"","overlay-type":"","overlay-color":"","overlay-opacity":"","overlay-gradient":""},"mobile":{"background-color":"","background-image":"","background-repeat":"repeat","background-position":"center center","background-size":"auto","background-attachment":"scroll","background-type":"","background-media":"","overlay-type":"","overlay-color":"","overlay-opacity":"","overlay-gradient":""}},"ast-content-background-meta":{"desktop":{"background-color":"var(--ast-global-color-5)","background-image":"","background-repeat":"repeat","background-position":"center center","background-size":"auto","background-attachment":"scroll","background-type":"","background-media":"","overlay-type":"","overlay-color":"","overlay-opacity":"","overlay-gradient":""},"tablet":{"background-color":"var(--ast-global-color-5)","background-image":"","background-repeat":"repeat","background-position":"center center","background-size":"auto","background-attachment":"scroll","background-type":"","background-media":"","overlay-type":"","overlay-color":"","overlay-opacity":"","overlay-gradient":""},"mobile":{"background-color":"var(--ast-global-color-5)","background-image":"","background-repeat":"repeat","background-position":"center center","background-size":"auto","background-attachment":"scroll","background-type":"","background-media":"","overlay-type":"","overlay-color":"","overlay-opacity":"","overlay-gradient":""}},"footnotes":""},"class_list":["post-756","page","type-page","status-publish","hentry"],"_links":{"self":[{"href":"https:\/\/institucional.us.es\/orquesta\/wp-json\/wp\/v2\/pages\/756","targetHints":{"allow":["GET"]}}],"collection":[{"href":"https:\/\/institucional.us.es\/orquesta\/wp-json\/wp\/v2\/pages"}],"about":[{"href":"https:\/\/institucional.us.es\/orquesta\/wp-json\/wp\/v2\/types\/page"}],"author":[{"embeddable":true,"href":"https:\/\/institucional.us.es\/orquesta\/wp-json\/wp\/v2\/users\/3"}],"replies":[{"embeddable":true,"href":"https:\/\/institucional.us.es\/orquesta\/wp-json\/wp\/v2\/comments?post=756"}],"version-history":[{"count":4,"href":"https:\/\/institucional.us.es\/orquesta\/wp-json\/wp\/v2\/pages\/756\/revisions"}],"predecessor-version":[{"id":767,"href":"https:\/\/institucional.us.es\/orquesta\/wp-json\/wp\/v2\/pages\/756\/revisions\/767"}],"wp:attachment":[{"href":"https:\/\/institucional.us.es\/orquesta\/wp-json\/wp\/v2\/media?parent=756"}],"curies":[{"name":"wp","href":"https:\/\/api.w.org\/{rel}","templated":true}]}}