{"id":867,"date":"2017-03-06T15:03:28","date_gmt":"2017-03-06T15:03:28","guid":{"rendered":"http:\/\/institucional.us.es\/orquesta\/?page_id=867"},"modified":"2023-02-10T11:42:30","modified_gmt":"2023-02-10T11:42:30","slug":"temporada-20162017","status":"publish","type":"page","link":"https:\/\/institucional.us.es\/orquesta\/programa-de-conciertos\/temporada-20162017\/","title":{"rendered":"TEMPORADA 2016\/2017"},"content":{"rendered":"<h2><span style=\"color: #ff6600;\"><strong><strong>OSC<\/strong><\/strong>. VI Temporada 2016-2017<\/span><\/h2>\n<p style=\"text-align: justify;\"><a href=\"http:\/\/institucional.us.es\/orquesta\/wp-content\/uploads\/2014\/05\/18527323_10154959203064442_6498832159838397816_o.jpg\"><img fetchpriority=\"high\" decoding=\"async\" class=\"wp-image-1162 alignleft\" src=\"http:\/\/institucional.us.es\/orquesta\/wp-content\/uploads\/2014\/05\/18527323_10154959203064442_6498832159838397816_o-1024x683.jpg\" alt=\"18527323_10154959203064442_6498832159838397816_o\" width=\"340\" height=\"206\" \/><\/a>Tres ser\u00e1n los conciertos que tendr\u00e1n lugar en la ETS de Ingenier\u00eda en esta nueva temporada de la OSC, destacando tanto los solistas participantes en cada uno de ellos, as\u00ed como los programas que se interpretar\u00e1n, siendo especialmente protagonista la m\u00fasica europea del siglo XX en el segundo de los conciertos y la colaboraci\u00f3n con varios coros de la ciudad para poder interpretar la monumental \u00ab<strong>Misa Nelson<\/strong>\u00bb de Haydn, siendo esta vez el director invitado Juan Rodr\u00edguez. Igualmente tendr\u00e1 lugar uno de los m\u00e1s apasionantes proyectos y se desarrollar\u00e1 en el Teatro de la Maestranza, en cuya sala Manuel Garc\u00eda y en una coproducci\u00f3n de la OSC con la ESAD, se representar\u00e1 la obra\u00a0<strong><em>El Retablo de Maese Pedro<\/em><\/strong> de Manuel de Falla, en un espect\u00e1culo m\u00e1gico de t\u00edteres, donde la m\u00fasica de la OSC &#8211; esta vez en formaci\u00f3n de c\u00e1mara &#8211; y los textos de Cervantes seguro avivar\u00e1n el seso y despierte la memoria del p\u00fablico asistente.<\/p>\n<p>&nbsp;<\/p>\n<p><span style=\"color: #ff9900;\"><strong>TEMPORADA VI. OSC. <\/strong><strong>CURSO 2016-2017<\/strong><\/span><br \/>\nORQUESTA SINF\u00d3NICA CONJUNTA US-CSMS<\/p>\n<p>&nbsp;<\/p>\n<p>&nbsp;<\/p>\n<h2><strong><a href=\"https:\/\/cicus.us.es\/15nov-%c2%b7-invitaciones-disponibles-%c2%b7-concierto-osc\/\" target=\"_blank\" rel=\"noopener\"><span style=\"color: #ff6600;\">CONCIERTO #1<\/span><\/a><\/strong><\/h2>\n<p>Viernes 02 diciembre 2016 \u00b7 20 h \u00b7 Auditorio ETS Ingenier\u00eda<\/p>\n<p>ORQUESTA SINF\u00d3NICA CONJUNTA DE LA US-CSMS<\/p>\n<p>Israel Fausto Mart\u00ednez \u00b7 violonchelo<br \/>\nJuan Garc\u00eda Rodr\u00edguez \u00b7 director<br \/>\n&nbsp;<br \/>\n<strong>&#8211; PROGRAMA &#8211;<\/strong><\/p>\n<p><strong>H. Berlioz<\/strong><br \/>\n<em>Sc\u00e8ne d\u2019amour de \u201cRom\u00e9o et Juliette\u201d<\/em><\/p>\n<p><strong>E. Elgar<\/strong><br \/>\n<em>Concierto para violonchelo en mi menor, op. 85<\/em><\/p>\n<p><strong>F. Mendelssohn<\/strong><br \/>\n<em>Sinfon\u00eda n\u00ba 5 en Re mayor, op. 107 \u00abLa Reforma\u00bb<\/em><\/p>\n<p><span style=\"color: #0066cc;\"><a title=\"PLANTILLA T8 #4\" href=\"http:\/\/institucional.us.es\/orquesta\/plantilla-t6-1\/\"><span style=\"color: #ff6600;\">PLANTILLA<\/span><\/a><\/span><\/p>\n<p>&nbsp;<\/p>\n<p>&nbsp;<\/p>\n<h2><strong><a href=\"https:\/\/cicus.us.es\/evento\/osc-%c2%b7-concierto2-osc-orquesta-sinfonica-conjunta-%c2%b7-vi-temporada\/\" target=\"_blank\" rel=\"noopener\"><span style=\"color: #ff6600;\">CONCIERTO #2<\/span><\/a><\/strong><\/h2>\n<p>Viernes 31 de marzo de 2017 \u00b7 20h \u00b7 Auditorio ETS de Ingenier\u00eda<\/p>\n<p>Orquesta Sinf\u00f3nica Conjunta de la US-CSMS<\/p>\n<p>Juan Garc\u00eda Rodr\u00edguez\u00a0\u00b7 direcci\u00f3n<br \/>\nManuel Brazo\u00a0\u00b7 saxof\u00f3n<\/p>\n<p><a href=\"http:\/\/institucional.us.es\/orquesta\/wp-content\/uploads\/2019\/09\/TEMPORADA-VI-Segundo-concierto-temporada-2016-17-Orquesta-Sinfonica-Conjunta.jpg\"><img decoding=\"async\" class=\"alignleft wp-image-1675 \" src=\"http:\/\/institucional.us.es\/orquesta\/wp-content\/uploads\/2019\/09\/TEMPORADA-VI-Segundo-concierto-temporada-2016-17-Orquesta-Sinfonica-Conjunta-213x300.jpg\" alt=\"TEMPORADA VI Segundo-concierto-temporada-2016-17-Orquesta-Sinfonica-Conjunta\" width=\"238\" height=\"335\" srcset=\"https:\/\/institucional.us.es\/orquesta\/wp-content\/uploads\/2019\/09\/TEMPORADA-VI-Segundo-concierto-temporada-2016-17-Orquesta-Sinfonica-Conjunta-213x300.jpg 213w, https:\/\/institucional.us.es\/orquesta\/wp-content\/uploads\/2019\/09\/TEMPORADA-VI-Segundo-concierto-temporada-2016-17-Orquesta-Sinfonica-Conjunta-728x1024.jpg 728w, https:\/\/institucional.us.es\/orquesta\/wp-content\/uploads\/2019\/09\/TEMPORADA-VI-Segundo-concierto-temporada-2016-17-Orquesta-Sinfonica-Conjunta.jpg 1200w\" sizes=\"(max-width: 238px) 100vw, 238px\" \/><\/a><\/p>\n<p>&nbsp;<\/p>\n<p><strong>&#8211; PROGRAMA &#8211;<\/strong><\/p>\n<p><strong>A. Webern<strong><br \/>\n<\/strong><\/strong><em>Seis piezas para orquesta<\/em>, Op.6b<\/p>\n<p><strong>H. Tomasi<strong><br \/>\n<\/strong><\/strong><em>Concierto para saxof\u00f3n y orquesta<\/em><\/p>\n<p><strong>J. Sibelius<strong><br \/>\n<\/strong><\/strong><em>El Bardo<\/em> (poema sinf\u00f3nico), Op.64<\/p>\n<p><strong>B. Britten<strong><br \/>\n<\/strong><\/strong><em>Sinfonia da Requiem<\/em>, Op.20<\/p>\n<p><a title=\"PLANTILLA T6 #2\" href=\"http:\/\/institucional.us.es\/orquesta\/plantilla-t6-2\/\"><span style=\"color: #ff6600;\">PLANTILLA<\/span><\/a><\/p>\n<p>&nbsp;<\/p>\n<p>&nbsp;<\/p>\n<h2><strong><a href=\"https:\/\/cicus.us.es\/evento\/osc-%c2%b7-concierto2-osc-orquesta-sinfonica-conjunta-%c2%b7-vi-temporada\/\" target=\"_blank\" rel=\"noopener\"><span style=\"color: #ff6600;\">CONCIERTO EXTRAORDINARIO<\/span><\/a><\/strong><\/h2>\n<p><a href=\"http:\/\/institucional.us.es\/orquesta\/wp-content\/uploads\/2019\/09\/Produccion-Retablo-Maese-Pedro-Teatro-Maestranza.jpg\"><img decoding=\"async\" class=\"alignleft wp-image-1676 \" src=\"http:\/\/institucional.us.es\/orquesta\/wp-content\/uploads\/2019\/09\/Produccion-Retablo-Maese-Pedro-Teatro-Maestranza-213x300.jpg\" alt=\"Produccion-Retablo-Maese-Pedro-Teatro-Maestranza\" width=\"239\" height=\"337\" srcset=\"https:\/\/institucional.us.es\/orquesta\/wp-content\/uploads\/2019\/09\/Produccion-Retablo-Maese-Pedro-Teatro-Maestranza-213x300.jpg 213w, https:\/\/institucional.us.es\/orquesta\/wp-content\/uploads\/2019\/09\/Produccion-Retablo-Maese-Pedro-Teatro-Maestranza-728x1024.jpg 728w, https:\/\/institucional.us.es\/orquesta\/wp-content\/uploads\/2019\/09\/Produccion-Retablo-Maese-Pedro-Teatro-Maestranza.jpg 1200w\" sizes=\"(max-width: 239px) 100vw, 239px\" \/><\/a>M\u00edercoles 17 mayo \u00b7 19h y 21h \u00b7 Teatro de la Maestranza. Sala Manuel Garc\u00eda<\/p>\n<p>ORQUESTA SINF\u00d3NICA CONJUNTA US-CSMS<br \/>\nESCUELA SUPERIOR DE ARTE DRAM\u00c1TICO DE SEVILLA<\/p>\n<p>Juan Garc\u00eda Rodr\u00edguez \u00b7 direcci\u00f3n musical<br \/>\nAlfonso Zurro \u00b7 direcci\u00f3n de escena<br \/>\nJuan A. de la Plaza Ant\u00fanez \u00b7 direcci\u00f3n y puesta en escena de t\u00edteres<\/p>\n<p>&nbsp;<\/p>\n<p><strong><em>El Retablo de Maese Pedro<\/em>. Manuel de Falla<\/strong><\/p>\n<p><a title=\"PLANTILLA T6 RETABLO\" href=\"http:\/\/institucional.us.es\/orquesta\/plantilla-t6-retablo\/\"><span style=\"color: #ff6600;\">PLANTILLA<\/span><\/a><\/p>\n<p><a href=\"https:\/\/consev.es\/wp-content\/uploads\/2017\/05\/Programa-Retablo-Maese-Pedro-Teatro-Maestranza.pdf\"><span style=\"color: #ff6600;\">PROGRAMA DE MANO<\/span><\/a><\/p>\n<p>Entrada libre mediante reserva previa<\/p>\n<p>&nbsp;<\/p>\n<h2><strong><a href=\"https:\/\/cicus.us.es\/26may-%c2%b7-osc3-%c2%b7-temporada-vi\/\" target=\"_blank\" rel=\"noopener\"><span style=\"color: #ff6600;\">CONCIERTO #3<\/span><\/a><\/strong><\/h2>\n<p>Viernes 26 de mayo de 2017 \u00b7 20h \u00b7 Auditorio ETS de Ingenier\u00eda<\/p>\n<p>ORQUESTA SINF\u00d3NICA CONJUNTA US-CSMS<\/p>\n<p>Juan Rodr\u00edguez Romero \u00b7 direcci\u00f3n<br \/>\n\u00d3scar Mart\u00edn \u00b7piano<\/p>\n<p>Rosa de Alba \u00b7 soprano | Carolina Moreno \u00b7 contralto | Vicente Bujalance \u00b7 tenor | Javier Cuevas \u00b7 bajo<\/p>\n<p>Coro Manuel de Falla \u00b7 Francisco Jos\u00e9 Cintado, director<br \/>\nCoro de C\u00e1mara Manuel Castillo \u00b7 Esther Sanzo, director<br \/>\nCoro Ateneo de Sevilla \u00b7 Antonio Mart\u00ednez, director<br \/>\nEscolan\u00eda Regina Coeli de Dos Hermanas \u00b7 Nicol\u00e1s M. Barbero, director<\/p>\n<p>&nbsp;<\/p>\n<p><strong>&#8211; PROGRAMA &#8211;<\/strong><\/p>\n<p><strong>J. Rodr\u00edguez Romero<\/strong><br \/>\n<em>Concierto para piano y orquesta<\/em><\/p>\n<p><strong>J. Haydn<\/strong><br \/>\n<em>Missa in Angustiis Hob XXII:11. \u201cMisa Nelson\u201d<\/em><\/p>\n<p><a title=\"PLANTILLA T6 #4\" href=\"http:\/\/institucional.us.es\/orquesta\/plantilla-t6-4\/\"><span style=\"color: #ff6600;\">PLANTILLA<\/span><\/a><\/p>\n<p>Entrada libre mediante invitaci\u00f3n. Las invitaciones pueden recogerse a partir del 18 de mayo en la conserjer\u00eda del CICUS (c\/Madre de Dios,1), de lunes a viernes de 10h a 18h.<\/p>\n","protected":false},"excerpt":{"rendered":"<p>OSC. VI Temporada 2016-2017 Tres ser\u00e1n los conciertos que tendr\u00e1n lugar en la ETS de Ingenier\u00eda en esta nueva temporada de la OSC, destacando tanto los solistas participantes en cada uno de ellos, as\u00ed como los programas que se interpretar\u00e1n, siendo especialmente protagonista la m\u00fasica europea del siglo XX en el segundo de los conciertos [&hellip;]<\/p>\n","protected":false},"author":3,"featured_media":0,"parent":43,"menu_order":0,"comment_status":"closed","ping_status":"closed","template":"","meta":{"site-sidebar-layout":"default","site-content-layout":"","ast-site-content-layout":"default","site-content-style":"default","site-sidebar-style":"default","ast-global-header-display":"","ast-banner-title-visibility":"","ast-main-header-display":"","ast-hfb-above-header-display":"","ast-hfb-below-header-display":"","ast-hfb-mobile-header-display":"","site-post-title":"","ast-breadcrumbs-content":"","ast-featured-img":"","footer-sml-layout":"","ast-disable-related-posts":"","theme-transparent-header-meta":"","adv-header-id-meta":"","stick-header-meta":"","header-above-stick-meta":"","header-main-stick-meta":"","header-below-stick-meta":"","astra-migrate-meta-layouts":"default","ast-page-background-enabled":"default","ast-page-background-meta":{"desktop":{"background-color":"","background-image":"","background-repeat":"repeat","background-position":"center center","background-size":"auto","background-attachment":"scroll","background-type":"","background-media":"","overlay-type":"","overlay-color":"","overlay-opacity":"","overlay-gradient":""},"tablet":{"background-color":"","background-image":"","background-repeat":"repeat","background-position":"center center","background-size":"auto","background-attachment":"scroll","background-type":"","background-media":"","overlay-type":"","overlay-color":"","overlay-opacity":"","overlay-gradient":""},"mobile":{"background-color":"","background-image":"","background-repeat":"repeat","background-position":"center center","background-size":"auto","background-attachment":"scroll","background-type":"","background-media":"","overlay-type":"","overlay-color":"","overlay-opacity":"","overlay-gradient":""}},"ast-content-background-meta":{"desktop":{"background-color":"var(--ast-global-color-5)","background-image":"","background-repeat":"repeat","background-position":"center center","background-size":"auto","background-attachment":"scroll","background-type":"","background-media":"","overlay-type":"","overlay-color":"","overlay-opacity":"","overlay-gradient":""},"tablet":{"background-color":"var(--ast-global-color-5)","background-image":"","background-repeat":"repeat","background-position":"center center","background-size":"auto","background-attachment":"scroll","background-type":"","background-media":"","overlay-type":"","overlay-color":"","overlay-opacity":"","overlay-gradient":""},"mobile":{"background-color":"var(--ast-global-color-5)","background-image":"","background-repeat":"repeat","background-position":"center center","background-size":"auto","background-attachment":"scroll","background-type":"","background-media":"","overlay-type":"","overlay-color":"","overlay-opacity":"","overlay-gradient":""}},"footnotes":""},"class_list":["post-867","page","type-page","status-publish","hentry"],"_links":{"self":[{"href":"https:\/\/institucional.us.es\/orquesta\/wp-json\/wp\/v2\/pages\/867","targetHints":{"allow":["GET"]}}],"collection":[{"href":"https:\/\/institucional.us.es\/orquesta\/wp-json\/wp\/v2\/pages"}],"about":[{"href":"https:\/\/institucional.us.es\/orquesta\/wp-json\/wp\/v2\/types\/page"}],"author":[{"embeddable":true,"href":"https:\/\/institucional.us.es\/orquesta\/wp-json\/wp\/v2\/users\/3"}],"replies":[{"embeddable":true,"href":"https:\/\/institucional.us.es\/orquesta\/wp-json\/wp\/v2\/comments?post=867"}],"version-history":[{"count":52,"href":"https:\/\/institucional.us.es\/orquesta\/wp-json\/wp\/v2\/pages\/867\/revisions"}],"predecessor-version":[{"id":3347,"href":"https:\/\/institucional.us.es\/orquesta\/wp-json\/wp\/v2\/pages\/867\/revisions\/3347"}],"up":[{"embeddable":true,"href":"https:\/\/institucional.us.es\/orquesta\/wp-json\/wp\/v2\/pages\/43"}],"wp:attachment":[{"href":"https:\/\/institucional.us.es\/orquesta\/wp-json\/wp\/v2\/media?parent=867"}],"curies":[{"name":"wp","href":"https:\/\/api.w.org\/{rel}","templated":true}]}}