{"id":12266,"date":"2020-07-13T16:11:03","date_gmt":"2020-07-13T16:11:03","guid":{"rendered":"http:\/\/institucional.us.es\/quadraginta\/?page_id=12266"},"modified":"2022-11-14T17:02:14","modified_gmt":"2022-11-14T17:02:14","slug":"participantes","status":"publish","type":"page","link":"https:\/\/institucional.us.es\/quadraginta\/participantes\/","title":{"rendered":"Participantes"},"content":{"rendered":"\r\n<p style=\"text-align: center;\"><em>Participantes en el proyecto Quadraginta:<\/em><\/p>\r\n<h2 class=\"wp-block-heading\">Caio Cl\u00edmaco<\/h2>\r\n\r\n\r\n\r\n<p><span class=\"has-inline-color has-very-dark-gray-color\">Fot\u00f3grafo e documentarista com forma\u00e7\u00e3o pela Escuela Internacional de Cine e TV de Cuba (EICTV); Escuela de Medios y Producci\u00f3n Audiovisual de la Fundaci\u00f3n \u00c1vila Tv (Empa) e pela Escuela de Comunicaci\u00f3n Popular Yanira Albornoz (ECPYA) na Venezuela. Considera que a melhor forma de escapar do neoliberalismo enquanto modalidade de subjetiva\u00e7\u00e3o \u00e9 a autoafirma\u00e7\u00e3o, posicionar-se para ele \u00e9 a sua primeira forma de resist\u00eancia. \u00c9 co-criador da Rede Audiovisual Rizoma, se declara como um semeador de possibilidades, pesquisador decolonial, macumbeiro, ativista e defensor da cultura afro-indigena-campesina-latinoamericana.<\/span><\/p>\r\n\r\n\r\n\r\n<p><span class=\"has-inline-color has-very-dark-gray-color\">Ele participou do projeto <em>Quadraginta<\/em> com o trabalho <a href=\"http:\/\/institucional.us.es\/quadraginta\/aiovg_videos\/fruto-da-modernidade\/\">\u00abFruto da Modernidade\u00bb<\/a>, de <strong>Vi\u00e7osa. Estado de Minas Gerais. Brasil<\/strong><\/span><\/p>\r\n\r\n\r\n<hr class=\"wp-block-separator\" \/>\r\n\r\n\r\n<h2 class=\"wp-block-heading\">Carlos Esca\u00f1o<\/h2>\r\n\r\n\r\n\r\n<p><span style=\"color: #000000;\"><span class=\"has-inline-color has-very-dark-gray-color\">Doctor en Bellas Artes (Universidad de Sevilla &#8211; Espa\u00f1a) y Doctor en Comunicaci\u00f3n y Educaci\u00f3n en Entornos Digitales (UNED &#8211; Espa\u00f1a). Tallerista internacional en la <\/span>Escuela Internacional de Cine e TV de Cuba (EICTV)<span class=\"has-inline-color has-very-dark-gray-color\">.<\/span><\/span><span class=\"has-inline-color has-very-dark-gray-color\"><span style=\"color: #000000;\"> Profesor de Educaci\u00f3n Art\u00edstica en la Universidad de Sevilla y realizador audiovisual.<\/span> <\/span><\/p>\r\n\r\n\r\n\r\n<p><span class=\"has-inline-color has-very-dark-gray-color\">Coordinador del presente proyecto <em>Quadraginta<\/em>, en el que igualmente participa con la pel\u00edcula <\/span><a href=\"http:\/\/institucional.us.es\/quadraginta\/aiovg_videos\/l_appel_du_vide\/\">\u00abL\u2019Appel du Vide\u00bb<\/a><span class=\"has-inline-color has-very-dark-gray-color\">, desde <strong>Sevilla. Andaluc\u00eda. Espa\u00f1a.<\/strong><\/span><\/p>\r\n\r\n\r\n<hr class=\"wp-block-separator\" \/>\r\n\r\n\r\n<h2 class=\"wp-block-heading\">Karla Fragoso S\u00e1nchez<\/h2>\r\n\r\n\r\n\r\n<p><span class=\"has-inline-color has-very-dark-gray-color\">Licenciada en comunicaci\u00f3n audiovisual por la Universidad del Claustro de Sor Juana, as\u00ed como tallerista en la Escuela Internacional de Cine y Televisi\u00f3n de San Antonio de los Ba\u00f1os en Cuba. Ha participado en m\u00faltiples proyectos enfocados a las infancias y adolescencias, con las que ha trabajado de cerca en los a\u00f1os subsecuentes a la salida de la universidad. Actualmente se encuentra tomando un diplomado en narrativas transmedia. .<\/span><\/p>\r\n\r\n\r\n\r\n<p><span class=\"has-inline-color has-very-dark-gray-color\">En el proyecto<em> Quadraginta<\/em> ha participado con el trabajo <\/span><a href=\"http:\/\/institucional.us.es\/quadraginta\/aiovg_videos\/des-cotidiano\/\">\u00abDes-cotidiano\u00bb<\/a><span class=\"has-inline-color has-very-dark-gray-color\">, desde<strong> Tepetlaoxtoc. Estado de M\u00e9xico. M\u00e9xico.<\/strong><\/span><\/p>\r\n\r\n\r\n<hr class=\"wp-block-separator\" \/>\r\n\r\n\r\n<h2 class=\"wp-block-heading\">Constanza Gonz\u00e1lez Bernstein<\/h2>\r\n<h2>\r\n\r\n<\/h2>\r\n<p><span class=\"has-inline-color has-very-dark-gray-color\">Periodista de la Universidad de Chile. Actualmente estudia un M\u00e1ster de Relaciones Internacionales y Diplomacia Cultural en Berlin, Alemania. En su carrera de periodista ha podido desarrollarse en diversos trabajos tanto en instituciones p\u00fablicas, privadas y organizaciones no gubernamentales, siempre con foco en tem\u00e1ticas sociales, medioambientales, culturales, de derechos humanos, migraci\u00f3n, etc. Apasionada por aprender de las culturas e historias de personas y por viajar y descubrir nuevos destinos.<\/span><\/p>\r\n<h2>\r\n\r\n<\/h2>\r\n<p><span class=\"has-inline-color has-very-dark-gray-color\">En el proyecto<em> Quadraginta<\/em> ha participado con el trabajo <\/span><a href=\"http:\/\/institucional.us.es\/quadraginta\/aiovg_videos\/tiempo-de-covid\/\">\u00abTiempo de Covid\u00bb<\/a><span class=\"has-inline-color has-very-dark-gray-color\">, desde<strong> Berlin, Alemania.<\/strong><\/span><\/p>\r\n<h2>\r\n\r\n<\/h2>\r\n<hr class=\"wp-block-separator\" \/>\r\n<h2>\r\n\r\n<\/h2>\r\n<h2 class=\"wp-block-heading\">Ritesh Katuwal<\/h2>\r\n\r\n\r\n\r\n<p><span class=\"has-inline-color has-very-dark-gray-color\">Chartered Accountant from the Institute of Chartered Accountants of India, India. Currently works as a Management Consultant for <\/span><a href=\"https:\/\/fundacionvicenteferrer.org\/es\/\" target=\"_blank\" rel=\"noreferrer noopener\">Vicente Ferrer Foundation<\/a><span class=\"has-inline-color has-very-dark-gray-color\"> in India. He is passionate about photography, videography and short-film making. He is learning and developing his photography, videography and editing skills.<\/span><\/p>\r\n\r\n\r\n\r\n<p><span class=\"has-inline-color has-very-dark-gray-color\">In the <em>Quadraginta<\/em> project, I have participated with the work <\/span><a href=\"http:\/\/institucional.us.es\/quadraginta\/aiovg_videos\/time\/\">\u00abTime\u00bb<\/a> <span class=\"has-inline-color has-very-dark-gray-color\">from <strong>Anantapur, Andhra Pradesh, India.<\/strong><\/span><\/p>\r\n\r\n\r\n<hr class=\"wp-block-separator\" \/>\r\n\r\n\r\n<h2 class=\"wp-block-heading\">Tom\u00e1s Marte de Jes\u00fas<\/h2>\r\n<h2>\r\n\r\n<\/h2>\r\n<p><span style=\"color: #000000;\">Experto en comunicaci\u00f3n audiovisual y periodismo de investigaci\u00f3n, estudi\u00f3 Comunicaci\u00f3n Social en la Universidad Dominicana Organizaci\u00f3n y M\u00e9todo. Con formaci\u00f3n en realizaci\u00f3n de documentales en la Escuela Internacional de Cines de Cuba. Estudios t\u00e9cnicos en producci\u00f3n de TV en el Instituto de Formaci\u00f3n T\u00e9cnico Profesional en Santo Domingo y Periodismo ambiental en el Instituto Tecnol\u00f3gico de Santo Domingo.<\/span><\/p>\r\n<p><span class=\"has-inline-color has-very-dark-gray-color\"><span style=\"color: #000000;\">En el proyecto <em>Quadraginta<\/em> ha participado con el trabajo<\/span> <\/span><a href=\"http:\/\/institucional.us.es\/quadraginta\/aiovg_videos\/refelxion-de-cuarentena-republica-dominicana\/\">\u00abReflexiones de Cuarentena\u00bb<\/a><span class=\"has-inline-color has-very-dark-gray-color\" style=\"color: #000000;\">, desde<strong> Santo Domingo, Rep\u00fablica Dominicana.<\/strong><\/span><\/p>\r\n<h2>\r\n\r\n<\/h2>\r\n<hr class=\"wp-block-separator\" \/>\r\n<h2>\r\n\r\n<\/h2>\r\n<h2 class=\"wp-block-heading\">Camila Murcia Guti\u00e9rrez<\/h2>\r\n\r\n\r\n\r\n<p><span class=\"has-inline-color has-very-dark-gray-color\">Comunicadora social, graduada de la Uninpahu de Bogot\u00e1, Colombia. Sin haberlo planeado, result\u00f3 trabajando detr\u00e1s de las c\u00e1maras y haciendo que producciones de formato tipo reallity como <em>La Voz, Yo me llamo <\/em>y<em> A otro nivel fueran<\/em> posibles en su rol como productora de campo. La producci\u00f3n se ha vuelto su vida y a ello se ha dedicado, ahora desde el formato de la ficci\u00f3n trabajando con uno de los canales de televisi\u00f3n privada m\u00e1s importante en Colombia y con productoras internacionales como Netflix.<\/span><\/p>\r\n\r\n\r\n\r\n<p><span class=\"has-inline-color has-very-dark-gray-color\">En otra faceta como comunicadora social, hace parte de la mesa de trabajo de un Podcast que tiene como fin el ocio y lograr distraer a los oyentes. Para m\u00e1s info:<\/span> <a href=\"https:\/\/linktr.ee\/echandopajapodcast\" target=\"_blank\" rel=\"noreferrer noopener\">https:\/\/linktr.ee\/echandopajapodcast<\/a><\/p>\r\n\r\n\r\n\r\n<p><span class=\"has-inline-color has-very-dark-gray-color\">En el proyecto <em>Quadraginta<\/em> ha participado con el trabajo <\/span><a href=\"http:\/\/institucional.us.es\/quadraginta\/aiovg_videos\/el_contexto_el_texto\/\">\u00abSentidos\u00bb<\/a><span class=\"has-inline-color has-very-dark-gray-color\">, desde <strong>Bogot\u00e1, Colombia.<\/strong><\/span><\/p>\r\n\r\n\r\n<hr class=\"wp-block-separator\" \/>\r\n\r\n\r\n<h2 class=\"wp-block-heading\">Leopoldo Muschitiello<\/h2>\r\n<h2>\r\n\r\n<\/h2>\r\n<p><span class=\"has-inline-color has-very-dark-gray-color\">Estudi\u00f3 Edici\u00f3n y Cinematograf\u00eda en Ferrara, Italia. Formado como tallerista en cine documental en la Escuela Internacional de Cine e TV de Cuba (EICTV). Actualmente trabaja en los Pa\u00edses Bajos. <br \/><\/span><\/p>\r\n<p><span class=\"has-inline-color has-very-dark-gray-color\">En el proyecto <em>Quadraginta<\/em> ha participado con el trabajo <\/span><a href=\"http:\/\/institucional.us.es\/quadraginta\/aiovg_videos\/quilombo-leopoldo-muschitiello-paises-bajos\/\">\u00abQuilombo<\/a><span class=\"has-inline-color has-very-dark-gray-color\">\u00ab, desde <strong>Utrech, Pa\u00edses Bajos.<\/strong><\/span><\/p>\r\n<h2>\r\n\r\n<\/h2>\r\n<hr class=\"wp-block-separator\" \/>\r\n<h2>\r\n\r\n<\/h2>\r\n<h2 class=\"wp-block-heading\">Roberto Sergio Rodr\u00edguez<\/h2>\r\n\r\n\r\n\r\n<p><span class=\"has-inline-color has-very-dark-gray-color\">Licenciado en Sociolog\u00eda por la Universidad de La Laguna, Tenerife. M\u00e1ster en t\u00e9cnicas de investigaci\u00f3n social de la Universidad Aut\u00f3noma de Barcelona y Postgrado en Montaje Audiovisual y Edici\u00f3n de V\u00eddeo en La Universidad Pompeu Fabra, Barcelona.<\/span><\/p>\r\n\r\n\r\n\r\n<p><span class=\"has-inline-color has-very-dark-gray-color\">Combina el trabajo de investigaci\u00f3n de mercados en una multinacional del sector con colaboraciones de v\u00eddeo y fotograf\u00eda con ONGs. En especial con la <a href=\"https:\/\/fundacionvicenteferrer.org\/\" target=\"_blank\" rel=\"noreferrer noopener\">Fundaci\u00f3n Vicente Ferrer<\/a> en la India.<\/span><\/p>\r\n\r\n\r\n\r\n<p><span class=\"has-inline-color has-very-dark-gray-color\">Entusiasta del cine de no ficci\u00f3n y remontaje de material audiovisual de archivo y de otros autores. Para m\u00e1s info <a href=\"http:\/\/www.chinegua.com\" target=\"_blank\" rel=\"noreferrer noopener\">www.chinegua.com<\/a>.<\/span><br \/><span class=\"has-inline-color has-very-dark-gray-color\">En el proyecto <em>Quadraginta<\/em> ha participado con el trabajo <a href=\"http:\/\/institucional.us.es\/quadraginta\/aiovg_videos\/el_contexto_el_texto\/\">\u00abEl contexto, el texto\u00bb<\/a>, desde <\/span><strong><span class=\"has-inline-color has-very-dark-gray-color\">Las Palmas de Gran Canarias, Espa\u00f1a.<\/span> <\/strong><\/p>\r\n\r\n\r\n<hr class=\"wp-block-separator\" \/>\r\n\r\n\r\n<h2 class=\"wp-block-heading\">An\u00edbal Valenzuela<\/h2>\r\n\r\n\r\n\r\n<p><span class=\"has-inline-color has-very-dark-gray-color\">Periodista chileno con m\u00e1ster en cine documental de la Escuela Superior de Cine y Audiovisual de Catalu\u00f1a (Escac). Cofundador de la agencia y productora audiovisual M\u00e1s Verde, en Santiago de Chile (<\/span><a href=\"http:\/\/masverde.cl\">masverde.cl<\/a><span class=\"has-inline-color has-very-dark-gray-color\">).\u00a0M\u00fasico. Dj. Su pasi\u00f3n m\u00e1s fuerte es la m\u00fasica y desde ah\u00ed trata de mirar el mundo y de encontrar historias que contar.<\/span><\/p>\r\n\r\n\r\n\r\n<p><span class=\"has-inline-color has-very-dark-gray-color\">En el proyecto <em>Quadraginta<\/em> participa con el corto <a href=\"http:\/\/institucional.us.es\/quadraginta\/aiovg_videos\/hacemos-lo-que-podemos-chile\/\">\u00abHacemos lo que podemos\u00bb<\/a>, desde <strong>Santiago de Chile, Chile. <\/strong><\/span><\/p>\r\n<p>&nbsp;<\/p>\r\n<p style=\"text-align: center;\">Proyecto Quadraginta.\u00a0 Reflexi\u00f3n colectiva en la era COVID-19. <a href=\"http:\/\/institucional.us.es\/quadraginta\/\">http:\/\/institucional.us.es\/quadraginta\/<\/a><\/p>\r\n\r\n\r\n","protected":false},"excerpt":{"rendered":"<p>Participantes en el proyecto Quadraginta: Caio Cl\u00edmaco Fot\u00f3grafo e documentarista com forma\u00e7\u00e3o pela Escuela Internacional de Cine e TV de Cuba (EICTV); Escuela de Medios y Producci\u00f3n Audiovisual de la Fundaci\u00f3n \u00c1vila Tv (Empa) e pela Escuela de Comunicaci\u00f3n Popular Yanira Albornoz (ECPYA) na Venezuela. Considera que a melhor forma de escapar do neoliberalismo enquanto [&hellip;]<\/p>\n","protected":false},"author":1,"featured_media":0,"parent":0,"menu_order":0,"comment_status":"closed","ping_status":"closed","template":"","meta":{"footnotes":""},"class_list":["post-12266","page","type-page","status-publish","hentry"],"yoast_head":"<!-- This site is optimized with the Yoast SEO plugin v27.0 - https:\/\/yoast.com\/product\/yoast-seo-wordpress\/ -->\n<title>Participantes -<\/title>\n<meta name=\"description\" content=\"Participantes en el proyecto Quadraginta.\" \/>\n<meta name=\"robots\" content=\"index, follow, max-snippet:-1, max-image-preview:large, max-video-preview:-1\" \/>\n<link rel=\"canonical\" href=\"https:\/\/institucional.us.es\/quadraginta\/participantes\/\" \/>\n<meta property=\"og:locale\" content=\"es_ES\" \/>\n<meta property=\"og:type\" content=\"article\" \/>\n<meta property=\"og:title\" content=\"Participantes -\" \/>\n<meta property=\"og:description\" content=\"Participantes en el proyecto Quadraginta.\" \/>\n<meta property=\"og:url\" content=\"https:\/\/institucional.us.es\/quadraginta\/participantes\/\" \/>\n<meta property=\"article:modified_time\" content=\"2022-11-14T17:02:14+00:00\" \/>\n<meta name=\"twitter:card\" content=\"summary_large_image\" \/>\n<meta name=\"twitter:label1\" content=\"Tiempo de lectura\" \/>\n\t<meta name=\"twitter:data1\" content=\"4 minutos\" \/>\n<script type=\"application\/ld+json\" class=\"yoast-schema-graph\">{\"@context\":\"https:\/\/schema.org\",\"@graph\":[{\"@type\":\"WebPage\",\"@id\":\"https:\/\/institucional.us.es\/quadraginta\/participantes\/\",\"url\":\"https:\/\/institucional.us.es\/quadraginta\/participantes\/\",\"name\":\"Participantes -\",\"isPartOf\":{\"@id\":\"https:\/\/institucional.us.es\/quadraginta\/#website\"},\"datePublished\":\"2020-07-13T16:11:03+00:00\",\"dateModified\":\"2022-11-14T17:02:14+00:00\",\"description\":\"Participantes en el proyecto Quadraginta.\",\"breadcrumb\":{\"@id\":\"https:\/\/institucional.us.es\/quadraginta\/participantes\/#breadcrumb\"},\"inLanguage\":\"es\",\"potentialAction\":[{\"@type\":\"ReadAction\",\"target\":[\"https:\/\/institucional.us.es\/quadraginta\/participantes\/\"]}]},{\"@type\":\"BreadcrumbList\",\"@id\":\"https:\/\/institucional.us.es\/quadraginta\/participantes\/#breadcrumb\",\"itemListElement\":[{\"@type\":\"ListItem\",\"position\":1,\"name\":\"Portada\",\"item\":\"https:\/\/institucional.us.es\/quadraginta\/\"},{\"@type\":\"ListItem\",\"position\":2,\"name\":\"Participantes\"}]},{\"@type\":\"WebSite\",\"@id\":\"https:\/\/institucional.us.es\/quadraginta\/#website\",\"url\":\"https:\/\/institucional.us.es\/quadraginta\/\",\"name\":\"\",\"description\":\"\",\"potentialAction\":[{\"@type\":\"SearchAction\",\"target\":{\"@type\":\"EntryPoint\",\"urlTemplate\":\"https:\/\/institucional.us.es\/quadraginta\/?s={search_term_string}\"},\"query-input\":{\"@type\":\"PropertyValueSpecification\",\"valueRequired\":true,\"valueName\":\"search_term_string\"}}],\"inLanguage\":\"es\"}]}<\/script>\n<!-- \/ Yoast SEO plugin. -->","yoast_head_json":{"title":"Participantes -","description":"Participantes en el proyecto Quadraginta.","robots":{"index":"index","follow":"follow","max-snippet":"max-snippet:-1","max-image-preview":"max-image-preview:large","max-video-preview":"max-video-preview:-1"},"canonical":"https:\/\/institucional.us.es\/quadraginta\/participantes\/","og_locale":"es_ES","og_type":"article","og_title":"Participantes -","og_description":"Participantes en el proyecto Quadraginta.","og_url":"https:\/\/institucional.us.es\/quadraginta\/participantes\/","article_modified_time":"2022-11-14T17:02:14+00:00","twitter_card":"summary_large_image","twitter_misc":{"Tiempo de lectura":"4 minutos"},"schema":{"@context":"https:\/\/schema.org","@graph":[{"@type":"WebPage","@id":"https:\/\/institucional.us.es\/quadraginta\/participantes\/","url":"https:\/\/institucional.us.es\/quadraginta\/participantes\/","name":"Participantes -","isPartOf":{"@id":"https:\/\/institucional.us.es\/quadraginta\/#website"},"datePublished":"2020-07-13T16:11:03+00:00","dateModified":"2022-11-14T17:02:14+00:00","description":"Participantes en el proyecto Quadraginta.","breadcrumb":{"@id":"https:\/\/institucional.us.es\/quadraginta\/participantes\/#breadcrumb"},"inLanguage":"es","potentialAction":[{"@type":"ReadAction","target":["https:\/\/institucional.us.es\/quadraginta\/participantes\/"]}]},{"@type":"BreadcrumbList","@id":"https:\/\/institucional.us.es\/quadraginta\/participantes\/#breadcrumb","itemListElement":[{"@type":"ListItem","position":1,"name":"Portada","item":"https:\/\/institucional.us.es\/quadraginta\/"},{"@type":"ListItem","position":2,"name":"Participantes"}]},{"@type":"WebSite","@id":"https:\/\/institucional.us.es\/quadraginta\/#website","url":"https:\/\/institucional.us.es\/quadraginta\/","name":"","description":"","potentialAction":[{"@type":"SearchAction","target":{"@type":"EntryPoint","urlTemplate":"https:\/\/institucional.us.es\/quadraginta\/?s={search_term_string}"},"query-input":{"@type":"PropertyValueSpecification","valueRequired":true,"valueName":"search_term_string"}}],"inLanguage":"es"}]}},"_links":{"self":[{"href":"https:\/\/institucional.us.es\/quadraginta\/wp-json\/wp\/v2\/pages\/12266","targetHints":{"allow":["GET"]}}],"collection":[{"href":"https:\/\/institucional.us.es\/quadraginta\/wp-json\/wp\/v2\/pages"}],"about":[{"href":"https:\/\/institucional.us.es\/quadraginta\/wp-json\/wp\/v2\/types\/page"}],"author":[{"embeddable":true,"href":"https:\/\/institucional.us.es\/quadraginta\/wp-json\/wp\/v2\/users\/1"}],"replies":[{"embeddable":true,"href":"https:\/\/institucional.us.es\/quadraginta\/wp-json\/wp\/v2\/comments?post=12266"}],"version-history":[{"count":2,"href":"https:\/\/institucional.us.es\/quadraginta\/wp-json\/wp\/v2\/pages\/12266\/revisions"}],"predecessor-version":[{"id":12490,"href":"https:\/\/institucional.us.es\/quadraginta\/wp-json\/wp\/v2\/pages\/12266\/revisions\/12490"}],"wp:attachment":[{"href":"https:\/\/institucional.us.es\/quadraginta\/wp-json\/wp\/v2\/media?parent=12266"}],"curies":[{"name":"wp","href":"https:\/\/api.w.org\/{rel}","templated":true}]}}