{"id":2870,"date":"2025-04-15T06:38:43","date_gmt":"2025-04-15T06:38:43","guid":{"rendered":"https:\/\/institucional.us.es\/redgotico\/?page_id=2870"},"modified":"2025-12-03T07:58:35","modified_gmt":"2025-12-03T07:58:35","slug":"la-red","status":"publish","type":"page","link":"https:\/\/institucional.us.es\/redgotico\/la-red\/","title":{"rendered":"La red"},"content":{"rendered":"\t\t<div data-elementor-type=\"wp-page\" data-elementor-id=\"2870\" class=\"elementor elementor-2870\" data-elementor-post-type=\"page\">\n\t\t\t\t<div class=\"elementor-element elementor-element-a16e4c6 e-flex e-con-boxed e-con e-parent\" data-id=\"a16e4c6\" data-element_type=\"container\" data-e-type=\"container\">\n\t\t\t\t\t<div class=\"e-con-inner\">\n\t\t\t\t<div class=\"elementor-element elementor-element-02423f8 elementor-widget elementor-widget-text-editor\" data-id=\"02423f8\" data-element_type=\"widget\" data-e-type=\"widget\" data-widget_type=\"text-editor.default\">\n\t\t\t\t<div class=\"elementor-widget-container\">\n\t\t\t\t\t\t\t\t\t<p>El estudio del patrimonio arquitect\u00f3nico europeo no puede entenderse sin la profunda huella que dej\u00f3 el tardog\u00f3tico, un periodo de transici\u00f3n entre la Edad Media y el Renacimiento que alcanz\u00f3 especial relevancia en la Pen\u00ednsula Ib\u00e9rica y la pen\u00ednsula It\u00e1lica. En este contexto, diversas manifestaciones arquitect\u00f3nicas \u2014catedrales, palacios, ayuntamientos y obras civiles\u2014 muestran la convivencia entre la tradici\u00f3n g\u00f3tica y las nuevas corrientes que comenzaban a transformar el arte y la sociedad del momento. Su riqueza est\u00e9tica, su complejidad t\u00e9cnica y su capacidad para reflejar los cambios culturales del siglo XV convierten este patrimonio en un campo de estudio tan apasionante como necesario.<\/p><p>Con el objetivo de profundizar en este legado, se ha conformado una red de investigaci\u00f3n compuesta por grupos de profesores universitarios de distintas \u00e1reas de conocimiento y universidades de Espa\u00f1a, Italia y Portugal. Desde la historia del arte a la arqueolog\u00eda de la arquitectura, pasando por la conservaci\u00f3n del patrimonio o la documentaci\u00f3n gr\u00e1fica avanzada, estos equipos a\u00fanan esfuerzos para comprender y poner en valor un periodo que, pese a su relevancia, sigue siendo en muchos aspectos poco conocido por el gran p\u00fablico. El trabajo colaborativo permite establecer nuevas miradas comparativas, impulsar proyectos internacionales y compartir metodolog\u00edas innovadoras.<\/p><p>Esta red aspira no solo a generar conocimiento acad\u00e9mico de referencia, sino tambi\u00e9n a divulgar y hacer accesible el tardog\u00f3tico a la sociedad. Reconocer la importancia de este patrimonio es clave para su protecci\u00f3n y para comprender mejor la historia compartida de estos pa\u00edses mediterr\u00e1neos. As\u00ed, el estudio del tardog\u00f3tico se convierte en un puente entre pasado y presente, entre disciplinas y territorios, reforzando la identidad cultural y la cooperaci\u00f3n europea.<\/p>\t\t\t\t\t\t\t\t<\/div>\n\t\t\t\t<\/div>\n\t\t\t\t\t<\/div>\n\t\t\t\t<\/div>\n\t\t\t\t<\/div>\n\t\t","protected":false},"excerpt":{"rendered":"<p>El estudio del patrimonio arquitect\u00f3nico europeo no puede entenderse sin la profunda huella que dej\u00f3 el tardog\u00f3tico, un periodo de transici\u00f3n entre la Edad Media y el Renacimiento que alcanz\u00f3 especial relevancia en la Pen\u00ednsula Ib\u00e9rica y la pen\u00ednsula It\u00e1lica. En este contexto, diversas manifestaciones arquitect\u00f3nicas \u2014catedrales, palacios, ayuntamientos y obras civiles\u2014 muestran la convivencia [&hellip;]<\/p>\n","protected":false},"author":1,"featured_media":0,"parent":0,"menu_order":0,"comment_status":"closed","ping_status":"closed","template":"","meta":{"_acf_changed":false,"footnotes":""},"class_list":["post-2870","page","type-page","status-publish","hentry"],"acf":[],"yoast_head":"<!-- This site is optimized with the Yoast SEO plugin v27.3 - https:\/\/yoast.com\/product\/yoast-seo-wordpress\/ -->\n<title>La red - Tardog\u00f3tico<\/title>\n<meta name=\"robots\" content=\"index, follow, max-snippet:-1, max-image-preview:large, max-video-preview:-1\" \/>\n<link rel=\"canonical\" href=\"https:\/\/institucional.us.es\/redgotico\/la-red\/\" \/>\n<meta property=\"og:locale\" content=\"es_ES\" \/>\n<meta property=\"og:type\" content=\"article\" \/>\n<meta property=\"og:title\" content=\"La red - Tardog\u00f3tico\" \/>\n<meta property=\"og:description\" content=\"El estudio del patrimonio arquitect\u00f3nico europeo no puede entenderse sin la profunda huella que dej\u00f3 el tardog\u00f3tico, un periodo de transici\u00f3n entre la Edad Media y el Renacimiento que alcanz\u00f3 especial relevancia en la Pen\u00ednsula Ib\u00e9rica y la pen\u00ednsula It\u00e1lica. En este contexto, diversas manifestaciones arquitect\u00f3nicas \u2014catedrales, palacios, ayuntamientos y obras civiles\u2014 muestran la convivencia [&hellip;]\" \/>\n<meta property=\"og:url\" content=\"https:\/\/institucional.us.es\/redgotico\/la-red\/\" \/>\n<meta property=\"og:site_name\" content=\"Tardog\u00f3tico\" \/>\n<meta property=\"article:modified_time\" content=\"2025-12-03T07:58:35+00:00\" \/>\n<meta name=\"twitter:card\" content=\"summary_large_image\" \/>\n<meta name=\"twitter:label1\" content=\"Tiempo de lectura\" \/>\n\t<meta name=\"twitter:data1\" content=\"2 minutos\" \/>\n<script type=\"application\/ld+json\" class=\"yoast-schema-graph\">{\"@context\":\"https:\\\/\\\/schema.org\",\"@graph\":[{\"@type\":\"WebPage\",\"@id\":\"https:\\\/\\\/institucional.us.es\\\/redgotico\\\/la-red\\\/\",\"url\":\"https:\\\/\\\/institucional.us.es\\\/redgotico\\\/la-red\\\/\",\"name\":\"La red - Tardog\u00f3tico\",\"isPartOf\":{\"@id\":\"https:\\\/\\\/institucional.us.es\\\/redgotico\\\/#website\"},\"datePublished\":\"2025-04-15T06:38:43+00:00\",\"dateModified\":\"2025-12-03T07:58:35+00:00\",\"inLanguage\":\"es\",\"potentialAction\":[{\"@type\":\"ReadAction\",\"target\":[\"https:\\\/\\\/institucional.us.es\\\/redgotico\\\/la-red\\\/\"]}]},{\"@type\":\"WebSite\",\"@id\":\"https:\\\/\\\/institucional.us.es\\\/redgotico\\\/#website\",\"url\":\"https:\\\/\\\/institucional.us.es\\\/redgotico\\\/\",\"name\":\"Tardog\u00f3tico\",\"description\":\"Red de Investigaci\u00f3n\",\"publisher\":{\"@id\":\"https:\\\/\\\/institucional.us.es\\\/redgotico\\\/#organization\"},\"potentialAction\":[{\"@type\":\"SearchAction\",\"target\":{\"@type\":\"EntryPoint\",\"urlTemplate\":\"https:\\\/\\\/institucional.us.es\\\/redgotico\\\/?s={search_term_string}\"},\"query-input\":{\"@type\":\"PropertyValueSpecification\",\"valueRequired\":true,\"valueName\":\"search_term_string\"}}],\"inLanguage\":\"es\"},{\"@type\":\"Organization\",\"@id\":\"https:\\\/\\\/institucional.us.es\\\/redgotico\\\/#organization\",\"name\":\"Tardog\u00f3tico\",\"url\":\"https:\\\/\\\/institucional.us.es\\\/redgotico\\\/\",\"logo\":{\"@type\":\"ImageObject\",\"inLanguage\":\"es\",\"@id\":\"https:\\\/\\\/institucional.us.es\\\/redgotico\\\/#\\\/schema\\\/logo\\\/image\\\/\",\"url\":\"https:\\\/\\\/institucional.us.es\\\/redgotico\\\/wp-content\\\/uploads\\\/2022\\\/02\\\/logo_final.png\",\"contentUrl\":\"https:\\\/\\\/institucional.us.es\\\/redgotico\\\/wp-content\\\/uploads\\\/2022\\\/02\\\/logo_final.png\",\"width\":563,\"height\":163,\"caption\":\"Tardog\u00f3tico\"},\"image\":{\"@id\":\"https:\\\/\\\/institucional.us.es\\\/redgotico\\\/#\\\/schema\\\/logo\\\/image\\\/\"}}]}<\/script>\n<!-- \/ Yoast SEO plugin. -->","yoast_head_json":{"title":"La red - Tardog\u00f3tico","robots":{"index":"index","follow":"follow","max-snippet":"max-snippet:-1","max-image-preview":"max-image-preview:large","max-video-preview":"max-video-preview:-1"},"canonical":"https:\/\/institucional.us.es\/redgotico\/la-red\/","og_locale":"es_ES","og_type":"article","og_title":"La red - Tardog\u00f3tico","og_description":"El estudio del patrimonio arquitect\u00f3nico europeo no puede entenderse sin la profunda huella que dej\u00f3 el tardog\u00f3tico, un periodo de transici\u00f3n entre la Edad Media y el Renacimiento que alcanz\u00f3 especial relevancia en la Pen\u00ednsula Ib\u00e9rica y la pen\u00ednsula It\u00e1lica. En este contexto, diversas manifestaciones arquitect\u00f3nicas \u2014catedrales, palacios, ayuntamientos y obras civiles\u2014 muestran la convivencia [&hellip;]","og_url":"https:\/\/institucional.us.es\/redgotico\/la-red\/","og_site_name":"Tardog\u00f3tico","article_modified_time":"2025-12-03T07:58:35+00:00","twitter_card":"summary_large_image","twitter_misc":{"Tiempo de lectura":"2 minutos"},"schema":{"@context":"https:\/\/schema.org","@graph":[{"@type":"WebPage","@id":"https:\/\/institucional.us.es\/redgotico\/la-red\/","url":"https:\/\/institucional.us.es\/redgotico\/la-red\/","name":"La red - Tardog\u00f3tico","isPartOf":{"@id":"https:\/\/institucional.us.es\/redgotico\/#website"},"datePublished":"2025-04-15T06:38:43+00:00","dateModified":"2025-12-03T07:58:35+00:00","inLanguage":"es","potentialAction":[{"@type":"ReadAction","target":["https:\/\/institucional.us.es\/redgotico\/la-red\/"]}]},{"@type":"WebSite","@id":"https:\/\/institucional.us.es\/redgotico\/#website","url":"https:\/\/institucional.us.es\/redgotico\/","name":"Tardog\u00f3tico","description":"Red de Investigaci\u00f3n","publisher":{"@id":"https:\/\/institucional.us.es\/redgotico\/#organization"},"potentialAction":[{"@type":"SearchAction","target":{"@type":"EntryPoint","urlTemplate":"https:\/\/institucional.us.es\/redgotico\/?s={search_term_string}"},"query-input":{"@type":"PropertyValueSpecification","valueRequired":true,"valueName":"search_term_string"}}],"inLanguage":"es"},{"@type":"Organization","@id":"https:\/\/institucional.us.es\/redgotico\/#organization","name":"Tardog\u00f3tico","url":"https:\/\/institucional.us.es\/redgotico\/","logo":{"@type":"ImageObject","inLanguage":"es","@id":"https:\/\/institucional.us.es\/redgotico\/#\/schema\/logo\/image\/","url":"https:\/\/institucional.us.es\/redgotico\/wp-content\/uploads\/2022\/02\/logo_final.png","contentUrl":"https:\/\/institucional.us.es\/redgotico\/wp-content\/uploads\/2022\/02\/logo_final.png","width":563,"height":163,"caption":"Tardog\u00f3tico"},"image":{"@id":"https:\/\/institucional.us.es\/redgotico\/#\/schema\/logo\/image\/"}}]}},"_links":{"self":[{"href":"https:\/\/institucional.us.es\/redgotico\/wp-json\/wp\/v2\/pages\/2870","targetHints":{"allow":["GET"]}}],"collection":[{"href":"https:\/\/institucional.us.es\/redgotico\/wp-json\/wp\/v2\/pages"}],"about":[{"href":"https:\/\/institucional.us.es\/redgotico\/wp-json\/wp\/v2\/types\/page"}],"author":[{"embeddable":true,"href":"https:\/\/institucional.us.es\/redgotico\/wp-json\/wp\/v2\/users\/1"}],"replies":[{"embeddable":true,"href":"https:\/\/institucional.us.es\/redgotico\/wp-json\/wp\/v2\/comments?post=2870"}],"version-history":[{"count":0,"href":"https:\/\/institucional.us.es\/redgotico\/wp-json\/wp\/v2\/pages\/2870\/revisions"}],"wp:attachment":[{"href":"https:\/\/institucional.us.es\/redgotico\/wp-json\/wp\/v2\/media?parent=2870"}],"curies":[{"name":"wp","href":"https:\/\/api.w.org\/{rel}","templated":true}]}}