{"id":2950,"date":"2025-05-19T10:01:41","date_gmt":"2025-05-19T10:01:41","guid":{"rendered":"https:\/\/institucional.us.es\/redgotico\/?page_id=2950"},"modified":"2025-10-13T10:53:21","modified_gmt":"2025-10-13T10:53:21","slug":"publicaciones","status":"publish","type":"page","link":"https:\/\/institucional.us.es\/redgotico\/publicaciones\/","title":{"rendered":"Publicaciones"},"content":{"rendered":"\t\t<div data-elementor-type=\"wp-page\" data-elementor-id=\"2950\" class=\"elementor elementor-2950\" data-elementor-post-type=\"page\">\n\t\t\t\t<div class=\"elementor-element elementor-element-f4e1fbb e-flex e-con-boxed e-con e-parent\" data-id=\"f4e1fbb\" data-element_type=\"container\" data-e-type=\"container\">\n\t\t\t\t\t<div class=\"e-con-inner\">\n\t\t\t\t<div class=\"elementor-element elementor-element-05bfc5d elementor-widget elementor-widget-shortcode\" data-id=\"05bfc5d\" data-element_type=\"widget\" data-e-type=\"widget\" data-widget_type=\"shortcode.default\">\n\t\t\t\t<div class=\"elementor-widget-container\">\n\t\t\t\t\t\t\t<div class=\"elementor-shortcode\">\n<table id=\"tablepress-1\" class=\"tablepress tablepress-id-1\">\n<thead>\n<tr class=\"row-1\">\n\t<th class=\"column-1\">T\u00edtulo<\/th><th class=\"column-2\">Autor\/es<\/th><th class=\"column-3\">A\u00f1o<\/th><th class=\"column-4\">Palabras de inter\u00e9s<\/th><th class=\"column-5\">Disponibilidad<\/th>\n<\/tr>\n<\/thead>\n<tbody class=\"row-striping row-hover\">\n<tr class=\"row-2\">\n\t<td class=\"column-1\"><strong>A procedure to import a complex geometry model of a heritage building into BIM for advanced architectural representations<\/strong><\/td><td class=\"column-2\">Eduardo Acosta;Franco Spettu;Fausta Fiorillo<\/td><td class=\"column-3\">2022<\/td><td class=\"column-4\">#DiegoDeSilo\u00e9<br \/>\n#ReinoDeGranada<br \/>\n#Iglesia <br \/>\n#Archidi\u00f3cesisdeGranada<br \/>\n#Canter\u00eda<br \/>\n#Fachada<br \/>\n#Esc\u00e1ner3D <\/td><td class=\"column-5\"><a href=\"https:\/\/doi.org\/10.5194\/isprs-archives-XLVI-2-W1-2022-9-2022\">https:\/\/doi.org\/10.5194\/isprs-archives-XLVI-2-W1-2022-9-2022<\/a><\/td>\n<\/tr>\n<tr class=\"row-3\">\n\t<td class=\"column-1\"><strong>A Gothic-Renaissance Synthesis in a Diego de Ria\u00f1o's Vault<\/strong><\/td><td class=\"column-2\">Antonio Ampliato;Eduardo Acosta<\/td><td class=\"column-3\">2020<\/td><td class=\"column-4\">#DiegoDeRia\u00f1o<br \/>\n#ReinoDeSevilla<br \/>\n#B\u00f3veda<br \/>\n#Iglesia <br \/>\n#Archidi\u00f3cesisDeSevilla<br \/>\n#Estereotom\u00eda<br \/>\n#Canter\u00eda <br \/>\n#Estaci\u00f3nTotal<\/td><td class=\"column-5\"><a href=\"https:\/\/doi.org\/10.1007\/s00004-019-00471-2\">https:\/\/doi.org\/10.1007\/s00004-019-00471-2<\/a><\/td>\n<\/tr>\n<tr class=\"row-4\">\n\t<td class=\"column-1\"><strong>On the Use of Perspective in a Drawing Attributed to Diego Silo\u00e9<\/strong><\/td><td class=\"column-2\">Antonio Ampliato;Eduardo Acosta<\/td><td class=\"column-3\">2020<\/td><td class=\"column-4\">#DiegoDeSilo\u00e9 <br \/>\n#Dibujo<br \/>\n#LuzRasante<\/td><td class=\"column-5\"><a href=\"https:\/\/doi.org\/10.1007\/s00004-020-00487-z\">https:\/\/doi.org\/10.1007\/s00004-020-00487-z<\/a><\/td>\n<\/tr>\n<tr class=\"row-5\">\n\t<td class=\"column-1\"><strong>Las dos almas de Diego Silo\u00e9: una aproximaci\u00f3n anal\u00edtica a la iglesia de la villa en Montefr\u00edo<\/strong><\/td><td class=\"column-2\">Antonio Ampliato;Eduardo Acosta<\/td><td class=\"column-3\">2020<\/td><td class=\"column-4\">#Archidi\u00f3cesisdeGranada <br \/>\n#Canter\u00eda <br \/>\n#Iglesia <br \/>\n#B\u00f3veda <br \/>\n#Fachada <br \/>\n#ReinoDeGranada <br \/>\n#Estaci\u00f3nTotal <\/td><td class=\"column-5\"><a href=\"https:\/\/doi.org\/10.4995\/ega.2020.13478\">https:\/\/doi.org\/10.4995\/ega.2020.13478<\/a><\/td>\n<\/tr>\n<tr class=\"row-6\">\n\t<td class=\"column-1\"><strong>El palacio en la iglesia. Diego Silo\u00e9 y la singular cabecera de Nuestra Se\u00f1ora de los Remedios de Iznalloz, Granada<\/strong><\/td><td class=\"column-2\">Antonio Ampliato;Eduardo Acosta<\/td><td class=\"column-3\">2021<\/td><td class=\"column-4\">#DiegoDeSilo\u00e9<br \/>\n#ReinoDeGranada<br \/>\n#Iglesia <br \/>\n#Archidi\u00f3cesisdeGranada<br \/>\n#Canter\u00eda<br \/>\n#Fachada<br \/>\n#Esc\u00e1ner3D<\/td><td class=\"column-5\"><a href=\"https:\/\/doi.org\/10.17401\/lexicon.s.2-ampliatoacosta\">https:\/\/doi.org\/10.17401\/lexicon.s.2-ampliatoacosta<\/a><\/td>\n<\/tr>\n<tr class=\"row-7\">\n\t<td class=\"column-1\"><strong>Recreaci\u00f3n gr\u00e1fica y an\u00e1lisis de la Iglesia de Nuestra Se\u00f1ora de los Remedios de Iznalloz<\/strong><\/td><td class=\"column-2\">Eduardo Acosta<\/td><td class=\"column-3\">2022<\/td><td class=\"column-4\">#DiegoDeSilo\u00e9 <br \/>\n#Iglesia <br \/>\n#Archidi\u00f3cesisdeGranada <br \/>\n#B\u00f3veda <br \/>\n#Fachada <br \/>\n#Esc\u00e1ner3D <br \/>\n#Canter\u00eda <br \/>\n#Estereotom\u00eda <\/td><td class=\"column-5\"><\/td>\n<\/tr>\n<tr class=\"row-8\">\n\t<td class=\"column-1\"><strong>Organismos Duales: una aproximaci\u00f3n a la arquitectura de Diego Silo\u00e9 a trav\u00e9s de sus iglesias parroquiales<\/strong><\/td><td class=\"column-2\">Antonio Ampliato;Eduardo Acosta<\/td><td class=\"column-3\">2022<\/td><td class=\"column-4\">#DiegoDeSilo\u00e9 <br \/>\n#Iglesia <br \/>\n#Catedral<br \/>\n#B\u00f3veda <br \/>\n#Canter\u00eda <br \/>\n#Archidi\u00f3cesisdeGranada <br \/>\n#Estaci\u00f3nTotal <br \/>\n#Fachada <br \/>\n#B\u00f3veda <\/td><td class=\"column-5\"><\/td>\n<\/tr>\n<tr class=\"row-9\">\n\t<td class=\"column-1\"><strong>Ribbed vaults with Renaissance characteristics: singular design and construction in some of Diego Silo\u00e9\u2019s vaults<\/strong><\/td><td class=\"column-2\">Eduardo Acosta<\/td><td class=\"column-3\">2023<\/td><td class=\"column-4\">#DiegoDeSilo\u00e9<br \/>\n#ReinoDeGranada<br \/>\n#Iglesia <br \/>\n#Archidi\u00f3cesisdeGranada<br \/>\n#Canter\u00eda<br \/>\n#B\u00f3veda <br \/>\n#Estereotom\u00eda <br \/>\n#Esc\u00e1ner3D <br \/>\n#Fotogrametr\u00eda<\/td><td class=\"column-5\"><a href=\"https:\/\/doi.org\/10.2423\/i22394303v13n1p1\">https:\/\/doi.org\/10.2423\/i22394303v13n1p1<\/a><\/td>\n<\/tr>\n<tr class=\"row-10\">\n\t<td class=\"column-1\"><strong>Architectural analysis of the main facade of the collegiate church of Osuna using high-density data collection<\/strong><\/td><td class=\"column-2\">Fernando D\u00edaz-Moreno;Eduardo Acosta<\/td><td class=\"column-3\">2025<\/td><td class=\"column-4\">#Archidi\u00f3cesisDeSevilla <br \/>\n#ReinoDeSevilla <br \/>\n#DiegoDeRia\u00f1o <br \/>\n#Iglesia <br \/>\n#Colegiata<br \/>\n#Fachada <br \/>\n#Esc\u00e1ner3D <br \/>\n#Fotogrametr\u00eda <\/td><td class=\"column-5\"><a href=\"https:\/\/doi.org\/10.14568\/cp36908\">https:\/\/doi.org\/10.14568\/cp36908<\/a><\/td>\n<\/tr>\n<\/tbody>\n<\/table>\n<\/div>\n\t\t\t\t\t\t<\/div>\n\t\t\t\t<\/div>\n\t\t\t\t\t<\/div>\n\t\t\t\t<\/div>\n\t\t<div class=\"elementor-element elementor-element-63a047b e-flex e-con-boxed e-con e-parent\" data-id=\"63a047b\" data-element_type=\"container\" data-e-type=\"container\">\n\t\t\t\t\t<div class=\"e-con-inner\">\n\t\t<div class=\"elementor-element elementor-element-157f20b e-grid e-con-full e-con e-child\" data-id=\"157f20b\" data-element_type=\"container\" data-e-type=\"container\">\n\t\t\t\t<div class=\"elementor-element elementor-element-22acddb elementor-widget elementor-widget-image\" data-id=\"22acddb\" data-element_type=\"widget\" data-e-type=\"widget\" data-widget_type=\"image.default\">\n\t\t\t\t<div class=\"elementor-widget-container\">\n\t\t\t\t\t\t\t\t\t\t\t\t\t\t\t<img fetchpriority=\"high\" decoding=\"async\" width=\"880\" height=\"817\" src=\"https:\/\/institucional.us.es\/redgotico\/wp-content\/uploads\/2025\/10\/Captura-de-pantalla-2025-10-13-a-las-12.51.52.png\" class=\"attachment-large size-large wp-image-3316\" alt=\"\" srcset=\"https:\/\/institucional.us.es\/redgotico\/wp-content\/uploads\/2025\/10\/Captura-de-pantalla-2025-10-13-a-las-12.51.52.png 880w, https:\/\/institucional.us.es\/redgotico\/wp-content\/uploads\/2025\/10\/Captura-de-pantalla-2025-10-13-a-las-12.51.52-768x713.png 768w\" sizes=\"(max-width: 880px) 100vw, 880px\" \/>\t\t\t\t\t\t\t\t\t\t\t\t\t\t\t<\/div>\n\t\t\t\t<\/div>\n\t\t\t\t<div class=\"elementor-element elementor-element-75dd200 elementor-widget elementor-widget-image\" data-id=\"75dd200\" data-element_type=\"widget\" data-e-type=\"widget\" data-widget_type=\"image.default\">\n\t\t\t\t<div class=\"elementor-widget-container\">\n\t\t\t\t\t\t\t\t\t\t\t\t\t\t\t<img decoding=\"async\" width=\"1016\" height=\"906\" src=\"https:\/\/institucional.us.es\/redgotico\/wp-content\/uploads\/2025\/10\/Captura-de-pantalla-2025-10-13-a-las-12.51.27.png\" class=\"attachment-large size-large wp-image-3317\" alt=\"\" srcset=\"https:\/\/institucional.us.es\/redgotico\/wp-content\/uploads\/2025\/10\/Captura-de-pantalla-2025-10-13-a-las-12.51.27.png 1016w, https:\/\/institucional.us.es\/redgotico\/wp-content\/uploads\/2025\/10\/Captura-de-pantalla-2025-10-13-a-las-12.51.27-768x685.png 768w\" sizes=\"(max-width: 1016px) 100vw, 1016px\" \/>\t\t\t\t\t\t\t\t\t\t\t\t\t\t\t<\/div>\n\t\t\t\t<\/div>\n\t\t\t\t<\/div>\n\t\t\t\t\t<\/div>\n\t\t\t\t<\/div>\n\t\t\t\t<\/div>\n\t\t","protected":false},"excerpt":{"rendered":"","protected":false},"author":1,"featured_media":0,"parent":0,"menu_order":0,"comment_status":"closed","ping_status":"closed","template":"","meta":{"_acf_changed":false,"footnotes":""},"class_list":["post-2950","page","type-page","status-publish","hentry"],"acf":[],"yoast_head":"<!-- This site is optimized with the Yoast SEO plugin v27.3 - https:\/\/yoast.com\/product\/yoast-seo-wordpress\/ -->\n<title>Publicaciones - Tardog\u00f3tico<\/title>\n<meta name=\"robots\" content=\"index, follow, max-snippet:-1, max-image-preview:large, max-video-preview:-1\" \/>\n<link rel=\"canonical\" href=\"https:\/\/institucional.us.es\/redgotico\/publicaciones\/\" \/>\n<meta property=\"og:locale\" content=\"es_ES\" \/>\n<meta property=\"og:type\" content=\"article\" \/>\n<meta property=\"og:title\" content=\"Publicaciones - Tardog\u00f3tico\" \/>\n<meta property=\"og:url\" content=\"https:\/\/institucional.us.es\/redgotico\/publicaciones\/\" \/>\n<meta property=\"og:site_name\" content=\"Tardog\u00f3tico\" \/>\n<meta property=\"article:modified_time\" content=\"2025-10-13T10:53:21+00:00\" \/>\n<meta property=\"og:image\" content=\"https:\/\/institucional.us.es\/redgotico\/wp-content\/uploads\/2025\/10\/Captura-de-pantalla-2025-10-13-a-las-12.51.52.png\" \/>\n\t<meta property=\"og:image:width\" content=\"880\" \/>\n\t<meta property=\"og:image:height\" content=\"817\" \/>\n\t<meta property=\"og:image:type\" content=\"image\/png\" \/>\n<meta name=\"twitter:card\" content=\"summary_large_image\" \/>\n<meta name=\"twitter:label1\" content=\"Tiempo de lectura\" \/>\n\t<meta name=\"twitter:data1\" content=\"1 minuto\" \/>\n<script type=\"application\/ld+json\" class=\"yoast-schema-graph\">{\"@context\":\"https:\\\/\\\/schema.org\",\"@graph\":[{\"@type\":\"WebPage\",\"@id\":\"https:\\\/\\\/institucional.us.es\\\/redgotico\\\/publicaciones\\\/\",\"url\":\"https:\\\/\\\/institucional.us.es\\\/redgotico\\\/publicaciones\\\/\",\"name\":\"Publicaciones - Tardog\u00f3tico\",\"isPartOf\":{\"@id\":\"https:\\\/\\\/institucional.us.es\\\/redgotico\\\/#website\"},\"primaryImageOfPage\":{\"@id\":\"https:\\\/\\\/institucional.us.es\\\/redgotico\\\/publicaciones\\\/#primaryimage\"},\"image\":{\"@id\":\"https:\\\/\\\/institucional.us.es\\\/redgotico\\\/publicaciones\\\/#primaryimage\"},\"thumbnailUrl\":\"https:\\\/\\\/institucional.us.es\\\/redgotico\\\/wp-content\\\/uploads\\\/2025\\\/10\\\/Captura-de-pantalla-2025-10-13-a-las-12.51.52.png\",\"datePublished\":\"2025-05-19T10:01:41+00:00\",\"dateModified\":\"2025-10-13T10:53:21+00:00\",\"inLanguage\":\"es\",\"potentialAction\":[{\"@type\":\"ReadAction\",\"target\":[\"https:\\\/\\\/institucional.us.es\\\/redgotico\\\/publicaciones\\\/\"]}]},{\"@type\":\"ImageObject\",\"inLanguage\":\"es\",\"@id\":\"https:\\\/\\\/institucional.us.es\\\/redgotico\\\/publicaciones\\\/#primaryimage\",\"url\":\"https:\\\/\\\/institucional.us.es\\\/redgotico\\\/wp-content\\\/uploads\\\/2025\\\/10\\\/Captura-de-pantalla-2025-10-13-a-las-12.51.52.png\",\"contentUrl\":\"https:\\\/\\\/institucional.us.es\\\/redgotico\\\/wp-content\\\/uploads\\\/2025\\\/10\\\/Captura-de-pantalla-2025-10-13-a-las-12.51.52.png\",\"width\":880,\"height\":817},{\"@type\":\"WebSite\",\"@id\":\"https:\\\/\\\/institucional.us.es\\\/redgotico\\\/#website\",\"url\":\"https:\\\/\\\/institucional.us.es\\\/redgotico\\\/\",\"name\":\"Tardog\u00f3tico\",\"description\":\"Red de Investigaci\u00f3n\",\"publisher\":{\"@id\":\"https:\\\/\\\/institucional.us.es\\\/redgotico\\\/#organization\"},\"potentialAction\":[{\"@type\":\"SearchAction\",\"target\":{\"@type\":\"EntryPoint\",\"urlTemplate\":\"https:\\\/\\\/institucional.us.es\\\/redgotico\\\/?s={search_term_string}\"},\"query-input\":{\"@type\":\"PropertyValueSpecification\",\"valueRequired\":true,\"valueName\":\"search_term_string\"}}],\"inLanguage\":\"es\"},{\"@type\":\"Organization\",\"@id\":\"https:\\\/\\\/institucional.us.es\\\/redgotico\\\/#organization\",\"name\":\"Tardog\u00f3tico\",\"url\":\"https:\\\/\\\/institucional.us.es\\\/redgotico\\\/\",\"logo\":{\"@type\":\"ImageObject\",\"inLanguage\":\"es\",\"@id\":\"https:\\\/\\\/institucional.us.es\\\/redgotico\\\/#\\\/schema\\\/logo\\\/image\\\/\",\"url\":\"https:\\\/\\\/institucional.us.es\\\/redgotico\\\/wp-content\\\/uploads\\\/2022\\\/02\\\/logo_final.png\",\"contentUrl\":\"https:\\\/\\\/institucional.us.es\\\/redgotico\\\/wp-content\\\/uploads\\\/2022\\\/02\\\/logo_final.png\",\"width\":563,\"height\":163,\"caption\":\"Tardog\u00f3tico\"},\"image\":{\"@id\":\"https:\\\/\\\/institucional.us.es\\\/redgotico\\\/#\\\/schema\\\/logo\\\/image\\\/\"}}]}<\/script>\n<!-- \/ Yoast SEO plugin. -->","yoast_head_json":{"title":"Publicaciones - Tardog\u00f3tico","robots":{"index":"index","follow":"follow","max-snippet":"max-snippet:-1","max-image-preview":"max-image-preview:large","max-video-preview":"max-video-preview:-1"},"canonical":"https:\/\/institucional.us.es\/redgotico\/publicaciones\/","og_locale":"es_ES","og_type":"article","og_title":"Publicaciones - Tardog\u00f3tico","og_url":"https:\/\/institucional.us.es\/redgotico\/publicaciones\/","og_site_name":"Tardog\u00f3tico","article_modified_time":"2025-10-13T10:53:21+00:00","og_image":[{"width":880,"height":817,"url":"https:\/\/institucional.us.es\/redgotico\/wp-content\/uploads\/2025\/10\/Captura-de-pantalla-2025-10-13-a-las-12.51.52.png","type":"image\/png"}],"twitter_card":"summary_large_image","twitter_misc":{"Tiempo de lectura":"1 minuto"},"schema":{"@context":"https:\/\/schema.org","@graph":[{"@type":"WebPage","@id":"https:\/\/institucional.us.es\/redgotico\/publicaciones\/","url":"https:\/\/institucional.us.es\/redgotico\/publicaciones\/","name":"Publicaciones - Tardog\u00f3tico","isPartOf":{"@id":"https:\/\/institucional.us.es\/redgotico\/#website"},"primaryImageOfPage":{"@id":"https:\/\/institucional.us.es\/redgotico\/publicaciones\/#primaryimage"},"image":{"@id":"https:\/\/institucional.us.es\/redgotico\/publicaciones\/#primaryimage"},"thumbnailUrl":"https:\/\/institucional.us.es\/redgotico\/wp-content\/uploads\/2025\/10\/Captura-de-pantalla-2025-10-13-a-las-12.51.52.png","datePublished":"2025-05-19T10:01:41+00:00","dateModified":"2025-10-13T10:53:21+00:00","inLanguage":"es","potentialAction":[{"@type":"ReadAction","target":["https:\/\/institucional.us.es\/redgotico\/publicaciones\/"]}]},{"@type":"ImageObject","inLanguage":"es","@id":"https:\/\/institucional.us.es\/redgotico\/publicaciones\/#primaryimage","url":"https:\/\/institucional.us.es\/redgotico\/wp-content\/uploads\/2025\/10\/Captura-de-pantalla-2025-10-13-a-las-12.51.52.png","contentUrl":"https:\/\/institucional.us.es\/redgotico\/wp-content\/uploads\/2025\/10\/Captura-de-pantalla-2025-10-13-a-las-12.51.52.png","width":880,"height":817},{"@type":"WebSite","@id":"https:\/\/institucional.us.es\/redgotico\/#website","url":"https:\/\/institucional.us.es\/redgotico\/","name":"Tardog\u00f3tico","description":"Red de Investigaci\u00f3n","publisher":{"@id":"https:\/\/institucional.us.es\/redgotico\/#organization"},"potentialAction":[{"@type":"SearchAction","target":{"@type":"EntryPoint","urlTemplate":"https:\/\/institucional.us.es\/redgotico\/?s={search_term_string}"},"query-input":{"@type":"PropertyValueSpecification","valueRequired":true,"valueName":"search_term_string"}}],"inLanguage":"es"},{"@type":"Organization","@id":"https:\/\/institucional.us.es\/redgotico\/#organization","name":"Tardog\u00f3tico","url":"https:\/\/institucional.us.es\/redgotico\/","logo":{"@type":"ImageObject","inLanguage":"es","@id":"https:\/\/institucional.us.es\/redgotico\/#\/schema\/logo\/image\/","url":"https:\/\/institucional.us.es\/redgotico\/wp-content\/uploads\/2022\/02\/logo_final.png","contentUrl":"https:\/\/institucional.us.es\/redgotico\/wp-content\/uploads\/2022\/02\/logo_final.png","width":563,"height":163,"caption":"Tardog\u00f3tico"},"image":{"@id":"https:\/\/institucional.us.es\/redgotico\/#\/schema\/logo\/image\/"}}]}},"_links":{"self":[{"href":"https:\/\/institucional.us.es\/redgotico\/wp-json\/wp\/v2\/pages\/2950","targetHints":{"allow":["GET"]}}],"collection":[{"href":"https:\/\/institucional.us.es\/redgotico\/wp-json\/wp\/v2\/pages"}],"about":[{"href":"https:\/\/institucional.us.es\/redgotico\/wp-json\/wp\/v2\/types\/page"}],"author":[{"embeddable":true,"href":"https:\/\/institucional.us.es\/redgotico\/wp-json\/wp\/v2\/users\/1"}],"replies":[{"embeddable":true,"href":"https:\/\/institucional.us.es\/redgotico\/wp-json\/wp\/v2\/comments?post=2950"}],"version-history":[{"count":0,"href":"https:\/\/institucional.us.es\/redgotico\/wp-json\/wp\/v2\/pages\/2950\/revisions"}],"wp:attachment":[{"href":"https:\/\/institucional.us.es\/redgotico\/wp-json\/wp\/v2\/media?parent=2950"}],"curies":[{"name":"wp","href":"https:\/\/api.w.org\/{rel}","templated":true}]}}