{"id":105,"date":"2025-02-27T02:45:46","date_gmt":"2025-02-27T01:45:46","guid":{"rendered":"http:\/\/institucional.us.es\/textosdoctorado\/?page_id=105"},"modified":"2025-03-05T23:10:49","modified_gmt":"2025-03-05T22:10:49","slug":"convocatoria-2025","status":"publish","type":"page","link":"http:\/\/institucional.us.es\/textosdoctorado\/?page_id=105","title":{"rendered":"Convocatoria 2025"},"content":{"rendered":"\n<p class=\"has-medium-font-size\"><strong>CONVOCATORIA PARA EL IX PREMIO IUACC A LA MEJOR TESIS DOCTORAL EN ARQUITECTURA Y CIENCIAS DE LA CONSTRUCCI\u00d3N LE\u00cdDA EN UNIVERSIDADES ESPA\u00d1OLAS<\/strong><\/p>\n\n\n\n<figure class=\"wp-block-image alignfull size-large\"><img fetchpriority=\"high\" decoding=\"async\" width=\"1024\" height=\"341\" src=\"http:\/\/institucional.us.es\/textosdoctorado\/wp-content\/uploads\/2025\/02\/Premios-iuacc_baner-1024x341.jpg\" alt=\"\" class=\"wp-image-212\" srcset=\"http:\/\/institucional.us.es\/textosdoctorado\/wp-content\/uploads\/2025\/02\/Premios-iuacc_baner-1024x341.jpg 1024w, http:\/\/institucional.us.es\/textosdoctorado\/wp-content\/uploads\/2025\/02\/Premios-iuacc_baner-300x100.jpg 300w, http:\/\/institucional.us.es\/textosdoctorado\/wp-content\/uploads\/2025\/02\/Premios-iuacc_baner-768x256.jpg 768w, http:\/\/institucional.us.es\/textosdoctorado\/wp-content\/uploads\/2025\/02\/Premios-iuacc_baner.jpg 1500w\" sizes=\"(max-width: 1024px) 100vw, 1024px\" \/><\/figure>\n\n\n\n<p class=\"has-medium-font-size\"><\/p>\n\n\n\n<p>El <a href=\"http:\/\/www.iucc.us.es\/index.php\/es\/\">Instituto Universitario de Arquitectura y Ciencias de la Construcci\u00f3n<\/a>&nbsp;(IUACC)&nbsp;de la <a href=\"https:\/\/www.us.es\/\">Universidad de Sevilla<\/a>&nbsp;(US)&nbsp;tiene entre sus fines promover la investigaci\u00f3n en el campo de la Arquitectura y las Ciencias de la Construcci\u00f3n. Para ello cuenta, entre otras acciones, con la Colecci\u00f3n&nbsp;<strong><a href=\"http:\/\/www.iucc.us.es\/index.php\/es\/textos-de-doctorado\/sobre-la-coleccion\">ARQUITECTURA TEXTOS DE DOCTORADO<\/a><\/strong>, que publica desde 1997 en coedici\u00f3n con LA Editorial Universidad de Sevilla (EUS).<\/p>\n\n\n\n<p>La Colecci\u00f3n \u00ab<em>Arquitectura, Textos de Doctorado<\/em>\u00ab, que viene edit\u00e1ndose desde el a\u00f1o 1997, est\u00e1 orientada a la <strong>publicaci\u00f3n de trabajos de investigaci\u00f3n relevantes<\/strong> por su aportaci\u00f3n al conocimiento arquitect\u00f3nico, patrimonial, urbano y de las ciencias y las tecnolog\u00edas de la construcci\u00f3n. La colecci\u00f3n pone al alcance del p\u00fablico interesado en los estudios sobre Arquitectura y Ciencias de la Construcci\u00f3n valiosas investigaciones que de otro modo ser\u00edan menos accesibles. Hasta la fecha, se han editado 63 t\u00edtulos, ordenados en cuatro series. <\/p>\n\n\n\n<p>Esta Colecci\u00f3n cuenta con prestigiosos reconocimientos como el Premio FAD 2019 en la categor\u00eda de Pensamiento y Cr\u00edtica en Arquitectura y el&nbsp;<strong><a href=\"https:\/\/institucional.us.es\/textosdoctorado\/?page_id=96\">Sello de Calidad en Edici\u00f3n Acad\u00e9mica&nbsp;Cea-apQ<\/a><\/strong>,&nbsp;reconociendo tanto la calidad cient\u00edfica como la editorial, habiendo superado as\u00ed exigentes requisitos en relaci\u00f3n a calidad informativa, pol\u00edtica editorial, procesos editoriales, reputaci\u00f3n y prestigio.&nbsp;A su vez este sello es avalado por la Agencia Nacional de Evaluaci\u00f3n de la Calidad y Acreditaci\u00f3n (ANECA) y la Fundaci\u00f3n Espa\u00f1ola para la Ciencia y la Tecnolog\u00eda (FECYT).<\/p>\n\n\n\n<p>El Premio IUACC permite la selecci\u00f3n de tesis doctorales realizadas por doctores de las universidades espa\u00f1olas, sobre Arquitectura (ciudad, paisaje, patrimonio, historia, teor\u00eda y cr\u00edtica, expresi\u00f3n gr\u00e1fica, etc.) y Tecnolog\u00edas Arquitect\u00f3nicas (construcci\u00f3n, estructuras, materiales, instalaciones, etc.) que<strong> no hayan sido premiadas con anterioridad <\/strong>al momento de su presentaci\u00f3n en esta convocatoria y sean <strong>in\u00e9ditas<\/strong>, es decir, que no se hayan publicado como monograf\u00eda total, en cualquier idioma, formato o soporte.<\/p>\n\n\n\n<p>Podr\u00e1n optar al premio todos aquellos <strong>doctores<\/strong>, de cualquier nacionalidad, que hayan defendido su tesis doctoral y obtenido la m\u00e1xima calificaci\u00f3n (cum laude) en cualquiera de las universidades espa\u00f1olas durante los a\u00f1os 2023 y 2024. Se admitir\u00e1n solo aquellas tesis que hayan sido defendidas antes del 31 de diciembre de 2024.<\/p>\n\n\n\n<p>El plazo para presentar las solicitudes tiene como fecha l\u00edmite el\u00a0<strong>30 de abril de 2025<\/strong>\u00a0a las 14:00h. Para presentar la solicitud, es necesario leer atentamente las bases de la convocatoria y cumplimentar el siguiente\u00a0<a href=\"https:\/\/forms.office.com\/Pages\/ResponsePage.aspx?id=TmhK77WBHEmpjsezG-bEaU8RQzdU8uRKoNDzB4wxNUxURTEwTkpUQ0ZYUFdHUzk5SzhPUVMzUEJTVS4u\"><\/a><strong><a href=\"https:\/\/forms.office.com\/e\/dCUj9tf4Dd\">FORMULARIO WEB<\/a><\/strong>.<\/p>\n\n\n\n<p><\/p>\n\n\n\n<ul class=\"wp-block-list\">\n<li>Descargue las<strong>&nbsp;bases de la convocatoria<\/strong>:&nbsp;<a href=\"https:\/\/hdvirtual.us.es\/discovirt\/index.php\/s\/Qss2Qg8NjA9kw8d\">Convocatoria_IX Premio IUACC_2025_BASES<\/a><\/li>\n\n\n\n<li>Descargue el <strong>modelo de Compromiso<\/strong>: <a href=\"https:\/\/hdvirtual.us.es\/discovirt\/index.php\/s\/BxJomfDNYXWns7W\">Modelo de Compromiso IX Premio IUACC 2025<\/a><\/li>\n<\/ul>\n\n\n\n<p><\/p>\n\n\n\n<p>Para cualquier consulta o aclaraci\u00f3n sobre la convocatoria puede dirigirse al correo&nbsp;<a href=\"mailto:textosdedoctorado@us.es\">textosdedoctorado@us.es<\/a>&nbsp;con el asunto:&nbsp;<em>IX Premio IUACC.<\/em><\/p>\n\n\n\n<p><\/p>\n","protected":false},"excerpt":{"rendered":"<p>CONVOCATORIA PARA EL IX PREMIO IUACC A LA MEJOR TESIS DOCTORAL EN ARQUITECTURA Y CIENCIAS DE LA CONSTRUCCI\u00d3N LE\u00cdDA EN UNIVERSIDADES ESPA\u00d1OLAS El Instituto Universitario de Arquitectura y Ciencias de la Construcci\u00f3n&nbsp;(IUACC)&nbsp;de la Universidad de Sevilla&nbsp;(US)&nbsp;tiene entre sus fines promover<\/p>\n","protected":false},"author":1,"featured_media":0,"parent":0,"menu_order":0,"comment_status":"closed","ping_status":"closed","template":"","meta":{"footnotes":""},"class_list":["post-105","page","type-page","status-publish","hentry"],"_links":{"self":[{"href":"http:\/\/institucional.us.es\/textosdoctorado\/index.php?rest_route=\/wp\/v2\/pages\/105","targetHints":{"allow":["GET"]}}],"collection":[{"href":"http:\/\/institucional.us.es\/textosdoctorado\/index.php?rest_route=\/wp\/v2\/pages"}],"about":[{"href":"http:\/\/institucional.us.es\/textosdoctorado\/index.php?rest_route=\/wp\/v2\/types\/page"}],"author":[{"embeddable":true,"href":"http:\/\/institucional.us.es\/textosdoctorado\/index.php?rest_route=\/wp\/v2\/users\/1"}],"replies":[{"embeddable":true,"href":"http:\/\/institucional.us.es\/textosdoctorado\/index.php?rest_route=%2Fwp%2Fv2%2Fcomments&post=105"}],"version-history":[{"count":9,"href":"http:\/\/institucional.us.es\/textosdoctorado\/index.php?rest_route=\/wp\/v2\/pages\/105\/revisions"}],"predecessor-version":[{"id":237,"href":"http:\/\/institucional.us.es\/textosdoctorado\/index.php?rest_route=\/wp\/v2\/pages\/105\/revisions\/237"}],"wp:attachment":[{"href":"http:\/\/institucional.us.es\/textosdoctorado\/index.php?rest_route=%2Fwp%2Fv2%2Fmedia&parent=105"}],"curies":[{"name":"wp","href":"https:\/\/api.w.org\/{rel}","templated":true}]}}