{"id":166,"date":"2025-02-27T03:45:59","date_gmt":"2025-02-27T02:45:59","guid":{"rendered":"http:\/\/institucional.us.es\/textosdoctorado\/?page_id=166"},"modified":"2025-04-23T10:48:27","modified_gmt":"2025-04-23T08:48:27","slug":"sobre-la-coleccion-arquitectura-textos-de-doctorado-del-iuacc","status":"publish","type":"page","link":"http:\/\/institucional.us.es\/textosdoctorado\/?page_id=166","title":{"rendered":"Sobre la Colecci\u00f3n: Arquitectura, Textos de Doctorado del IUACC"},"content":{"rendered":"\n<p class=\"has-medium-font-size\"><strong>Trayectoria y finalidad<\/strong><\/p>\n\n\n\n<p>La&nbsp;<strong>Colecci\u00f3n Arquitectura Textos de Doctorado<\/strong>, coeditada por el Instituto Universitario de Arquitectura y Ciencias de la Construcci\u00f3n (IUACC) y la&nbsp;<a href=\"https:\/\/editorial.us.es\/es\/colecciones-y-series\/arquitectura-textos-doctorado-del-iuacc\/59\/0\" target=\"_blank\" rel=\"noreferrer noopener\">Editorial Universidad de Sevilla<\/a>&nbsp;(EUS) cuenta con el&nbsp;<strong><a href=\"http:\/\/www.selloceaapq.es\/\" target=\"_blank\" rel=\"noreferrer noopener\">Sello de Calidad en Edici\u00f3n Acad\u00e9mica CEA-APQ<\/a><\/strong>, reconociendo tanto la calidad cient\u00edfica como la editorial, superando as\u00ed exigentes requisitos en relaci\u00f3n a calidad informativa, pol\u00edtica editorial, procesos editoriales, reputaci\u00f3n y prestigio.&nbsp;A su vez este sello es avalado por la Agencia Nacional de Evaluaci\u00f3n de la Calidad y Acreditaci\u00f3n (ANECA) y la Fundaci\u00f3n Espa\u00f1ola para la Ciencia y la Tecnolog\u00eda (FECYT).<\/p>\n\n\n\n<p>As\u00ed mismo, ha resultado premiada en los prestigiosos&nbsp;<a href=\"http:\/\/www.iucc.us.es\/index.php\/es\/publicaciones-2\/publicaciones-2\/531-finalista-premis-fad-2019-coleccion-arquitectura-textos-de-doctorado\">PREMIS FAD 2019<\/a>, en la categor\u00eda de Pensamiento y Cr\u00edtica, reconociendo el valor&nbsp;de&nbsp;textos y publicaciones, relacionados con la ciudad, el paisaje, el interiorismo, que hayan&nbsp;<strong>contribuido de manera significativa<\/strong>&nbsp;a fomentar el debate y la cr\u00edtica en el \u00e1mbito de la arquitectura.&nbsp;<\/p>\n\n\n\n<figure class=\"wp-block-image size-large\"><img fetchpriority=\"high\" decoding=\"async\" width=\"1024\" height=\"341\" src=\"http:\/\/institucional.us.es\/textosdoctorado\/wp-content\/uploads\/2025\/02\/libro_48-52-1500x500-1-1024x341.png\" alt=\"\" class=\"wp-image-113\" srcset=\"http:\/\/institucional.us.es\/textosdoctorado\/wp-content\/uploads\/2025\/02\/libro_48-52-1500x500-1-1024x341.png 1024w, http:\/\/institucional.us.es\/textosdoctorado\/wp-content\/uploads\/2025\/02\/libro_48-52-1500x500-1-300x100.png 300w, http:\/\/institucional.us.es\/textosdoctorado\/wp-content\/uploads\/2025\/02\/libro_48-52-1500x500-1-768x256.png 768w, http:\/\/institucional.us.es\/textosdoctorado\/wp-content\/uploads\/2025\/02\/libro_48-52-1500x500-1.png 1500w\" sizes=\"(max-width: 1024px) 100vw, 1024px\" \/><\/figure>\n\n\n\n<p><strong>Arquitectura, Textos de Doctorado<\/strong>&nbsp;es una colecci\u00f3n que comienza su edici\u00f3n en 1997 y que propone plasmar, en forma de libro, resultados de investigaci\u00f3n asociados a l\u00edneas de investigaci\u00f3n relacionadas con la Ciudad, la Arquitectura y las Ciencias de la Construcci\u00f3n. De forma que el origen de los textos proviene tanto de proyectos de investigaci\u00f3n como de tesis doctorales.<\/p>\n\n\n\n<p>La colecci\u00f3n clasifica los ejemplares en&nbsp;<strong>cuatro ramas<\/strong>&nbsp;que abarcan diferentes tem\u00e1ticas: la&nbsp;<strong>roja<\/strong>&nbsp;tiene car\u00e1cter t\u00e9cnico e incide sobre las tecnolog\u00edas arquitect\u00f3nicas, la&nbsp;<strong>amarilla<\/strong>&nbsp;contiene reflexiones te\u00f3ricas o ensayos, la&nbsp;<strong>azul<\/strong>&nbsp;se dedica a temas relacionados con el dise\u00f1o arquitect\u00f3nico, la ciudad, el territorio y el paisaje, la&nbsp;<strong>verde<\/strong>&nbsp;muestra contenidos sobre Andaluc\u00eda.<\/p>\n\n\n\n<p><br><\/p>\n\n\n\n<p class=\"has-medium-font-size\"><strong>Directores de la Colecci\u00f3n: Arquitectura<\/strong><\/p>\n\n\n\n<p>&#8211; D\u00aa. Mar\u00eda del Pilar Mercader Moyano<br>&#8211; D. Antonio G\u00e1miz Gordo<br>&#8211; D. Pablo Manuel Mill\u00e1n Mill\u00e1n<br><br><\/p>\n\n\n\n<p><strong>Ver todos los&nbsp;<a href=\"https:\/\/editorial.us.es\/es\/colecciones-y-series\/arquitectura-textos-doctorado-del-iuacc\/59\/0\">T\u00edtulos Publicados<\/a><\/strong><\/p>\n\n\n\n<p><\/p>\n\n\n\n<p><\/p>\n\n\n\n<p class=\"has-medium-font-size\"><br><strong>Patr\u00f3n de publicaci\u00f3n<\/strong><\/p>\n\n\n\n<p>Se publica como m\u00ednimo un libro al a\u00f1o, pudi\u00e9ndose publicar m\u00e1s originales en funci\u00f3n de la calidad de los contenidos y la disponibilidad presupuestaria.<\/p>\n\n\n\n<p class=\"has-medium-font-size\"><strong>Cauces de recepci\u00f3n de originales<\/strong><\/p>\n\n\n\n<p>La recepci\u00f3n de originales se realiza alternadamente mediante dos tipos de convocatorias:&nbsp;<\/p>\n\n\n\n<ol class=\"wp-block-list\">\n<li>A trav\u00e9s de convocatorias anuales de originales en p\u00fablica concurrencia.&nbsp;<\/li>\n\n\n\n<li>A trav\u00e9s de la convocatoria bianual del Instituto Universitario de Arquitectura y Ciencias de la Construcci\u00f3n Premio IUACC a la Mejor Tesis Doctoral.&nbsp;<\/li>\n<\/ol>\n\n\n\n<p class=\"has-medium-font-size\"><strong>Informaci\u00f3n sobre el proceso de selecci\u00f3n de manuscritos<\/strong><\/p>\n\n\n\n<p>De todos los originales presentados, el Comit\u00e9 Redactor (Comisi\u00f3n de Publicaciones IUACC) realiza una preselecci\u00f3n de textos en atenci\u00f3n a su calidad (entre 4 y 6 originales). Posteriormente los textos seleccionados se someten a revisi\u00f3n por pares externos, mediante un sistema doble ciego. La elecci\u00f3n final de los textos que se publiquen la realiza el comit\u00e9 cient\u00edfico asesor tomando como referencia los informes de revisi\u00f3n recibidos.\u00a0<br>Los revisores llevan a cabo su labor cr\u00edtica sobre el trabajo sometido a valoraci\u00f3n por el procedimiento double blind peer review, estando garantizada por el comit\u00e9 redactor la confidencialidad de los informes.\u00a0<br>Los informes emitidos por los evaluadores externos en el proceso de revisi\u00f3n por pares ciegos de los manuscritos que hayan sido considerados adecuados para su inclusi\u00f3n en la colecci\u00f3n por parte del director, el consejo de redacci\u00f3n y el comit\u00e9 cient\u00edfico de esta, se ajustar\u00e1n al modelo previsto a tal efecto por la editorial, que se puede descargar\u00a0<a href=\"https:\/\/editorial.us.es\/es\/publica-con-nosotros\/manual-de-estilo\">aqu\u00ed<\/a>.<\/p>\n\n\n\n<p>En la formalizaci\u00f3n del contrato con los autores y\/o coordinadores de las obras que se acepten para su publicaci\u00f3n, estos ceder\u00e1n a la editorial por diez a\u00f1os los derechos exclusivos de reproducci\u00f3n, distribuci\u00f3n, comunicaci\u00f3n p\u00fablica y transformaci\u00f3n, para su explotaci\u00f3n en todo el mundo, directamente o a trav\u00e9s de terceros, en todas las lenguas del mundo, en cualquier formato editorial y modalidad de edici\u00f3n, asumiendo el editor la obligaci\u00f3n de realizar estas operaciones por su cuenta y riesgo.<\/p>\n\n\n\n<p>Con car\u00e1cter general, la Editorial Universidad de Sevilla autorizar\u00e1 el dep\u00f3sito, en repositorios institucionales de acceso abierto, como el&nbsp;<a href=\"https:\/\/idus.us.es\/\" target=\"_blank\" rel=\"noreferrer noopener\">repositorio IDUS<\/a>&nbsp;que la Universidad de Sevilla pone a disposici\u00f3n de todo su personal investigador, de las versiones manuscritas originales de las publicaciones de car\u00e1cter cient\u00edfico que hayan sido resultado de actividad investigadora que haya contado con financiaci\u00f3n p\u00fablica. Asimismo, una vez transcurridos dos a\u00f1os desde la publicaci\u00f3n de una obra, los autores de cap\u00edtulos de libros podr\u00e1n solicitar autorizaci\u00f3n a la direcci\u00f3n de la editorial para depositar, asimismo en repositorios institucionales de acceso abierto, una separata electr\u00f3nica de sus trabajos.<\/p>\n\n\n\n<p><\/p>\n\n\n\n<p><\/p>\n","protected":false},"excerpt":{"rendered":"<p>Trayectoria y finalidad La&nbsp;Colecci\u00f3n Arquitectura Textos de Doctorado, coeditada por el Instituto Universitario de Arquitectura y Ciencias de la Construcci\u00f3n (IUACC) y la&nbsp;Editorial Universidad de Sevilla&nbsp;(EUS) cuenta con el&nbsp;Sello de Calidad en Edici\u00f3n Acad\u00e9mica CEA-APQ, reconociendo tanto la calidad cient\u00edfica<\/p>\n","protected":false},"author":1,"featured_media":0,"parent":0,"menu_order":0,"comment_status":"closed","ping_status":"closed","template":"","meta":{"footnotes":""},"class_list":["post-166","page","type-page","status-publish","hentry"],"_links":{"self":[{"href":"http:\/\/institucional.us.es\/textosdoctorado\/index.php?rest_route=\/wp\/v2\/pages\/166","targetHints":{"allow":["GET"]}}],"collection":[{"href":"http:\/\/institucional.us.es\/textosdoctorado\/index.php?rest_route=\/wp\/v2\/pages"}],"about":[{"href":"http:\/\/institucional.us.es\/textosdoctorado\/index.php?rest_route=\/wp\/v2\/types\/page"}],"author":[{"embeddable":true,"href":"http:\/\/institucional.us.es\/textosdoctorado\/index.php?rest_route=\/wp\/v2\/users\/1"}],"replies":[{"embeddable":true,"href":"http:\/\/institucional.us.es\/textosdoctorado\/index.php?rest_route=%2Fwp%2Fv2%2Fcomments&post=166"}],"version-history":[{"count":17,"href":"http:\/\/institucional.us.es\/textosdoctorado\/index.php?rest_route=\/wp\/v2\/pages\/166\/revisions"}],"predecessor-version":[{"id":235,"href":"http:\/\/institucional.us.es\/textosdoctorado\/index.php?rest_route=\/wp\/v2\/pages\/166\/revisions\/235"}],"wp:attachment":[{"href":"http:\/\/institucional.us.es\/textosdoctorado\/index.php?rest_route=%2Fwp%2Fv2%2Fmedia&parent=166"}],"curies":[{"name":"wp","href":"https:\/\/api.w.org\/{rel}","templated":true}]}}