{"id":236,"date":"2025-06-03T15:48:14","date_gmt":"2025-06-03T13:48:14","guid":{"rendered":"http:\/\/institucional.us.es\/textosdoctorado\/?page_id=236"},"modified":"2025-06-03T15:49:03","modified_gmt":"2025-06-03T13:49:03","slug":"convocatoria-2025-listado-provisional-de-admitidos","status":"publish","type":"page","link":"http:\/\/institucional.us.es\/textosdoctorado\/?page_id=236","title":{"rendered":"Convocatoria 2025 &#8211; Listado provisional de admitidos"},"content":{"rendered":"\n<p><strong>CONVOCATORIA PARA EL IX PREMIO IUACC A LA MEJOR TESIS DOCTORAL EN ARQUITECTURA Y CIENCIAS DE LA CONSTRUCCI\u00d3N LE\u00cdDA EN UNIVERSIDADES ESPA\u00d1OLAS<\/strong><\/p>\n\n\n\n<figure class=\"wp-block-image alignfull size-large\"><img fetchpriority=\"high\" decoding=\"async\" width=\"1024\" height=\"341\" src=\"http:\/\/institucional.us.es\/textosdoctorado\/wp-content\/uploads\/2025\/02\/Premios-iuacc_baner-1024x341.jpg\" alt=\"\" class=\"wp-image-212\" srcset=\"http:\/\/institucional.us.es\/textosdoctorado\/wp-content\/uploads\/2025\/02\/Premios-iuacc_baner-1024x341.jpg 1024w, http:\/\/institucional.us.es\/textosdoctorado\/wp-content\/uploads\/2025\/02\/Premios-iuacc_baner-300x100.jpg 300w, http:\/\/institucional.us.es\/textosdoctorado\/wp-content\/uploads\/2025\/02\/Premios-iuacc_baner-768x256.jpg 768w, http:\/\/institucional.us.es\/textosdoctorado\/wp-content\/uploads\/2025\/02\/Premios-iuacc_baner.jpg 1500w\" sizes=\"(max-width: 1024px) 100vw, 1024px\" \/><\/figure>\n\n\n\n<p>Con fecha de <strong>3 de junio de 2025<\/strong> se ha publicado el<strong> listado provisional de admitidos<\/strong> para el<em> IX Premio del IUACC a la mejor Tesis Doctoral<\/em>.<\/p>\n\n\n\n<p>Puede descargarlo <a href=\"https:\/\/hdvirtual.us.es\/discovirt\/index.php\/s\/ZF347aGXd6m9JgF\">AQU\u00cd<\/a>.<\/p>\n\n\n\n<p>Los solicitantes tienen un plazo de <strong>10 d\u00edas h\u00e1biles<\/strong>, a partir del d\u00eda siguiente de esta publicaci\u00f3n, para entregar la documentaci\u00f3n requerida como parte de la subsanaci\u00f3n.<\/p>\n\n\n\n<p>El correo electr\u00f3nico habilitado para ello es\u00a0<a href=\"mailto:textosdedoctorado@us.es\">textosdedoctorado@us.es<\/a>\u00a0con el asunto:\u00a0<em>IX Premio IUACC.<\/em><\/p>\n\n\n\n<p>Puede utilizar el siguiente <a href=\"https:\/\/hdvirtual.us.es\/discovirt\/index.php\/s\/9sGdknpky8pMtDb\">formulario <\/a>como modelo de declaraci\u00f3n responsable.<\/p>\n\n\n\n<p><\/p>\n","protected":false},"excerpt":{"rendered":"<p>CONVOCATORIA PARA EL IX PREMIO IUACC A LA MEJOR TESIS DOCTORAL EN ARQUITECTURA Y CIENCIAS DE LA CONSTRUCCI\u00d3N LE\u00cdDA EN UNIVERSIDADES ESPA\u00d1OLAS Con fecha de 3 de junio de 2025 se ha publicado el listado provisional de admitidos para el<\/p>\n","protected":false},"author":1,"featured_media":0,"parent":105,"menu_order":99,"comment_status":"closed","ping_status":"closed","template":"","meta":{"footnotes":""},"class_list":["post-236","page","type-page","status-publish","hentry"],"_links":{"self":[{"href":"http:\/\/institucional.us.es\/textosdoctorado\/index.php?rest_route=\/wp\/v2\/pages\/236","targetHints":{"allow":["GET"]}}],"collection":[{"href":"http:\/\/institucional.us.es\/textosdoctorado\/index.php?rest_route=\/wp\/v2\/pages"}],"about":[{"href":"http:\/\/institucional.us.es\/textosdoctorado\/index.php?rest_route=\/wp\/v2\/types\/page"}],"author":[{"embeddable":true,"href":"http:\/\/institucional.us.es\/textosdoctorado\/index.php?rest_route=\/wp\/v2\/users\/1"}],"replies":[{"embeddable":true,"href":"http:\/\/institucional.us.es\/textosdoctorado\/index.php?rest_route=%2Fwp%2Fv2%2Fcomments&post=236"}],"version-history":[{"count":2,"href":"http:\/\/institucional.us.es\/textosdoctorado\/index.php?rest_route=\/wp\/v2\/pages\/236\/revisions"}],"predecessor-version":[{"id":241,"href":"http:\/\/institucional.us.es\/textosdoctorado\/index.php?rest_route=\/wp\/v2\/pages\/236\/revisions\/241"}],"up":[{"embeddable":true,"href":"http:\/\/institucional.us.es\/textosdoctorado\/index.php?rest_route=\/wp\/v2\/pages\/105"}],"wp:attachment":[{"href":"http:\/\/institucional.us.es\/textosdoctorado\/index.php?rest_route=%2Fwp%2Fv2%2Fmedia&parent=236"}],"curies":[{"name":"wp","href":"https:\/\/api.w.org\/{rel}","templated":true}]}}