{"id":240,"date":"2025-06-30T11:21:44","date_gmt":"2025-06-30T09:21:44","guid":{"rendered":"http:\/\/institucional.us.es\/textosdoctorado\/?page_id=240"},"modified":"2025-06-30T11:21:44","modified_gmt":"2025-06-30T09:21:44","slug":"convocatoria-2025-listado-definitivo-de-admitidos","status":"publish","type":"page","link":"http:\/\/institucional.us.es\/textosdoctorado\/?page_id=240","title":{"rendered":"Convocatoria 2025 &#8211; Listado definitivo de admitidos"},"content":{"rendered":"\n<p><strong>CONVOCATORIA PARA EL IX PREMIO IUACC A LA MEJOR TESIS DOCTORAL EN ARQUITECTURA Y CIENCIAS DE LA CONSTRUCCI\u00d3N LE\u00cdDA EN UNIVERSIDADES ESPA\u00d1OLAS<\/strong><\/p>\n\n\n\n<figure class=\"wp-block-image alignfull\"><img decoding=\"async\" src=\"http:\/\/institucional.us.es\/textosdoctorado\/wp-content\/uploads\/2025\/02\/Premios-iuacc_baner-1024x341.jpg\" alt=\"\"\/><\/figure>\n\n\n\n<p>Con fecha de <strong>30 de junio de 2025<\/strong> se ha publicado el<strong> listado definitivo de admitidos<\/strong> para el<em> IX Premio del IUACC a la mejor Tesis Doctoral<\/em>.<\/p>\n\n\n\n<p>Puede descargarlo <a href=\"https:\/\/hdvirtual.us.es\/discovirt\/index.php\/s\/L8RNwSM4B5RoWHW\">AQU\u00cd<\/a>.<\/p>\n\n\n\n<p><\/p>\n","protected":false},"excerpt":{"rendered":"<p>CONVOCATORIA PARA EL IX PREMIO IUACC A LA MEJOR TESIS DOCTORAL EN ARQUITECTURA Y CIENCIAS DE LA CONSTRUCCI\u00d3N LE\u00cdDA EN UNIVERSIDADES ESPA\u00d1OLAS Con fecha de 30 de junio de 2025 se ha publicado el listado definitivo de admitidos para el<\/p>\n","protected":false},"author":1,"featured_media":0,"parent":105,"menu_order":98,"comment_status":"closed","ping_status":"closed","template":"","meta":{"footnotes":""},"class_list":["post-240","page","type-page","status-publish","hentry"],"_links":{"self":[{"href":"http:\/\/institucional.us.es\/textosdoctorado\/index.php?rest_route=\/wp\/v2\/pages\/240","targetHints":{"allow":["GET"]}}],"collection":[{"href":"http:\/\/institucional.us.es\/textosdoctorado\/index.php?rest_route=\/wp\/v2\/pages"}],"about":[{"href":"http:\/\/institucional.us.es\/textosdoctorado\/index.php?rest_route=\/wp\/v2\/types\/page"}],"author":[{"embeddable":true,"href":"http:\/\/institucional.us.es\/textosdoctorado\/index.php?rest_route=\/wp\/v2\/users\/1"}],"replies":[{"embeddable":true,"href":"http:\/\/institucional.us.es\/textosdoctorado\/index.php?rest_route=%2Fwp%2Fv2%2Fcomments&post=240"}],"version-history":[{"count":2,"href":"http:\/\/institucional.us.es\/textosdoctorado\/index.php?rest_route=\/wp\/v2\/pages\/240\/revisions"}],"predecessor-version":[{"id":251,"href":"http:\/\/institucional.us.es\/textosdoctorado\/index.php?rest_route=\/wp\/v2\/pages\/240\/revisions\/251"}],"up":[{"embeddable":true,"href":"http:\/\/institucional.us.es\/textosdoctorado\/index.php?rest_route=\/wp\/v2\/pages\/105"}],"wp:attachment":[{"href":"http:\/\/institucional.us.es\/textosdoctorado\/index.php?rest_route=%2Fwp%2Fv2%2Fmedia&parent=240"}],"curies":[{"name":"wp","href":"https:\/\/api.w.org\/{rel}","templated":true}]}}