{"id":253,"date":"2025-10-21T20:31:30","date_gmt":"2025-10-21T18:31:30","guid":{"rendered":"http:\/\/institucional.us.es\/textosdoctorado\/?page_id=253"},"modified":"2025-11-13T19:00:48","modified_gmt":"2025-11-13T18:00:48","slug":"convocatoria-2025-listado-de-trabajos-finalistas","status":"publish","type":"page","link":"http:\/\/institucional.us.es\/textosdoctorado\/?page_id=253","title":{"rendered":"Convocatoria 2025 &#8211; Listado de trabajos finalistas"},"content":{"rendered":"\n<p><strong>CONVOCATORIA PARA EL IX PREMIO IUACC A LA MEJOR TESIS DOCTORAL EN ARQUITECTURA Y CIENCIAS DE LA CONSTRUCCI\u00d3N LE\u00cdDA EN UNIVERSIDADES ESPA\u00d1OLAS<\/strong><\/p>\n\n\n\n<figure class=\"wp-block-image alignfull\"><img decoding=\"async\" src=\"http:\/\/institucional.us.es\/textosdoctorado\/wp-content\/uploads\/2025\/02\/Premios-iuacc_baner-1024x341.jpg\" alt=\"\"\/><\/figure>\n\n\n\n<p>En reuni\u00f3n virtual celebrada el lunes 20 de octubre de 2025,&nbsp;a trav\u00e9s de la plataforma Teams de la Universidad de Sevilla, el jurado&nbsp;del IX Premio IUACC a la Mejor Tesis Doctoral en Arquitectura y Ciencias de la Construcci\u00f3n \u2013 Convocatoria 2025&nbsp;ha valorado muy positivamente tanto el \u00e9xito de la convocatoria como &nbsp;la extraordinaria calidad de todas las tesis doctorales presentadas, con una gran variedad de temas y enfoques, por lo que felicita a todas las personas candidatas, a sus directores de tesis, as\u00ed como al Instituto Universitario de Arquitectura y Ciencias de la Construcci\u00f3n por la iniciativa.&nbsp;&nbsp;<\/p>\n\n\n\n<p>El jurado ha estado formado por los siguientes expertos: Dr. D. Esteban Fern\u00e1ndez Cobi\u00e1n, Profesor Titular del Departamento de Construcciones y Estructuras Arquitect\u00f3nicas, Civiles y Aeron\u00e1uticas de la Universidade da Coru\u00f1a; Dra. D\u00aa. Belinda L\u00f3pez Mesa, Catedr\u00e1tica del Departamento de Arquitectura de la Universidad de Zaragoza; Dra. D\u00aa. Carmen Mar\u00eda Moreno \u00c1lvarez, Profesora Titular del Departamento de Expresi\u00f3n Gr\u00e1fica Arquitect\u00f3nica y en la Ingenier\u00eda de la Universidad de Granada; y Dr. D. Daniel Navas Carrillo, Profesor Titular del Departamento de Arte y Arquitectura de la Universidad de M\u00e1laga. Asisten, sin voz ni voto, los directores de la colecci\u00f3n&nbsp;<em>Arquitectura_Textos de Doctorado,&nbsp;<\/em>la Dra. D\u00aa. Pilar Mercader Moyano -Directora del Instituto Universitario de Arquitectura y Ciencias de la Construcci\u00f3n de la Universidad de Sevilla-, el Dr. D. Pablo Manuel Mill\u00e1n Mill\u00e1n y la Dra. D\u00aa. Blanca del Espino Hidalgo, as\u00ed como el Dr. D. Juan Jos\u00e9 Moyano Campos -Subdirector del Instituto Universitario de Arquitectura y Ciencias de la Construcci\u00f3n de la Universidad de Sevilla-.&nbsp;&nbsp;<\/p>\n\n\n\n<p>Tras las propuestas realizadas por cada uno de los miembros y el debate posterior, el Jurado ha seleccionado por unanimidad, entre las treinta y seis tesis doctorales admitidas en la convocatoria, las siguientes&nbsp;<strong>ocho finalistas<\/strong>&nbsp;(por orden alfab\u00e9tico de autores):&nbsp;&nbsp;<\/p>\n\n\n\n<ul class=\"wp-block-list\">\n<li>Design Thinking como estrategia de innovaci\u00f3n en Arquitectura y Dise\u00f1o. Experiencia, empat\u00eda y usuario.<\/li>\n\n\n\n<li>La Mezquita-Catedral de C\u00f3rdoba: Arquitectura, dibujo y precisi\u00f3n gr\u00e1fica<\/li>\n\n\n\n<li>Habitat \u00c9volutif<\/li>\n\n\n\n<li>Los muros mixtos de madera en Espa\u00f1a: Estudio de una t\u00e9cnica tradicional para su puesta en valor y conservaci\u00f3n<\/li>\n\n\n\n<li>El agua trazada. Las infraestructuras hidr\u00e1ulicas en la construcci\u00f3n hist\u00f3rica del paisaje metropolitano. Estudio metodol\u00f3gico para su caracterizaci\u00f3n patrimonial.<\/li>\n\n\n\n<li>Manifiesto para humanizar la ciudad vertical del futuro<\/li>\n\n\n\n<li>Paradigmas del vac\u00edo ocupado: Sevilla y el rito. Un relato cartogr\u00e1fico de la ciudad ef\u00edmera.<\/li>\n\n\n\n<li>Pasajes arquitect\u00f3nicos. La vivienda en el cine de Estado de Espa\u00f1a y Portugal (1938-1975).<\/li>\n<\/ul>\n\n\n\n<p>Enlace al <a href=\"https:\/\/hdvirtual.us.es\/discovirt\/index.php\/s\/bBrmbDzMQjgFSis\">acta<\/a><\/p>\n\n\n\n<p>Sevilla, 21 de octubre de 2025<\/p>\n","protected":false},"excerpt":{"rendered":"<p>CONVOCATORIA PARA EL IX PREMIO IUACC A LA MEJOR TESIS DOCTORAL EN ARQUITECTURA Y CIENCIAS DE LA CONSTRUCCI\u00d3N LE\u00cdDA EN UNIVERSIDADES ESPA\u00d1OLAS En reuni\u00f3n virtual celebrada el lunes 20 de octubre de 2025,&nbsp;a trav\u00e9s de la plataforma Teams de la<\/p>\n","protected":false},"author":1,"featured_media":0,"parent":105,"menu_order":97,"comment_status":"closed","ping_status":"closed","template":"","meta":{"footnotes":""},"class_list":["post-253","page","type-page","status-publish","hentry"],"_links":{"self":[{"href":"http:\/\/institucional.us.es\/textosdoctorado\/index.php?rest_route=\/wp\/v2\/pages\/253","targetHints":{"allow":["GET"]}}],"collection":[{"href":"http:\/\/institucional.us.es\/textosdoctorado\/index.php?rest_route=\/wp\/v2\/pages"}],"about":[{"href":"http:\/\/institucional.us.es\/textosdoctorado\/index.php?rest_route=\/wp\/v2\/types\/page"}],"author":[{"embeddable":true,"href":"http:\/\/institucional.us.es\/textosdoctorado\/index.php?rest_route=\/wp\/v2\/users\/1"}],"replies":[{"embeddable":true,"href":"http:\/\/institucional.us.es\/textosdoctorado\/index.php?rest_route=%2Fwp%2Fv2%2Fcomments&post=253"}],"version-history":[{"count":7,"href":"http:\/\/institucional.us.es\/textosdoctorado\/index.php?rest_route=\/wp\/v2\/pages\/253\/revisions"}],"predecessor-version":[{"id":279,"href":"http:\/\/institucional.us.es\/textosdoctorado\/index.php?rest_route=\/wp\/v2\/pages\/253\/revisions\/279"}],"up":[{"embeddable":true,"href":"http:\/\/institucional.us.es\/textosdoctorado\/index.php?rest_route=\/wp\/v2\/pages\/105"}],"wp:attachment":[{"href":"http:\/\/institucional.us.es\/textosdoctorado\/index.php?rest_route=%2Fwp%2Fv2%2Fmedia&parent=253"}],"curies":[{"name":"wp","href":"https:\/\/api.w.org\/{rel}","templated":true}]}}