{"id":267,"date":"2025-11-13T10:17:35","date_gmt":"2025-11-13T09:17:35","guid":{"rendered":"http:\/\/institucional.us.es\/textosdoctorado\/?page_id=267"},"modified":"2025-12-11T17:51:42","modified_gmt":"2025-12-11T16:51:42","slug":"convocatoria-2025-relacion-de-tesis-premiadas-para-su-publicacion-en-un-libro-electronico-coeditado-por-el-iuacc-y-la-editorial-us","status":"publish","type":"page","link":"http:\/\/institucional.us.es\/textosdoctorado\/?page_id=267","title":{"rendered":"Convocatoria 2025 &#8211; Relaci\u00f3n de tesis premiadas para su publicaci\u00f3n en un libro electr\u00f3nico coeditado por el IUACC y la Editorial US"},"content":{"rendered":"\n<p><strong>CONVOCATORIA PARA EL IX PREMIO IUACC A LA MEJOR TESIS DOCTORAL EN ARQUITECTURA Y CIENCIAS DE LA CONSTRUCCI\u00d3N LE\u00cdDA EN UNIVERSIDADES ESPA\u00d1OLAS<\/strong><\/p>\n\n\n\n<figure class=\"wp-block-image alignfull\"><img decoding=\"async\" src=\"http:\/\/institucional.us.es\/textosdoctorado\/wp-content\/uploads\/2025\/02\/Premios-iuacc_baner-1024x341.jpg\" alt=\"\"\/><\/figure>\n\n\n\n<p>De conformidad con lo especificado en el <a href=\"https:\/\/institucional.us.es\/textosdoctorado\/?page_id=273\">anuncio publicado el 4 de noviembre de 2025 en la web de textos de doctorado<\/a> y de acuerdo con los principales objetivos del IUACC, la Oficina de Difusi\u00f3n y Publicaciones del Instituto, tras la reuni\u00f3n celebrada el 10 de noviembre, ha resuelto premiar 6 tesis m\u00e1s, adem\u00e1s de las 2 que han resultado ganadoras del concurso convocado por el IUACC, el pasado 10 de 2025, para premiar a la mejor tesis doctoral le\u00edda durante el a\u00f1o 2023\/2024 en nuestro<br>pa\u00eds. El premio consiste en la publicaci\u00f3n de su tesis en un libro electr\u00f3nico coeditado por la editorial de la Universidad de Sevilla y el IUACC, titulado <\/p>\n\n\n\n<blockquote class=\"wp-block-quote is-layout-flow wp-block-quote-is-layout-flow\">\n<p><em><strong>La Arquitectura como investigaci\u00f3n: Nuevos aportes de innovaci\u00f3n y transferencia desde las Universidades Espa\u00f1olas para la Colecci\u00f3n Textos de Doctorado del IUACC<\/strong><\/em><\/p>\n<\/blockquote>\n\n\n\n<p>Se hace constar que la decisi\u00f3n ha sido tomada con el prop\u00f3sito de que exista la m\u00e1xima representaci\u00f3n de todas las \u00e1reas de conocimiento que, de acuerdo a lo establecido en la orden UNI\/419\/2023, de 17 de abril, por la que se modifica el anexo I del Real Decreto 1312\/2007, de 5 de octubre, por el que se establece la acreditaci\u00f3n nacional para el acceso a los cuerpos docentes Universitarios, integran el \u00e1mbito acad\u00e9mico del Instituto. Que se pretende cumplir con nuestro deber como Instituto para con el fomento de la transferencia y difusi\u00f3n del conocimiento, y premiar a todas las tesis que siendo in\u00e9ditas (consultar criterios de evaluaci\u00f3n) han recibido las mejores valoraciones del Jurado.<br>Con base en lo descrito han resultado premiadas las siguientes:<\/p>\n\n\n\n<p>Tesis seleccionadas<\/p>\n\n\n\n<ul class=\"wp-block-list\">\n<li>Affonso Eduardo Reidy y los pabellones del Aterro do Flamengo: Experimentaciones en l\u00e1mina estructural de hormig\u00f3n armado [<em>Universitat Polit\u00e8cnica de Val\u00e8ncia<\/em>]<\/li>\n<\/ul>\n\n\n\n<ul class=\"wp-block-list\">\n<li>De Augusta Emerita a M\u00e9rida a trav\u00e9s de la Documentaci\u00f3n Gr\u00e1fica [<em>Universidad de Extremadura<\/em>]<\/li>\n<\/ul>\n\n\n\n<ul class=\"wp-block-list\">\n<li>Habitat \u00c9volutif [<em>Universitat Polit\u00e8cnica de Catalunya<\/em>]<\/li>\n<\/ul>\n\n\n\n<ul class=\"wp-block-list\">\n<li>Los muros mixtos de madera en Espa\u00f1a: Estudio de una t\u00e9cnica tradicional para su puesta en valor y conservaci\u00f3n [<em>Universitat Polit\u00e8cnica de Val\u00e8ncia<\/em>]<\/li>\n<\/ul>\n\n\n\n<ul class=\"wp-block-list\">\n<li>Pasajes arquitect\u00f3nicos. La vivienda en el cine de Estado de Espa\u00f1a y Portugal (1938\u20131975) [<em>Universidad de Valladolid<\/em>]<\/li>\n<\/ul>\n\n\n\n<ul class=\"wp-block-list\">\n<li>Pol\u00edgonos de vivienda y periferias ordinarias: revisitando dos formas de crecimiento urbano. Exploraciones cartogr\u00e1ficas de diez pol\u00edgonos de vivienda y sus periferias ordinarias en Zaragoza [<em>Universidad de Zaragoza<\/em>]<\/li>\n<\/ul>\n\n\n\n<p>Adem\u00e1s, se pone de manifiesto que todo el procedimiento se ha realizado con el visto bueno de la Directora del Instituto.<br>Y para que conste la firman las coordinadoras de la Oficina de Difusi\u00f3n y Publicaciones del IUACC, y la directora del Instituto: Carmen de Tom\u00e1s Medina, como coordinadora, Gloria Rivero Lamela, como secretaria, y con el visto bueno de la directora del IUACC, Pilar Mercader Moyano.<\/p>\n\n\n\n<p>&#8211;     Descargar <a href=\"https:\/\/hdvirtual.us.es\/discovirt\/index.php\/s\/2nrg7jQNokadgcd\">acta<\/a><\/p>\n\n\n\n<p>&#8211;     Descargar <a href=\"https:\/\/hdvirtual.us.es\/discovirt\/index.php\/s\/HedAzE9pfEox7iF\">correcci\u00f3n de errores formales en el acta<\/a><\/p>\n\n\n\n<p>Sevilla, 11 de noviembre de 2025<\/p>\n","protected":false},"excerpt":{"rendered":"<p>CONVOCATORIA PARA EL IX PREMIO IUACC A LA MEJOR TESIS DOCTORAL EN ARQUITECTURA Y CIENCIAS DE LA CONSTRUCCI\u00d3N LE\u00cdDA EN UNIVERSIDADES ESPA\u00d1OLAS De conformidad con lo especificado en el anuncio publicado el 4 de noviembre de 2025 en la web<\/p>\n","protected":false},"author":1,"featured_media":0,"parent":105,"menu_order":94,"comment_status":"closed","ping_status":"closed","template":"","meta":{"footnotes":""},"class_list":["post-267","page","type-page","status-publish","hentry"],"_links":{"self":[{"href":"http:\/\/institucional.us.es\/textosdoctorado\/index.php?rest_route=\/wp\/v2\/pages\/267","targetHints":{"allow":["GET"]}}],"collection":[{"href":"http:\/\/institucional.us.es\/textosdoctorado\/index.php?rest_route=\/wp\/v2\/pages"}],"about":[{"href":"http:\/\/institucional.us.es\/textosdoctorado\/index.php?rest_route=\/wp\/v2\/types\/page"}],"author":[{"embeddable":true,"href":"http:\/\/institucional.us.es\/textosdoctorado\/index.php?rest_route=\/wp\/v2\/users\/1"}],"replies":[{"embeddable":true,"href":"http:\/\/institucional.us.es\/textosdoctorado\/index.php?rest_route=%2Fwp%2Fv2%2Fcomments&post=267"}],"version-history":[{"count":9,"href":"http:\/\/institucional.us.es\/textosdoctorado\/index.php?rest_route=\/wp\/v2\/pages\/267\/revisions"}],"predecessor-version":[{"id":284,"href":"http:\/\/institucional.us.es\/textosdoctorado\/index.php?rest_route=\/wp\/v2\/pages\/267\/revisions\/284"}],"up":[{"embeddable":true,"href":"http:\/\/institucional.us.es\/textosdoctorado\/index.php?rest_route=\/wp\/v2\/pages\/105"}],"wp:attachment":[{"href":"http:\/\/institucional.us.es\/textosdoctorado\/index.php?rest_route=%2Fwp%2Fv2%2Fmedia&parent=267"}],"curies":[{"name":"wp","href":"https:\/\/api.w.org\/{rel}","templated":true}]}}