{"id":273,"date":"2025-11-13T16:30:33","date_gmt":"2025-11-13T15:30:33","guid":{"rendered":"http:\/\/institucional.us.es\/textosdoctorado\/?page_id=273"},"modified":"2025-11-13T16:33:05","modified_gmt":"2025-11-13T15:33:05","slug":"convocatoria-2025-anuncio-de-publicacion-de-libro-electronico-coeditado-por-el-iuacc-y-la-editorial-us-con-tesis-premiadas","status":"publish","type":"page","link":"http:\/\/institucional.us.es\/textosdoctorado\/?page_id=273","title":{"rendered":"Convocatoria 2025 &#8211; Anuncio de publicaci\u00f3n de libro electr\u00f3nico coeditado por el IUACC y la Editorial US con tesis premiadas"},"content":{"rendered":"\n<p><strong>CONVOCATORIA PARA EL IX PREMIO IUACC A LA MEJOR TESIS DOCTORAL EN ARQUITECTURA Y CIENCIAS DE LA CONSTRUCCI\u00d3N LE\u00cdDA EN UNIVERSIDADES ESPA\u00d1OLAS<\/strong><\/p>\n\n\n\n<figure class=\"wp-block-image alignfull\"><img decoding=\"async\" src=\"http:\/\/institucional.us.es\/textosdoctorado\/wp-content\/uploads\/2025\/02\/Premios-iuacc_baner-1024x341.jpg\" alt=\"\"\/><\/figure>\n\n\n\n<p><strong><em><br><\/em>La oficina de difusi\u00f3n y publicaciones del IUACC anuncia que,\u00a0<\/strong>en virtud de los principales objetivos del Instituto, como la promoci\u00f3n, la difusi\u00f3n de actividades de investigaci\u00f3n, y la contribuci\u00f3n al desarrollo y la innovaci\u00f3n tecnol\u00f3gica en las \u00e1reas de Composici\u00f3n Arquitect\u00f3nica, Construcciones Arquitect\u00f3nicas<strong>,\u00a0<\/strong>Expresi\u00f3n Gr\u00e1fica arquitect\u00f3nica, Mec\u00e1nica de Medios Continuos y Teor\u00eda de Estructuras, Proyectos Arquitect\u00f3nicos, y Urban\u00edstica y Ordenaci\u00f3n del Territorio,<strong>\u00a0publicar\u00e1\u00a0pr\u00f3ximamente un listado con las tesis que, a pesar de no ser ganadoras o finalistas del concurso, han resultados elegidas para su publicaci\u00f3n en un libro electr\u00f3nico coeditado por la Universidad de Sevilla y el IUACC, y cuyo objeto ser\u00e1 contribuir a la innovaci\u00f3n y el fomento de la arquitectura desde cada una de las disciplinas citadas.<\/strong><\/p>\n\n\n\n<p>Esta edici\u00f3n se integrar\u00e1 bajo el t\u00edtulo:<\/p>\n\n\n\n<blockquote class=\"wp-block-quote is-layout-flow wp-block-quote-is-layout-flow\">\n<p><em><strong>La Arquitectura como investigaci\u00f3n: Nuevos aportes de innovaci\u00f3n y transferencia desde las Universidades Espa\u00f1olas para la Colecci\u00f3n Textos de Doctorado del IUACC<\/strong><\/em><\/p>\n<\/blockquote>\n\n\n\n<p>Sevilla, 4 de noviembre de 2025<\/p>\n\n\n\n<p><\/p>\n","protected":false},"excerpt":{"rendered":"<p>CONVOCATORIA PARA EL IX PREMIO IUACC A LA MEJOR TESIS DOCTORAL EN ARQUITECTURA Y CIENCIAS DE LA CONSTRUCCI\u00d3N LE\u00cdDA EN UNIVERSIDADES ESPA\u00d1OLAS La oficina de difusi\u00f3n y publicaciones del IUACC anuncia que,\u00a0en virtud de los principales objetivos del Instituto, como<\/p>\n","protected":false},"author":1,"featured_media":0,"parent":105,"menu_order":95,"comment_status":"closed","ping_status":"closed","template":"","meta":{"footnotes":""},"class_list":["post-273","page","type-page","status-publish","hentry"],"_links":{"self":[{"href":"http:\/\/institucional.us.es\/textosdoctorado\/index.php?rest_route=\/wp\/v2\/pages\/273","targetHints":{"allow":["GET"]}}],"collection":[{"href":"http:\/\/institucional.us.es\/textosdoctorado\/index.php?rest_route=\/wp\/v2\/pages"}],"about":[{"href":"http:\/\/institucional.us.es\/textosdoctorado\/index.php?rest_route=\/wp\/v2\/types\/page"}],"author":[{"embeddable":true,"href":"http:\/\/institucional.us.es\/textosdoctorado\/index.php?rest_route=\/wp\/v2\/users\/1"}],"replies":[{"embeddable":true,"href":"http:\/\/institucional.us.es\/textosdoctorado\/index.php?rest_route=%2Fwp%2Fv2%2Fcomments&post=273"}],"version-history":[{"count":3,"href":"http:\/\/institucional.us.es\/textosdoctorado\/index.php?rest_route=\/wp\/v2\/pages\/273\/revisions"}],"predecessor-version":[{"id":277,"href":"http:\/\/institucional.us.es\/textosdoctorado\/index.php?rest_route=\/wp\/v2\/pages\/273\/revisions\/277"}],"up":[{"embeddable":true,"href":"http:\/\/institucional.us.es\/textosdoctorado\/index.php?rest_route=\/wp\/v2\/pages\/105"}],"wp:attachment":[{"href":"http:\/\/institucional.us.es\/textosdoctorado\/index.php?rest_route=%2Fwp%2Fv2%2Fmedia&parent=273"}],"curies":[{"name":"wp","href":"https:\/\/api.w.org\/{rel}","templated":true}]}}