{"id":37,"date":"2025-02-27T00:57:59","date_gmt":"2025-02-26T23:57:59","guid":{"rendered":"http:\/\/institucional.us.es\/textosdoctorado\/?page_id=37"},"modified":"2025-02-27T02:58:33","modified_gmt":"2025-02-27T01:58:33","slug":"sobre-el-iuacc","status":"publish","type":"page","link":"http:\/\/institucional.us.es\/textosdoctorado\/?page_id=37","title":{"rendered":"Sobre el IUACC"},"content":{"rendered":"\n<p style=\"border-width:100px\">El&nbsp;<strong><a href=\"http:\/\/www.iucc.us.es\/index.php\/es\/\" data-type=\"link\" data-id=\"http:\/\/www.iucc.us.es\/index.php\/es\/\">Instituto Universitario de Arquitectura y Ciencias de la Construcci\u00f3n<\/a><\/strong>&nbsp;constituye un centro de investigaci\u00f3n y docencia del m\u00e1s alto nivel human\u00edstico, cient\u00edfico, t\u00e9cnico y de creaci\u00f3n art\u00edstica, que tiene como principales objetivos la planificaci\u00f3n, promoci\u00f3n, realizaci\u00f3n y difusi\u00f3n de actividades de investigaci\u00f3n, desarrollo e innovaci\u00f3n tecnol\u00f3gica en las \u00e1reas human\u00edsticas, cient\u00edficas, tecnol\u00f3gicas y de creaci\u00f3n art\u00edstica correspondientes a la Arquitectura, el Urbanismo y la Ordenaci\u00f3n del Territorio, el Medio Ambiente y las Ciencias de la Construcci\u00f3n. <\/p>\n\n\n\n<p style=\"border-width:10px\">Ser\u00e1, asimismo, un objetivo del citado instituto la formaci\u00f3n de personal especializado de alta cualificaci\u00f3n.<\/p>\n\n\n\n<figure class=\"wp-block-gallery has-nested-images columns-default is-cropped wp-block-gallery-1 is-layout-flex wp-block-gallery-is-layout-flex\">\n<figure class=\"wp-block-image alignfull size-large\"><img fetchpriority=\"high\" decoding=\"async\" width=\"1024\" height=\"341\" data-id=\"49\" src=\"http:\/\/institucional.us.es\/textosdoctorado\/wp-content\/uploads\/2025\/02\/iuacc-1024x341.jpg\" alt=\"\" class=\"wp-image-49\" srcset=\"http:\/\/institucional.us.es\/textosdoctorado\/wp-content\/uploads\/2025\/02\/iuacc-1024x341.jpg 1024w, http:\/\/institucional.us.es\/textosdoctorado\/wp-content\/uploads\/2025\/02\/iuacc-300x100.jpg 300w, http:\/\/institucional.us.es\/textosdoctorado\/wp-content\/uploads\/2025\/02\/iuacc-768x256.jpg 768w, http:\/\/institucional.us.es\/textosdoctorado\/wp-content\/uploads\/2025\/02\/iuacc.jpg 1500w\" sizes=\"(max-width: 1024px) 100vw, 1024px\" \/><\/figure>\n<\/figure>\n\n\n\n<p><\/p>\n\n\n\n<h2 class=\"wp-block-heading\"><a href=\"http:\/\/www.iucc.us.es\/index.php\/es\/el-instituto\/componentes\/equipo\">Equipo del IUACC<\/a><\/h2>\n\n\n\n<p>Instituto Universitario de Arquitectura y Ciencias de la Construcci\u00f3n:<br><a href=\"mailto:iuacc@us.es\">iuacc@us.es<\/a><\/p>\n\n\n\n<p><strong>Directora<\/strong><br>Mar\u00eda del Pilar Mercader Moyano<br><a href=\"mailto:iuaccdirectora@us.es\">iuaccdirectora@us.es<\/a><\/p>\n\n\n\n<p><strong>Secretario<\/strong><br>Miguel \u00c1ngel Campano Laborda<br><a href=\"mailto:iuaccsecretario@us.es\">iuaccsecretario@us.es<\/a><\/p>\n\n\n\n<p><strong>Gesti\u00f3n econ\u00f3mica<\/strong><br>Adelaida Cabello Cuenca<br><a href=\"mailto:iuaccgestion@us.es\">iuaccgestion@us.es<\/a><\/p>\n","protected":false},"excerpt":{"rendered":"<p>El&nbsp;Instituto Universitario de Arquitectura y Ciencias de la Construcci\u00f3n&nbsp;constituye un centro de investigaci\u00f3n y docencia del m\u00e1s alto nivel human\u00edstico, cient\u00edfico, t\u00e9cnico y de creaci\u00f3n art\u00edstica, que tiene como principales objetivos la planificaci\u00f3n, promoci\u00f3n, realizaci\u00f3n y difusi\u00f3n de actividades de<\/p>\n","protected":false},"author":1,"featured_media":0,"parent":0,"menu_order":0,"comment_status":"closed","ping_status":"closed","template":"","meta":{"footnotes":""},"class_list":["post-37","page","type-page","status-publish","hentry"],"_links":{"self":[{"href":"http:\/\/institucional.us.es\/textosdoctorado\/index.php?rest_route=\/wp\/v2\/pages\/37","targetHints":{"allow":["GET"]}}],"collection":[{"href":"http:\/\/institucional.us.es\/textosdoctorado\/index.php?rest_route=\/wp\/v2\/pages"}],"about":[{"href":"http:\/\/institucional.us.es\/textosdoctorado\/index.php?rest_route=\/wp\/v2\/types\/page"}],"author":[{"embeddable":true,"href":"http:\/\/institucional.us.es\/textosdoctorado\/index.php?rest_route=\/wp\/v2\/users\/1"}],"replies":[{"embeddable":true,"href":"http:\/\/institucional.us.es\/textosdoctorado\/index.php?rest_route=%2Fwp%2Fv2%2Fcomments&post=37"}],"version-history":[{"count":7,"href":"http:\/\/institucional.us.es\/textosdoctorado\/index.php?rest_route=\/wp\/v2\/pages\/37\/revisions"}],"predecessor-version":[{"id":125,"href":"http:\/\/institucional.us.es\/textosdoctorado\/index.php?rest_route=\/wp\/v2\/pages\/37\/revisions\/125"}],"wp:attachment":[{"href":"http:\/\/institucional.us.es\/textosdoctorado\/index.php?rest_route=%2Fwp%2Fv2%2Fmedia&parent=37"}],"curies":[{"name":"wp","href":"https:\/\/api.w.org\/{rel}","templated":true}]}}