{"id":96,"date":"2025-02-27T02:41:42","date_gmt":"2025-02-27T01:41:42","guid":{"rendered":"http:\/\/institucional.us.es\/textosdoctorado\/?page_id=96"},"modified":"2025-02-27T03:42:31","modified_gmt":"2025-02-27T02:42:31","slug":"sello-de-calidad","status":"publish","type":"page","link":"http:\/\/institucional.us.es\/textosdoctorado\/?page_id=96","title":{"rendered":"Sello de Calidad Cea-apQ"},"content":{"rendered":"\n<p>La\u00a0<strong>Colecci\u00f3n Arquitectura Textos de Doctorado<\/strong>, coeditada por el Instituto Universitario de Arquitectura y Ciencias de la Construcci\u00f3n (IUACC) y la\u00a0<a href=\"https:\/\/editorial.us.es\/es\/tienda_gem\/familia\/59\" target=\"_blank\" rel=\"noreferrer noopener\">Editorial Universidad de Sevilla<\/a>\u00a0(EUS) cuenta con el\u00a0<strong><a href=\"http:\/\/www.selloceaapq.es\/\" target=\"_blank\" rel=\"noreferrer noopener\">Sello de Calidad en Edici\u00f3n Acad\u00e9mica CEA-APQ<\/a><\/strong>, reconociendo tanto la calidad cient\u00edfica como la editorial, superando as\u00ed exigentes requisitos en relaci\u00f3n a calidad informativa, pol\u00edtica editorial, procesos editoriales, reputaci\u00f3n y prestigio.\u00a0A su vez este sello es avalado por la Agencia Nacional de Evaluaci\u00f3n de la Calidad y Acreditaci\u00f3n (ANECA) y la Fundaci\u00f3n Espa\u00f1ola para la Ciencia y la Tecnolog\u00eda (FECYT).<\/p>\n\n\n\n<p>Para conocer m\u00e1s sobre esta distinci\u00f3n visita la&nbsp;<a href=\"http:\/\/www.selloceaapq.es\/\">web<\/a>&nbsp;del Sello de Calidad en Edici\u00f3n acad\u00e9mica.<\/p>\n\n\n\n<figure class=\"wp-block-image aligncenter size-large is-resized\"><a href=\"http:\/\/www.selloceaapq.es\/\"><img fetchpriority=\"high\" decoding=\"async\" width=\"1024\" height=\"1024\" src=\"http:\/\/institucional.us.es\/textosdoctorado\/wp-content\/uploads\/2025\/02\/LogoSelloCalidad-1024x1024.jpg\" alt=\"\" class=\"wp-image-161\" style=\"width:408px;height:auto\" srcset=\"http:\/\/institucional.us.es\/textosdoctorado\/wp-content\/uploads\/2025\/02\/LogoSelloCalidad-1024x1024.jpg 1024w, http:\/\/institucional.us.es\/textosdoctorado\/wp-content\/uploads\/2025\/02\/LogoSelloCalidad-300x300.jpg 300w, http:\/\/institucional.us.es\/textosdoctorado\/wp-content\/uploads\/2025\/02\/LogoSelloCalidad-150x150.jpg 150w, http:\/\/institucional.us.es\/textosdoctorado\/wp-content\/uploads\/2025\/02\/LogoSelloCalidad-768x768.jpg 768w, http:\/\/institucional.us.es\/textosdoctorado\/wp-content\/uploads\/2025\/02\/LogoSelloCalidad-270x270.jpg 270w, http:\/\/institucional.us.es\/textosdoctorado\/wp-content\/uploads\/2025\/02\/LogoSelloCalidad-230x230.jpg 230w, http:\/\/institucional.us.es\/textosdoctorado\/wp-content\/uploads\/2025\/02\/LogoSelloCalidad.jpg 1182w\" sizes=\"(max-width: 1024px) 100vw, 1024px\" \/><\/a><\/figure>\n","protected":false},"excerpt":{"rendered":"<p>La\u00a0Colecci\u00f3n Arquitectura Textos de Doctorado, coeditada por el Instituto Universitario de Arquitectura y Ciencias de la Construcci\u00f3n (IUACC) y la\u00a0Editorial Universidad de Sevilla\u00a0(EUS) cuenta con el\u00a0Sello de Calidad en Edici\u00f3n Acad\u00e9mica CEA-APQ, reconociendo tanto la calidad cient\u00edfica como la editorial,<\/p>\n","protected":false},"author":1,"featured_media":0,"parent":0,"menu_order":0,"comment_status":"closed","ping_status":"closed","template":"","meta":{"footnotes":""},"class_list":["post-96","page","type-page","status-publish","hentry"],"_links":{"self":[{"href":"http:\/\/institucional.us.es\/textosdoctorado\/index.php?rest_route=\/wp\/v2\/pages\/96","targetHints":{"allow":["GET"]}}],"collection":[{"href":"http:\/\/institucional.us.es\/textosdoctorado\/index.php?rest_route=\/wp\/v2\/pages"}],"about":[{"href":"http:\/\/institucional.us.es\/textosdoctorado\/index.php?rest_route=\/wp\/v2\/types\/page"}],"author":[{"embeddable":true,"href":"http:\/\/institucional.us.es\/textosdoctorado\/index.php?rest_route=\/wp\/v2\/users\/1"}],"replies":[{"embeddable":true,"href":"http:\/\/institucional.us.es\/textosdoctorado\/index.php?rest_route=%2Fwp%2Fv2%2Fcomments&post=96"}],"version-history":[{"count":4,"href":"http:\/\/institucional.us.es\/textosdoctorado\/index.php?rest_route=\/wp\/v2\/pages\/96\/revisions"}],"predecessor-version":[{"id":165,"href":"http:\/\/institucional.us.es\/textosdoctorado\/index.php?rest_route=\/wp\/v2\/pages\/96\/revisions\/165"}],"wp:attachment":[{"href":"http:\/\/institucional.us.es\/textosdoctorado\/index.php?rest_route=%2Fwp%2Fv2%2Fmedia&parent=96"}],"curies":[{"name":"wp","href":"https:\/\/api.w.org\/{rel}","templated":true}]}}